{"id":15076,"date":"2024-03-20T18:00:14","date_gmt":"2024-03-20T15:00:14","guid":{"rendered":"https:\/\/edam.com.tr\/urun\/kaplumbaga-ve-kazlar\/"},"modified":"2026-01-02T00:16:52","modified_gmt":"2026-01-01T21:16:52","slug":"kaplumbaga-ve-kazlar","status":"publish","type":"product","link":"https:\/\/edam.com.tr\/en\/product\/kaplumbaga-ve-kazlar\/","title":{"rendered":"Kaplumba\u011fa ve Kazlar"},"content":{"rendered":"<p>Bir kaplumba\u011fa u\u00e7maya heveslenirse ne olur? Her \u015feyin bir yolu bulunur elbette. Yeter ki siz \u00e7\u00f6z\u00fcm aray\u0131n. Ama&#8230; Bu kaplumba\u011fa ya bir de gevezeyse&#8230; G\u00f6r\u00fcn bak\u0131n neler oluyor?<br \/>\nBu kitapla \u00e7ocuklar\u0131m\u0131z, keyifli bir macera e\u015fli\u011finde hedefe ula\u015fmak i\u00e7in neler yapmak gerekti\u011fine dair bilin\u00e7 geli\u015ftiriyorlar.<\/p>\n","protected":false},"excerpt":{"rendered":"<p>Bir kaplumba\u011fa u\u00e7maya heveslenirse ne olur? Her \u015feyin bir yolu&hellip;<\/p>\n<p> <a class=\"more-link\" href=\"https:\/\/edam.com.tr\/en\/product\/kaplumbaga-ve-kazlar\/\">Read more<\/a><\/p>\n","protected":false},"featured_media":12471,"comment_status":"open","ping_status":"closed","template":"","meta":{"_acf_changed":false},"product_brand":[],"product_cat":[427,437],"product_tag":[],"class_list":{"0":"post-15076","1":"product","2":"type-product","3":"status-publish","4":"has-post-thumbnail","6":"product_cat-childrens","7":"product_cat-fiction","8":"pa_katki-saglayan-andrea-petrlik-en","9":"pa_katki-saglayan-hatice-isilak-durmus-en","10":"pa_katki-saglayan-kasmir-huseinovic-en","11":"pa_katki-saglayan-neriman-karatekin-en","12":"pa_yas-gruplari-5-9-en","14":"first","15":"instock","16":"taxable","17":"shipping-taxable","18":"purchasable","19":"product-type-simple"},"acf":[],"_links":{"self":[{"href":"https:\/\/edam.com.tr\/en\/wp-json\/wp\/v2\/product\/15076","targetHints":{"allow":["GET"]}}],"collection":[{"href":"https:\/\/edam.com.tr\/en\/wp-json\/wp\/v2\/product"}],"about":[{"href":"https:\/\/edam.com.tr\/en\/wp-json\/wp\/v2\/types\/product"}],"replies":[{"embeddable":true,"href":"https:\/\/edam.com.tr\/en\/wp-json\/wp\/v2\/comments?post=15076"}],"wp:featuredmedia":[{"embeddable":true,"href":"https:\/\/edam.com.tr\/en\/wp-json\/wp\/v2\/media\/12471"}],"wp:attachment":[{"href":"https:\/\/edam.com.tr\/en\/wp-json\/wp\/v2\/media?parent=15076"}],"wp:term":[{"taxonomy":"product_brand","embeddable":true,"href":"https:\/\/edam.com.tr\/en\/wp-json\/wp\/v2\/product_brand?post=15076"},{"taxonomy":"product_cat","embeddable":true,"href":"https:\/\/edam.com.tr\/en\/wp-json\/wp\/v2\/product_cat?post=15076"},{"taxonomy":"product_tag","embeddable":true,"href":"https:\/\/edam.com.tr\/en\/wp-json\/wp\/v2\/product_tag?post=15076"}],"curies":[{"name":"wp","href":"https:\/\/api.w.org\/{rel}","templated":true}]}}