{"id":15075,"date":"2024-03-20T18:00:42","date_gmt":"2024-03-20T15:00:42","guid":{"rendered":"https:\/\/edam.com.tr\/urun\/kirmizi-baslikli-kiz\/"},"modified":"2026-01-02T00:16:52","modified_gmt":"2026-01-01T21:16:52","slug":"kirmizi-baslikli-kiz","status":"publish","type":"product","link":"https:\/\/edam.com.tr\/en\/product\/kirmizi-baslikli-kiz\/","title":{"rendered":"K\u0131rm\u0131z\u0131 Ba\u015fl\u0131kl\u0131 K\u0131z"},"content":{"rendered":"<p>K\u0131rm\u0131z\u0131 Ba\u015fl\u0131kl\u0131 K\u0131z, hain kurt, b\u00fcy\u00fckanne ve di\u011ferleri&#8230; Bildi\u011finiz kahramanlar\u0131n hepsi Andrea Pertlik&#8217;in \u00f6zg\u00fcn ve harika \u00e7izimleriyle bu kitapta.<\/p>\n","protected":false},"excerpt":{"rendered":"<p>K\u0131rm\u0131z\u0131 Ba\u015fl\u0131kl\u0131 K\u0131z, hain kurt, b\u00fcy\u00fckanne ve di\u011ferleri&#8230; Bildi\u011finiz kahramanlar\u0131n&hellip;<\/p>\n<p> <a class=\"more-link\" href=\"https:\/\/edam.com.tr\/en\/product\/kirmizi-baslikli-kiz\/\">Read more<\/a><\/p>\n","protected":false},"featured_media":12479,"comment_status":"open","ping_status":"closed","template":"","meta":{"_acf_changed":false},"product_brand":[],"product_cat":[427,437],"product_tag":[],"class_list":{"0":"post-15075","1":"product","2":"type-product","3":"status-publish","4":"has-post-thumbnail","6":"product_cat-childrens","7":"product_cat-fiction","8":"pa_katki-saglayan-andrea-petrlik-en","9":"pa_katki-saglayan-hatice-isilak-durmus-en","10":"pa_katki-saglayan-kasmir-huseinovic-en","11":"pa_katki-saglayan-neriman-karatekin-en","12":"pa_yas-gruplari-5-9-en","14":"first","15":"instock","16":"taxable","17":"shipping-taxable","18":"purchasable","19":"product-type-simple"},"acf":[],"_links":{"self":[{"href":"https:\/\/edam.com.tr\/en\/wp-json\/wp\/v2\/product\/15075","targetHints":{"allow":["GET"]}}],"collection":[{"href":"https:\/\/edam.com.tr\/en\/wp-json\/wp\/v2\/product"}],"about":[{"href":"https:\/\/edam.com.tr\/en\/wp-json\/wp\/v2\/types\/product"}],"replies":[{"embeddable":true,"href":"https:\/\/edam.com.tr\/en\/wp-json\/wp\/v2\/comments?post=15075"}],"wp:featuredmedia":[{"embeddable":true,"href":"https:\/\/edam.com.tr\/en\/wp-json\/wp\/v2\/media\/12479"}],"wp:attachment":[{"href":"https:\/\/edam.com.tr\/en\/wp-json\/wp\/v2\/media?parent=15075"}],"wp:term":[{"taxonomy":"product_brand","embeddable":true,"href":"https:\/\/edam.com.tr\/en\/wp-json\/wp\/v2\/product_brand?post=15075"},{"taxonomy":"product_cat","embeddable":true,"href":"https:\/\/edam.com.tr\/en\/wp-json\/wp\/v2\/product_cat?post=15075"},{"taxonomy":"product_tag","embeddable":true,"href":"https:\/\/edam.com.tr\/en\/wp-json\/wp\/v2\/product_tag?post=15075"}],"curies":[{"name":"wp","href":"https:\/\/api.w.org\/{rel}","templated":true}]}}