{"id":15074,"date":"2024-03-20T18:00:42","date_gmt":"2024-03-20T15:00:42","guid":{"rendered":"https:\/\/edam.com.tr\/urun\/pinokyo\/"},"modified":"2026-01-02T00:16:52","modified_gmt":"2026-01-01T21:16:52","slug":"pinokyo","status":"publish","type":"product","link":"https:\/\/edam.com.tr\/en\/product\/pinokyo\/","title":{"rendered":"Pinokyo"},"content":{"rendered":"<p>Pinokyo&#8217;nun hik\u00e2yesini bilmeyen yoktur. Hik\u00e2yeyi okurken heyecanl\u0131 bir maceran\u0131n e\u015fli\u011finde do\u011fru s\u00f6zl\u00fcl\u00fc\u011f\u00fcn \u00f6nemini kavrar \u00e7ocuklar\u0131m\u0131z. Bu kitapta klasik Pinokyo hik\u00e2yesinin \u00f6zg\u00fcn bir yorumuna son derece keyifli \u00e7izimler e\u015flik ediyor. Maceran\u0131n sonunda ise s\u00fcrpriz bir son bekliyor k\u00fc\u00e7\u00fck b\u00fcy\u00fck t\u00fcm okurlar\u0131.<\/p>\n","protected":false},"excerpt":{"rendered":"<p>Pinokyo&#8217;nun hik\u00e2yesini bilmeyen yoktur. Hik\u00e2yeyi okurken heyecanl\u0131 bir maceran\u0131n e\u015fli\u011finde&hellip;<\/p>\n<p> <a class=\"more-link\" href=\"https:\/\/edam.com.tr\/en\/product\/pinokyo\/\">Read more<\/a><\/p>\n","protected":false},"featured_media":12487,"comment_status":"open","ping_status":"closed","template":"","meta":{"_acf_changed":false},"product_brand":[],"product_cat":[427,437],"product_tag":[],"class_list":{"0":"post-15074","1":"product","2":"type-product","3":"status-publish","4":"has-post-thumbnail","6":"product_cat-childrens","7":"product_cat-fiction","8":"pa_katki-saglayan-andrea-petrlik-en","9":"pa_katki-saglayan-hatice-isilak-durmus-en","10":"pa_katki-saglayan-kasmir-huseinovic-en","11":"pa_katki-saglayan-neriman-karatekin-en","12":"pa_yas-gruplari-5-9-en","14":"first","15":"instock","16":"taxable","17":"shipping-taxable","18":"purchasable","19":"product-type-simple"},"acf":[],"_links":{"self":[{"href":"https:\/\/edam.com.tr\/en\/wp-json\/wp\/v2\/product\/15074","targetHints":{"allow":["GET"]}}],"collection":[{"href":"https:\/\/edam.com.tr\/en\/wp-json\/wp\/v2\/product"}],"about":[{"href":"https:\/\/edam.com.tr\/en\/wp-json\/wp\/v2\/types\/product"}],"replies":[{"embeddable":true,"href":"https:\/\/edam.com.tr\/en\/wp-json\/wp\/v2\/comments?post=15074"}],"wp:featuredmedia":[{"embeddable":true,"href":"https:\/\/edam.com.tr\/en\/wp-json\/wp\/v2\/media\/12487"}],"wp:attachment":[{"href":"https:\/\/edam.com.tr\/en\/wp-json\/wp\/v2\/media?parent=15074"}],"wp:term":[{"taxonomy":"product_brand","embeddable":true,"href":"https:\/\/edam.com.tr\/en\/wp-json\/wp\/v2\/product_brand?post=15074"},{"taxonomy":"product_cat","embeddable":true,"href":"https:\/\/edam.com.tr\/en\/wp-json\/wp\/v2\/product_cat?post=15074"},{"taxonomy":"product_tag","embeddable":true,"href":"https:\/\/edam.com.tr\/en\/wp-json\/wp\/v2\/product_tag?post=15074"}],"curies":[{"name":"wp","href":"https:\/\/api.w.org\/{rel}","templated":true}]}}