{"id":15066,"date":"2024-03-20T18:00:42","date_gmt":"2024-03-20T15:00:42","guid":{"rendered":"https:\/\/edam.com.tr\/urun\/40-hadis-40-cizgi-posterleri-set\/"},"modified":"2026-02-09T10:59:11","modified_gmt":"2026-02-09T07:59:11","slug":"40-hadis-40-cizgi-posterleri-set","status":"publish","type":"product","link":"https:\/\/edam.com.tr\/en\/product\/40-hadis-40-cizgi-posterleri-set\/","title":{"rendered":"40 Hadis 40 \u00c7izgi Posterleri (SET)"},"content":{"rendered":"<p>Hasan Ayc\u0131n&#8217;\u0131n imzas\u0131n\u0131 ta\u015f\u0131yan &#8220;40 Hadis 40 \u00c7izgi&#8221; kitab\u0131nda yer alan \u00e7izimlerinin tamam\u0131 bu set i\u00e7inde yer almaktad\u0131r. Her bir poster 50 cm x 70 cm ebatlar\u0131nda selefonludur.<\/p>\n","protected":false},"excerpt":{"rendered":"<p>Hasan Ayc\u0131n&#8217;\u0131n imzas\u0131n\u0131 ta\u015f\u0131yan &#8220;40 Hadis 40 \u00c7izgi&#8221; kitab\u0131nda yer&hellip;<\/p>\n<p> <a class=\"more-link\" href=\"https:\/\/edam.com.tr\/en\/product\/40-hadis-40-cizgi-posterleri-set\/\">Read more<\/a><\/p>\n","protected":false},"featured_media":12503,"comment_status":"open","ping_status":"closed","template":"","meta":{"_acf_changed":false},"product_brand":[],"product_cat":[489,443],"product_tag":[753],"class_list":{"0":"post-15066","1":"product","2":"type-product","3":"status-publish","4":"has-post-thumbnail","6":"product_cat-posters","7":"product_cat-stationary","8":"product_tag-hadis-en","9":"pa_katki-saglayan-hasan-aycin-en","10":"pa_yas-gruplari-general-audience","12":"first","13":"instock","14":"taxable","15":"shipping-taxable","16":"purchasable","17":"product-type-simple"},"acf":[],"_links":{"self":[{"href":"https:\/\/edam.com.tr\/en\/wp-json\/wp\/v2\/product\/15066","targetHints":{"allow":["GET"]}}],"collection":[{"href":"https:\/\/edam.com.tr\/en\/wp-json\/wp\/v2\/product"}],"about":[{"href":"https:\/\/edam.com.tr\/en\/wp-json\/wp\/v2\/types\/product"}],"replies":[{"embeddable":true,"href":"https:\/\/edam.com.tr\/en\/wp-json\/wp\/v2\/comments?post=15066"}],"wp:featuredmedia":[{"embeddable":true,"href":"https:\/\/edam.com.tr\/en\/wp-json\/wp\/v2\/media\/12503"}],"wp:attachment":[{"href":"https:\/\/edam.com.tr\/en\/wp-json\/wp\/v2\/media?parent=15066"}],"wp:term":[{"taxonomy":"product_brand","embeddable":true,"href":"https:\/\/edam.com.tr\/en\/wp-json\/wp\/v2\/product_brand?post=15066"},{"taxonomy":"product_cat","embeddable":true,"href":"https:\/\/edam.com.tr\/en\/wp-json\/wp\/v2\/product_cat?post=15066"},{"taxonomy":"product_tag","embeddable":true,"href":"https:\/\/edam.com.tr\/en\/wp-json\/wp\/v2\/product_tag?post=15066"}],"curies":[{"name":"wp","href":"https:\/\/api.w.org\/{rel}","templated":true}]}}