{"id":15062,"date":"2024-03-20T18:01:10","date_gmt":"2024-03-20T15:01:10","guid":{"rendered":"https:\/\/edam.com.tr\/urun\/peygamberimi-taniyorum-posterleri-5li-set\/"},"modified":"2026-01-02T00:16:50","modified_gmt":"2026-01-01T21:16:50","slug":"peygamberimi-taniyorum-posterleri-5li-set","status":"publish","type":"product","link":"https:\/\/edam.com.tr\/en\/product\/peygamberimi-taniyorum-posterleri-5li-set\/","title":{"rendered":"Peygamberimi Tan\u0131yorum Posterleri (5&#8217;li Set)"},"content":{"rendered":"<p>50 cm x 70 cm ebatlar\u0131nda 5 adet &#8220;Peygamberimi Tan\u0131yorum&#8221; posterleri<\/p>\n","protected":false},"excerpt":{"rendered":"<p>50 cm x 70 cm ebatlar\u0131nda 5 adet &#8220;Peygamberimi Tan\u0131yorum&#8221;&hellip;<\/p>\n<p> <a class=\"more-link\" href=\"https:\/\/edam.com.tr\/en\/product\/peygamberimi-taniyorum-posterleri-5li-set\/\">Read more<\/a><\/p>\n","protected":false},"featured_media":12511,"comment_status":"open","ping_status":"closed","template":"","meta":{"_acf_changed":false},"product_brand":[],"product_cat":[489,443],"product_tag":[748,749,750],"class_list":{"0":"post-15062","1":"product","2":"type-product","3":"status-publish","4":"has-post-thumbnail","6":"product_cat-posters","7":"product_cat-stationary","8":"product_tag-hz-muhammed-en","9":"product_tag-peygamber-en","10":"product_tag-siyer-en","11":"pa_katki-saglayan-komisyon-en","12":"pa_yas-gruplari-7-12-en","14":"first","15":"instock","16":"taxable","17":"shipping-taxable","18":"purchasable","19":"product-type-simple"},"acf":[],"_links":{"self":[{"href":"https:\/\/edam.com.tr\/en\/wp-json\/wp\/v2\/product\/15062","targetHints":{"allow":["GET"]}}],"collection":[{"href":"https:\/\/edam.com.tr\/en\/wp-json\/wp\/v2\/product"}],"about":[{"href":"https:\/\/edam.com.tr\/en\/wp-json\/wp\/v2\/types\/product"}],"replies":[{"embeddable":true,"href":"https:\/\/edam.com.tr\/en\/wp-json\/wp\/v2\/comments?post=15062"}],"wp:featuredmedia":[{"embeddable":true,"href":"https:\/\/edam.com.tr\/en\/wp-json\/wp\/v2\/media\/12511"}],"wp:attachment":[{"href":"https:\/\/edam.com.tr\/en\/wp-json\/wp\/v2\/media?parent=15062"}],"wp:term":[{"taxonomy":"product_brand","embeddable":true,"href":"https:\/\/edam.com.tr\/en\/wp-json\/wp\/v2\/product_brand?post=15062"},{"taxonomy":"product_cat","embeddable":true,"href":"https:\/\/edam.com.tr\/en\/wp-json\/wp\/v2\/product_cat?post=15062"},{"taxonomy":"product_tag","embeddable":true,"href":"https:\/\/edam.com.tr\/en\/wp-json\/wp\/v2\/product_tag?post=15062"}],"curies":[{"name":"wp","href":"https:\/\/api.w.org\/{rel}","templated":true}]}}