{"id":15056,"date":"2024-03-20T18:01:10","date_gmt":"2024-03-20T15:01:10","guid":{"rendered":"https:\/\/edam.com.tr\/urun\/esrarengiz-bahce-sanatci-versiyonu\/"},"modified":"2026-01-02T00:16:50","modified_gmt":"2026-01-01T21:16:50","slug":"esrarengiz-bahce-sanatci-versiyonu","status":"publish","type":"product","link":"https:\/\/edam.com.tr\/en\/product\/esrarengiz-bahce-sanatci-versiyonu\/","title":{"rendered":"Esrarengiz Bah\u00e7e Sanat\u00e7\u0131 Versiyonu"},"content":{"rendered":"<p>Johanna Basford\u2019un du\u0308nya \u00e7ap\u0131nda ses getiren Esrarengiz Bah\u00e7e kitab\u0131ndan se\u00e7ilen en popu\u0308ler 20 \u00e7izim, zarar g\u00f6rmeden kopar\u0131lmaya uygun cildi ve yu\u0308ksek kaliteli k\u00e2\u011f\u0131d\u0131 ile bu kitapta bir araya getirildi. Zevkinize g\u00f6re boyan\u0131p \u00e7er\u00e7evelenmeye haz\u0131r&#8230; Boya, kopar, \u00e7er\u00e7evele!<\/p>\n<div class=\"video-container\"><iframe title=\"YouTube video\" src=\"https:\/\/www.youtube.com\/embed\/D4tAHqAd9AE?rel=0\" allowfullscreen=\"allowfullscreen\"><\/iframe><\/div>\n","protected":false},"excerpt":{"rendered":"<p>Johanna Basford\u2019un du\u0308nya \u00e7ap\u0131nda ses getiren Esrarengiz Bah\u00e7e kitab\u0131ndan se\u00e7ilen&hellip;<\/p>\n<p> <a class=\"more-link\" href=\"https:\/\/edam.com.tr\/en\/product\/esrarengiz-bahce-sanatci-versiyonu\/\">Read more<\/a><\/p>\n","protected":false},"featured_media":12513,"comment_status":"open","ping_status":"closed","template":"","meta":{"_acf_changed":false},"product_brand":[],"product_cat":[432,431,430],"product_tag":[703,736],"class_list":{"0":"post-15056","1":"product","2":"type-product","3":"status-publish","4":"has-post-thumbnail","6":"product_cat-coloring-for-adults","7":"product_cat-hobby","8":"product_cat-nonfiction","9":"product_tag-boyama-en","10":"product_tag-bulmaca-en","11":"pa_katki-saglayan-johanna-basford-en","12":"pa_katki-saglayan-zeynep-alp-en","13":"pa_yas-gruplari-13-plus","14":"pa_yas-gruplari-7-12-en","15":"pa_yas-gruplari-general-audience","17":"first","18":"instock","19":"taxable","20":"shipping-taxable","21":"purchasable","22":"product-type-simple"},"acf":[],"_links":{"self":[{"href":"https:\/\/edam.com.tr\/en\/wp-json\/wp\/v2\/product\/15056","targetHints":{"allow":["GET"]}}],"collection":[{"href":"https:\/\/edam.com.tr\/en\/wp-json\/wp\/v2\/product"}],"about":[{"href":"https:\/\/edam.com.tr\/en\/wp-json\/wp\/v2\/types\/product"}],"replies":[{"embeddable":true,"href":"https:\/\/edam.com.tr\/en\/wp-json\/wp\/v2\/comments?post=15056"}],"wp:featuredmedia":[{"embeddable":true,"href":"https:\/\/edam.com.tr\/en\/wp-json\/wp\/v2\/media\/12513"}],"wp:attachment":[{"href":"https:\/\/edam.com.tr\/en\/wp-json\/wp\/v2\/media?parent=15056"}],"wp:term":[{"taxonomy":"product_brand","embeddable":true,"href":"https:\/\/edam.com.tr\/en\/wp-json\/wp\/v2\/product_brand?post=15056"},{"taxonomy":"product_cat","embeddable":true,"href":"https:\/\/edam.com.tr\/en\/wp-json\/wp\/v2\/product_cat?post=15056"},{"taxonomy":"product_tag","embeddable":true,"href":"https:\/\/edam.com.tr\/en\/wp-json\/wp\/v2\/product_tag?post=15056"}],"curies":[{"name":"wp","href":"https:\/\/api.w.org\/{rel}","templated":true}]}}