{"id":15055,"date":"2024-03-20T18:01:11","date_gmt":"2024-03-20T15:01:11","guid":{"rendered":"https:\/\/edam.com.tr\/urun\/esrarengiz-bahce-kartpostal-kitabi-20-adet-kartpostal\/"},"modified":"2026-01-02T00:16:50","modified_gmt":"2026-01-01T21:16:50","slug":"esrarengiz-bahce-kartpostal-kitabi-20-adet-kartpostal","status":"publish","type":"product","link":"https:\/\/edam.com.tr\/en\/product\/esrarengiz-bahce-kartpostal-kitabi-20-adet-kartpostal\/","title":{"rendered":"Esrarengiz Bah\u00e7e Kartpostal Kitab\u0131 (20 Adet Kartpostal)"},"content":{"rendered":"<p>T\u00fcm d\u00fcnyada bir furyaya neden olan Esrarengiz Bah\u00e7e boyama kitab\u0131n\u0131n i\u00e7inden se\u00e7ilmi\u015f pop\u00fcler desenlerden olu\u015fan bir kartpostal kitab\u0131\u2026 Esrarengiz Bah\u00e7e boyama kitab\u0131n\u0131 kendiniz i\u00e7in boyarken mini versiyonu olan kartpostal kitab\u0131n\u0131 ise sevdikleriniz i\u00e7in boyayabilirsiniz. Kitab\u0131n sayfalar\u0131 bozulmadan kopar\u0131lmaya uygun olarak tasarlanm\u0131\u015ft\u0131r.<\/p>\n","protected":false},"excerpt":{"rendered":"<p>T\u00fcm d\u00fcnyada bir furyaya neden olan Esrarengiz Bah\u00e7e boyama kitab\u0131n\u0131n&hellip;<\/p>\n<p> <a class=\"more-link\" href=\"https:\/\/edam.com.tr\/en\/product\/esrarengiz-bahce-kartpostal-kitabi-20-adet-kartpostal\/\">Read more<\/a><\/p>\n","protected":false},"featured_media":12523,"comment_status":"open","ping_status":"closed","template":"","meta":{"_acf_changed":false},"product_brand":[],"product_cat":[432,431,430],"product_tag":[747],"class_list":{"0":"post-15055","1":"product","2":"type-product","3":"status-publish","4":"has-post-thumbnail","6":"product_cat-coloring-for-adults","7":"product_cat-hobby","8":"product_cat-nonfiction","9":"product_tag-kartpostal-boyama-en","10":"pa_katki-saglayan-johanna-basford-en","11":"pa_katki-saglayan-zeynep-alp-en","12":"pa_yas-gruplari-general-audience","14":"first","15":"instock","16":"taxable","17":"shipping-taxable","18":"purchasable","19":"product-type-simple"},"acf":[],"_links":{"self":[{"href":"https:\/\/edam.com.tr\/en\/wp-json\/wp\/v2\/product\/15055","targetHints":{"allow":["GET"]}}],"collection":[{"href":"https:\/\/edam.com.tr\/en\/wp-json\/wp\/v2\/product"}],"about":[{"href":"https:\/\/edam.com.tr\/en\/wp-json\/wp\/v2\/types\/product"}],"replies":[{"embeddable":true,"href":"https:\/\/edam.com.tr\/en\/wp-json\/wp\/v2\/comments?post=15055"}],"wp:featuredmedia":[{"embeddable":true,"href":"https:\/\/edam.com.tr\/en\/wp-json\/wp\/v2\/media\/12523"}],"wp:attachment":[{"href":"https:\/\/edam.com.tr\/en\/wp-json\/wp\/v2\/media?parent=15055"}],"wp:term":[{"taxonomy":"product_brand","embeddable":true,"href":"https:\/\/edam.com.tr\/en\/wp-json\/wp\/v2\/product_brand?post=15055"},{"taxonomy":"product_cat","embeddable":true,"href":"https:\/\/edam.com.tr\/en\/wp-json\/wp\/v2\/product_cat?post=15055"},{"taxonomy":"product_tag","embeddable":true,"href":"https:\/\/edam.com.tr\/en\/wp-json\/wp\/v2\/product_tag?post=15055"}],"curies":[{"name":"wp","href":"https:\/\/api.w.org\/{rel}","templated":true}]}}