{"id":15054,"date":"2024-03-20T18:01:11","date_gmt":"2024-03-20T15:01:11","guid":{"rendered":"https:\/\/edam.com.tr\/urun\/gizemli-orman\/"},"modified":"2026-01-02T00:16:50","modified_gmt":"2026-01-01T21:16:50","slug":"gizemli-orman","status":"publish","type":"product","link":"https:\/\/edam.com.tr\/en\/product\/gizemli-orman\/","title":{"rendered":"Gizemli Orman"},"content":{"rendered":"<p>Bu kitap, i\u00e7indeki sanat\u00e7\u0131y\u0131 ortaya \u00e7\u0131kartmak isteyenler i\u00e7in yepyeni bir deneyim sunuyor. Gizemli bir orman\u0131n i\u00e7erisinde ge\u00e7en ser\u00fcvenin her sayfas\u0131 s\u00fcrprizlerle dolu! Desenlerin aralar\u0131na gizlenmi\u015f yarat\u0131klar ve boyaseverlerin bulmas\u0131 gereken tabletler kitaba ayr\u0131 bir heyecan kat\u0131yor. As\u0131l s\u00fcrpriz ise kitab\u0131n sonundaki \u015fatoda gizli\u2026<\/p>\n<div class=\"video-container\"><iframe title=\"YouTube video\" src=\"https:\/\/www.youtube.com\/embed\/jlXk7sITujE?rel=0\" allowfullscreen=\"allowfullscreen\"><\/iframe><\/div>\n","protected":false},"excerpt":{"rendered":"<p>Bu kitap, i\u00e7indeki sanat\u00e7\u0131y\u0131 ortaya \u00e7\u0131kartmak isteyenler i\u00e7in yepyeni bir&hellip;<\/p>\n<p> <a class=\"more-link\" href=\"https:\/\/edam.com.tr\/en\/product\/gizemli-orman\/\">Read more<\/a><\/p>\n","protected":false},"featured_media":12531,"comment_status":"open","ping_status":"closed","template":"","meta":{"_acf_changed":false},"product_brand":[],"product_cat":[432,431,430],"product_tag":[],"class_list":{"0":"post-15054","1":"product","2":"type-product","3":"status-publish","4":"has-post-thumbnail","6":"product_cat-coloring-for-adults","7":"product_cat-hobby","8":"product_cat-nonfiction","9":"pa_katki-saglayan-johanna-basford-en","10":"pa_katki-saglayan-zeynep-alp-en","11":"pa_yas-gruplari-general-audience","13":"first","14":"instock","15":"taxable","16":"shipping-taxable","17":"purchasable","18":"product-type-simple"},"acf":[],"_links":{"self":[{"href":"https:\/\/edam.com.tr\/en\/wp-json\/wp\/v2\/product\/15054","targetHints":{"allow":["GET"]}}],"collection":[{"href":"https:\/\/edam.com.tr\/en\/wp-json\/wp\/v2\/product"}],"about":[{"href":"https:\/\/edam.com.tr\/en\/wp-json\/wp\/v2\/types\/product"}],"replies":[{"embeddable":true,"href":"https:\/\/edam.com.tr\/en\/wp-json\/wp\/v2\/comments?post=15054"}],"wp:featuredmedia":[{"embeddable":true,"href":"https:\/\/edam.com.tr\/en\/wp-json\/wp\/v2\/media\/12531"}],"wp:attachment":[{"href":"https:\/\/edam.com.tr\/en\/wp-json\/wp\/v2\/media?parent=15054"}],"wp:term":[{"taxonomy":"product_brand","embeddable":true,"href":"https:\/\/edam.com.tr\/en\/wp-json\/wp\/v2\/product_brand?post=15054"},{"taxonomy":"product_cat","embeddable":true,"href":"https:\/\/edam.com.tr\/en\/wp-json\/wp\/v2\/product_cat?post=15054"},{"taxonomy":"product_tag","embeddable":true,"href":"https:\/\/edam.com.tr\/en\/wp-json\/wp\/v2\/product_tag?post=15054"}],"curies":[{"name":"wp","href":"https:\/\/api.w.org\/{rel}","templated":true}]}}