{"id":15053,"date":"2024-03-20T18:01:39","date_gmt":"2024-03-20T15:01:39","guid":{"rendered":"https:\/\/edam.com.tr\/urun\/esrarengiz-bahce\/"},"modified":"2026-01-02T00:16:50","modified_gmt":"2026-01-01T21:16:50","slug":"esrarengiz-bahce","status":"publish","type":"product","link":"https:\/\/edam.com.tr\/en\/product\/esrarengiz-bahce\/","title":{"rendered":"Esrarengiz Bah\u00e7e"},"content":{"rendered":"<p>M\u00fcrekkep a\u015f\u0131\u011f\u0131 olan Johanna Basford\u2019un \u0130sko\u00e7ya k\u0131rsal\u0131ndaki evini \u00e7evreleyen bitki \u00f6rt\u00fcs\u00fcnden ve canl\u0131 ya\u015famdan ilham alarak yapt\u0131\u011f\u0131 \u00e7al\u0131\u015fmalar\u0131 yo\u011fun bir el eme\u011finin \u00fcr\u00fcn\u00fc&#8230;<\/p>\n<p>\u0130nce ince bezenmi\u015f, ola\u011fan\u00fcst\u00fc ayr\u0131nt\u0131larla dantel gibi \u00f6r\u00fclm\u00fc\u015f &#8220;Esrarengiz Bah\u00e7e&#8221;mizin m\u00fcrekkepten kurulu d\u00fcnyas\u0131ndaki keyifli yolculukta kitaptaki her \u015fey sizin ellerinizle renklendirilip hayata kavu\u015fturulmay\u0131 bekliyor. Ayr\u0131ca k\u0131y\u0131da k\u00f6\u015fede saklanm\u0131\u015f, sobelenmeyi bekleyen bir s\u00fcr\u00fc k\u00fc\u00e7\u00fck yarat\u0131k var burada. Durun, daha bitmedi! Ancak sizin tamamlayabilece\u011finiz bah\u00e7e b\u00f6l\u00fcmleri de var.<\/p>\n<div class=\"video-container\"><iframe title=\"YouTube video\" src=\"https:\/\/www.youtube.com\/embed\/D4tAHqAd9AE?rel=0\" allowfullscreen=\"allowfullscreen\"><\/iframe><\/div>\n","protected":false},"excerpt":{"rendered":"<p>M\u00fcrekkep a\u015f\u0131\u011f\u0131 olan Johanna Basford\u2019un \u0130sko\u00e7ya k\u0131rsal\u0131ndaki evini \u00e7evreleyen bitki&hellip;<\/p>\n<p> <a class=\"more-link\" href=\"https:\/\/edam.com.tr\/en\/product\/esrarengiz-bahce\/\">Read more<\/a><\/p>\n","protected":false},"featured_media":12543,"comment_status":"open","ping_status":"closed","template":"","meta":{"_acf_changed":false},"product_brand":[],"product_cat":[432,431,430],"product_tag":[703,701],"class_list":{"0":"post-15053","1":"product","2":"type-product","3":"status-publish","4":"has-post-thumbnail","6":"product_cat-coloring-for-adults","7":"product_cat-hobby","8":"product_cat-nonfiction","9":"product_tag-boyama-en","10":"product_tag-her-yas-icin-boyama-en","11":"pa_katki-saglayan-johanna-basford-en","12":"pa_katki-saglayan-zeynep-alp-en","13":"pa_yas-gruplari-general-audience","15":"first","16":"instock","17":"taxable","18":"shipping-taxable","19":"purchasable","20":"product-type-simple"},"acf":[],"_links":{"self":[{"href":"https:\/\/edam.com.tr\/en\/wp-json\/wp\/v2\/product\/15053","targetHints":{"allow":["GET"]}}],"collection":[{"href":"https:\/\/edam.com.tr\/en\/wp-json\/wp\/v2\/product"}],"about":[{"href":"https:\/\/edam.com.tr\/en\/wp-json\/wp\/v2\/types\/product"}],"replies":[{"embeddable":true,"href":"https:\/\/edam.com.tr\/en\/wp-json\/wp\/v2\/comments?post=15053"}],"wp:featuredmedia":[{"embeddable":true,"href":"https:\/\/edam.com.tr\/en\/wp-json\/wp\/v2\/media\/12543"}],"wp:attachment":[{"href":"https:\/\/edam.com.tr\/en\/wp-json\/wp\/v2\/media?parent=15053"}],"wp:term":[{"taxonomy":"product_brand","embeddable":true,"href":"https:\/\/edam.com.tr\/en\/wp-json\/wp\/v2\/product_brand?post=15053"},{"taxonomy":"product_cat","embeddable":true,"href":"https:\/\/edam.com.tr\/en\/wp-json\/wp\/v2\/product_cat?post=15053"},{"taxonomy":"product_tag","embeddable":true,"href":"https:\/\/edam.com.tr\/en\/wp-json\/wp\/v2\/product_tag?post=15053"}],"curies":[{"name":"wp","href":"https:\/\/api.w.org\/{rel}","templated":true}]}}