{"id":15052,"date":"2024-03-20T18:01:40","date_gmt":"2024-03-20T15:01:40","guid":{"rendered":"https:\/\/edam.com.tr\/urun\/genc-marangoz\/"},"modified":"2026-01-02T00:16:50","modified_gmt":"2026-01-01T21:16:50","slug":"genc-marangoz","status":"publish","type":"product","link":"https:\/\/edam.com.tr\/en\/product\/genc-marangoz\/","title":{"rendered":"Gen\u00e7 Marangoz"},"content":{"rendered":"<p>Gen\u00e7 Marangoz, gen\u00e7leri ve \u00e7ocuklar\u0131 ah\u015fapla u\u011fra\u015fmaya davet ediyor. Onlar\u0131 ellerine belki de hi\u00e7 almad\u0131klar\u0131 z\u0131mpara, \u00e7eki\u00e7, \u00e7ivi ve testereyle tan\u0131\u015fmaya; keserek, yap\u0131\u015ft\u0131rarak, monte ederek, dahas\u0131 i\u015fleyerek ah\u015faba hayat vermeye davet ediyor. Tecr\u00fcbenin rehberli\u011finde el eme\u011fiyle yo\u011furulmu\u015f ve estetikle ta\u00e7land\u0131r\u0131lm\u0131\u015f oyuncaklar ve objeler \u00fcretmeye davet ediyor.<\/p>\n<p>Beceri temelli e\u011fitim anlay\u0131\u015f\u0131yla yola \u00e7\u0131kan Gen\u00e7 Marangoz&#8217;un hedefleri aras\u0131nda \u00e7ocuklar\u0131 matematik okuryazarl\u0131\u011f\u0131, y\u00f6nerge okuryazarl\u0131\u011f\u0131, g\u00f6zlem, deneme ve yeni fikirler ortaya koyup fikirlerini hayata ge\u00e7irme gibi konularda desteklemek de bulunuyor.<\/p>\n<p>B\u00fcy\u00fck bir titizlikle haz\u0131rlanan ara\u00e7 gere\u00e7 listeleri, y\u00f6nergeler ve \u00e7izimler sayesinde \u00e7ok basamakl\u0131 i\u015flemleri karma\u015fadan uzak, kolay anla\u015f\u0131l\u0131r ve uygulan\u0131r hale getiren bu kitap, e\u011fitimcilerin de ilgisini \u00e7ekecek.<\/p>\n<p>Marangoz adaylar\u0131n\u0131n yeni rehberi, onlara yol g\u00f6sterecek bir eser&#8230;<\/p>\n","protected":false},"excerpt":{"rendered":"<p>Gen\u00e7 Marangoz, gen\u00e7leri ve \u00e7ocuklar\u0131 ah\u015fapla u\u011fra\u015fmaya davet ediyor. Onlar\u0131&hellip;<\/p>\n<p> <a class=\"more-link\" href=\"https:\/\/edam.com.tr\/en\/product\/genc-marangoz\/\">Read more<\/a><\/p>\n","protected":false},"featured_media":12557,"comment_status":"open","ping_status":"closed","template":"","meta":{"_acf_changed":false},"product_brand":[],"product_cat":[487,465],"product_tag":[745,746],"class_list":{"0":"post-15052","1":"product","2":"type-product","3":"status-publish","4":"has-post-thumbnail","6":"product_cat-hobby-ya","7":"product_cat-ya","8":"product_tag-ahsap-en","9":"product_tag-marangoz-en","10":"pa_katki-saglayan-ahmet-karatas-en","11":"pa_katki-saglayan-dursun-sunar-en","12":"pa_yas-gruplari-13-plus","14":"first","15":"instock","16":"taxable","17":"shipping-taxable","18":"purchasable","19":"product-type-simple"},"acf":[],"_links":{"self":[{"href":"https:\/\/edam.com.tr\/en\/wp-json\/wp\/v2\/product\/15052","targetHints":{"allow":["GET"]}}],"collection":[{"href":"https:\/\/edam.com.tr\/en\/wp-json\/wp\/v2\/product"}],"about":[{"href":"https:\/\/edam.com.tr\/en\/wp-json\/wp\/v2\/types\/product"}],"replies":[{"embeddable":true,"href":"https:\/\/edam.com.tr\/en\/wp-json\/wp\/v2\/comments?post=15052"}],"wp:featuredmedia":[{"embeddable":true,"href":"https:\/\/edam.com.tr\/en\/wp-json\/wp\/v2\/media\/12557"}],"wp:attachment":[{"href":"https:\/\/edam.com.tr\/en\/wp-json\/wp\/v2\/media?parent=15052"}],"wp:term":[{"taxonomy":"product_brand","embeddable":true,"href":"https:\/\/edam.com.tr\/en\/wp-json\/wp\/v2\/product_brand?post=15052"},{"taxonomy":"product_cat","embeddable":true,"href":"https:\/\/edam.com.tr\/en\/wp-json\/wp\/v2\/product_cat?post=15052"},{"taxonomy":"product_tag","embeddable":true,"href":"https:\/\/edam.com.tr\/en\/wp-json\/wp\/v2\/product_tag?post=15052"}],"curies":[{"name":"wp","href":"https:\/\/api.w.org\/{rel}","templated":true}]}}