{"id":15051,"date":"2024-03-20T18:01:40","date_gmt":"2024-03-20T15:01:40","guid":{"rendered":"https:\/\/edam.com.tr\/urun\/bu-bir-boyama-kitabidir\/"},"modified":"2026-01-02T00:16:50","modified_gmt":"2026-01-01T21:16:50","slug":"bu-bir-boyama-kitabidir","status":"publish","type":"product","link":"https:\/\/edam.com.tr\/en\/product\/bu-bir-boyama-kitabidir\/","title":{"rendered":"Bu Bir Boyama Kitab\u0131d\u0131r"},"content":{"rendered":"<p>Vi\u015fnenin rengi her zaman k\u0131rm\u0131z\u0131 m\u0131 olur? Peki ya G\u00fcne\u015f? G\u00fcne\u015f\u2019e ba\u015fka hangi renk yak\u0131\u015f\u0131r? Kitaptaki mutlu insanlar\u0131 hangi renklerle boyamak istersin?<\/p>\n<p>\u00c7ocuklar\u0131n hayal g\u00fcc\u00fcne ilham verecek bir \u015feyler ar\u0131yorsan\u0131z Bu Bir Boyama Kitab\u0131d\u0131r m\u00fckemmel bir fikir. \u0130lgin\u00e7 \u015fekiller, yarat\u0131c\u0131 fikirler, d\u00fcnyan\u0131n en uzun boyama \u00e7izgisi ve d\u00fcnyan\u0131n en k\u00fc\u00e7\u00fck resmi\u2026<\/p>\n<p>&#8220;\u00c7ocuklar i\u00e7in hem ince motor kaslar\u0131n\u0131 hem de farkl\u0131 d\u00fc\u015f\u00fcnme becerilerini geli\u015ftirecek harika bir kitap!&#8221;<\/p>\n<p>Bu arada \u00fczg\u00fcn insanlar i\u00e7in hangi renkleri kullanmal\u0131?<\/p>\n","protected":false},"excerpt":{"rendered":"<p>Vi\u015fnenin rengi her zaman k\u0131rm\u0131z\u0131 m\u0131 olur? Peki ya G\u00fcne\u015f?&hellip;<\/p>\n<p> <a class=\"more-link\" href=\"https:\/\/edam.com.tr\/en\/product\/bu-bir-boyama-kitabidir\/\">Read more<\/a><\/p>\n","protected":false},"featured_media":12567,"comment_status":"open","ping_status":"closed","template":"","meta":{"_acf_changed":false},"product_brand":[],"product_cat":[427,445],"product_tag":[703],"class_list":{"0":"post-15051","1":"product","2":"type-product","3":"status-publish","4":"has-post-thumbnail","6":"product_cat-childrens","7":"product_cat-coloring-books","8":"product_tag-boyama-en","9":"pa_katki-saglayan-hatice-isilak-durmus-en","10":"pa_katki-saglayan-herve-tullet-en","11":"pa_katki-saglayan-zeynep-alp-en","12":"pa_yas-gruplari-general-audience","14":"first","15":"instock","16":"taxable","17":"shipping-taxable","18":"purchasable","19":"product-type-simple"},"acf":[],"_links":{"self":[{"href":"https:\/\/edam.com.tr\/en\/wp-json\/wp\/v2\/product\/15051","targetHints":{"allow":["GET"]}}],"collection":[{"href":"https:\/\/edam.com.tr\/en\/wp-json\/wp\/v2\/product"}],"about":[{"href":"https:\/\/edam.com.tr\/en\/wp-json\/wp\/v2\/types\/product"}],"replies":[{"embeddable":true,"href":"https:\/\/edam.com.tr\/en\/wp-json\/wp\/v2\/comments?post=15051"}],"wp:featuredmedia":[{"embeddable":true,"href":"https:\/\/edam.com.tr\/en\/wp-json\/wp\/v2\/media\/12567"}],"wp:attachment":[{"href":"https:\/\/edam.com.tr\/en\/wp-json\/wp\/v2\/media?parent=15051"}],"wp:term":[{"taxonomy":"product_brand","embeddable":true,"href":"https:\/\/edam.com.tr\/en\/wp-json\/wp\/v2\/product_brand?post=15051"},{"taxonomy":"product_cat","embeddable":true,"href":"https:\/\/edam.com.tr\/en\/wp-json\/wp\/v2\/product_cat?post=15051"},{"taxonomy":"product_tag","embeddable":true,"href":"https:\/\/edam.com.tr\/en\/wp-json\/wp\/v2\/product_tag?post=15051"}],"curies":[{"name":"wp","href":"https:\/\/api.w.org\/{rel}","templated":true}]}}