{"id":15044,"date":"2024-03-20T18:01:41","date_gmt":"2024-03-20T15:01:41","guid":{"rendered":"https:\/\/edam.com.tr\/urun\/uclu-mini-defter-esrarengiz-bahce\/"},"modified":"2026-01-02T00:16:50","modified_gmt":"2026-01-01T21:16:50","slug":"uclu-mini-defter-esrarengiz-bahce","status":"publish","type":"product","link":"https:\/\/edam.com.tr\/en\/product\/uclu-mini-defter-esrarengiz-bahce\/","title":{"rendered":"\u00dc\u00e7l\u00fc Mini Defter &#8211; Esrarengiz Bah\u00e7e"},"content":{"rendered":"<p>Johanna Basford\u2019un tasarlad\u0131\u011f\u0131 boyanabilir kapakl\u0131, harika 3 mini defter&#8230; Her biri 64 sayfa olan bu defterlere neler yaz\u0131lmaz ki? Kapaklar\u0131n\u0131 kendi zevkinize g\u00f6re renklendirebilece\u011finiz, ister evde, ister i\u015fte, ister okulda kullanabilece\u011finiz bu fonksiyonel defterleri \u00e7ok seveceksiniz.<\/p>\n","protected":false},"excerpt":{"rendered":"<p>Johanna Basford\u2019un tasarlad\u0131\u011f\u0131 boyanabilir kapakl\u0131, harika 3 mini defter&#8230; Her&hellip;<\/p>\n<p> <a class=\"more-link\" href=\"https:\/\/edam.com.tr\/en\/product\/uclu-mini-defter-esrarengiz-bahce\/\">Read more<\/a><\/p>\n","protected":false},"featured_media":12596,"comment_status":"open","ping_status":"closed","template":"","meta":{"_acf_changed":false},"product_brand":[],"product_cat":[486,443],"product_tag":[],"class_list":{"0":"post-15044","1":"product","2":"type-product","3":"status-publish","4":"has-post-thumbnail","6":"product_cat-notebooks","7":"product_cat-stationary","8":"pa_katki-saglayan-johanna-basford-en","9":"pa_katki-saglayan-zeynep-alp-en","10":"pa_yas-gruplari-general-audience","12":"first","13":"instock","14":"taxable","15":"shipping-taxable","16":"purchasable","17":"product-type-simple"},"acf":[],"_links":{"self":[{"href":"https:\/\/edam.com.tr\/en\/wp-json\/wp\/v2\/product\/15044","targetHints":{"allow":["GET"]}}],"collection":[{"href":"https:\/\/edam.com.tr\/en\/wp-json\/wp\/v2\/product"}],"about":[{"href":"https:\/\/edam.com.tr\/en\/wp-json\/wp\/v2\/types\/product"}],"replies":[{"embeddable":true,"href":"https:\/\/edam.com.tr\/en\/wp-json\/wp\/v2\/comments?post=15044"}],"wp:featuredmedia":[{"embeddable":true,"href":"https:\/\/edam.com.tr\/en\/wp-json\/wp\/v2\/media\/12596"}],"wp:attachment":[{"href":"https:\/\/edam.com.tr\/en\/wp-json\/wp\/v2\/media?parent=15044"}],"wp:term":[{"taxonomy":"product_brand","embeddable":true,"href":"https:\/\/edam.com.tr\/en\/wp-json\/wp\/v2\/product_brand?post=15044"},{"taxonomy":"product_cat","embeddable":true,"href":"https:\/\/edam.com.tr\/en\/wp-json\/wp\/v2\/product_cat?post=15044"},{"taxonomy":"product_tag","embeddable":true,"href":"https:\/\/edam.com.tr\/en\/wp-json\/wp\/v2\/product_tag?post=15044"}],"curies":[{"name":"wp","href":"https:\/\/api.w.org\/{rel}","templated":true}]}}