{"id":15042,"date":"2024-03-20T18:01:41","date_gmt":"2024-03-20T15:01:41","guid":{"rendered":"https:\/\/edam.com.tr\/urun\/esrarengiz-bahce-12-tebrik-karti-ve-zarf-kutulu\/"},"modified":"2026-01-02T00:16:50","modified_gmt":"2026-01-01T21:16:50","slug":"esrarengiz-bahce-12-tebrik-karti-ve-zarf-kutulu","status":"publish","type":"product","link":"https:\/\/edam.com.tr\/en\/product\/esrarengiz-bahce-12-tebrik-karti-ve-zarf-kutulu\/","title":{"rendered":"Esrarengiz Bah\u00e7e 12 Tebrik Kart\u0131 ve Zarf (Kutulu)"},"content":{"rendered":"<p>Johanna Basford\u2019un tasarlad\u0131\u011f\u0131 4 farkl\u0131 desenden, 12 adet kart ve zarf \u00e7ok zarif ve yine boyanabilir bir kutuda bir araya getirildi. Esrarengiz Bah\u00e7e boyanabilir tebrik kartlar\u0131 ile sevdiklerinizin, kendilerini \u00f6zel hissetmelerini sa\u011flayabilirsiniz. \u0130sterseniz kartlar\u0131 onun i\u00e7in siz renklendirin, isterseniz bu zevki ona b\u0131rak\u0131n.<\/p>\n","protected":false},"excerpt":{"rendered":"<p>Johanna Basford\u2019un tasarlad\u0131\u011f\u0131 4 farkl\u0131 desenden, 12 adet kart ve&hellip;<\/p>\n<p> <a class=\"more-link\" href=\"https:\/\/edam.com.tr\/en\/product\/esrarengiz-bahce-12-tebrik-karti-ve-zarf-kutulu\/\">Read more<\/a><\/p>\n","protected":false},"featured_media":12614,"comment_status":"open","ping_status":"closed","template":"","meta":{"_acf_changed":false},"product_brand":[],"product_cat":[485,443],"product_tag":[],"class_list":{"0":"post-15042","1":"product","2":"type-product","3":"status-publish","4":"has-post-thumbnail","6":"product_cat-postcards","7":"product_cat-stationary","8":"pa_katki-saglayan-johanna-basford-en","9":"pa_katki-saglayan-zeynep-alp-en","10":"pa_yas-gruplari-13-plus","11":"pa_yas-gruplari-7-12-en","12":"pa_yas-gruplari-general-audience","14":"first","15":"instock","16":"taxable","17":"shipping-taxable","18":"purchasable","19":"product-type-simple"},"acf":[],"_links":{"self":[{"href":"https:\/\/edam.com.tr\/en\/wp-json\/wp\/v2\/product\/15042","targetHints":{"allow":["GET"]}}],"collection":[{"href":"https:\/\/edam.com.tr\/en\/wp-json\/wp\/v2\/product"}],"about":[{"href":"https:\/\/edam.com.tr\/en\/wp-json\/wp\/v2\/types\/product"}],"replies":[{"embeddable":true,"href":"https:\/\/edam.com.tr\/en\/wp-json\/wp\/v2\/comments?post=15042"}],"wp:featuredmedia":[{"embeddable":true,"href":"https:\/\/edam.com.tr\/en\/wp-json\/wp\/v2\/media\/12614"}],"wp:attachment":[{"href":"https:\/\/edam.com.tr\/en\/wp-json\/wp\/v2\/media?parent=15042"}],"wp:term":[{"taxonomy":"product_brand","embeddable":true,"href":"https:\/\/edam.com.tr\/en\/wp-json\/wp\/v2\/product_brand?post=15042"},{"taxonomy":"product_cat","embeddable":true,"href":"https:\/\/edam.com.tr\/en\/wp-json\/wp\/v2\/product_cat?post=15042"},{"taxonomy":"product_tag","embeddable":true,"href":"https:\/\/edam.com.tr\/en\/wp-json\/wp\/v2\/product_tag?post=15042"}],"curies":[{"name":"wp","href":"https:\/\/api.w.org\/{rel}","templated":true}]}}