{"id":15041,"date":"2024-03-20T18:02:09","date_gmt":"2024-03-20T15:02:09","guid":{"rendered":"https:\/\/edam.com.tr\/urun\/esrarengiz-bahce-defterim\/"},"modified":"2026-01-02T00:16:50","modified_gmt":"2026-01-01T21:16:50","slug":"esrarengiz-bahce-defterim","status":"publish","type":"product","link":"https:\/\/edam.com.tr\/en\/product\/esrarengiz-bahce-defterim\/","title":{"rendered":"Esrarengiz Bah\u00e7e Defterim"},"content":{"rendered":"<p>Bu defter 144 sayfa yu\u0308ksek kalite k\u00e2\u011f\u0131t ve i\u00e7erisinde yer alan 72 boyanabilir \u00e7izimle sizin i\u00e7in \u00f6zel olarak haz\u0131rlanm\u0131\u015ft\u0131r. Johanna Basford\u2019un enfes \u00e7i\u00e7ek ve bitki \u00f6rtu\u0308su\u0308 \u00e7izimlerinin yaz\u0131lar\u0131n\u0131za ve size \u00f6zel \u00e7izimlere ilham kayna\u011f\u0131 olmas\u0131 dile\u011fi ile\u2026<\/p>\n","protected":false},"excerpt":{"rendered":"<p>Bu defter 144 sayfa yu\u0308ksek kalite k\u00e2\u011f\u0131t ve i\u00e7erisinde yer&hellip;<\/p>\n<p> <a class=\"more-link\" href=\"https:\/\/edam.com.tr\/en\/product\/esrarengiz-bahce-defterim\/\">Read more<\/a><\/p>\n","protected":false},"featured_media":12622,"comment_status":"open","ping_status":"closed","template":"","meta":{"_acf_changed":false},"product_brand":[],"product_cat":[486,443],"product_tag":[],"class_list":{"0":"post-15041","1":"product","2":"type-product","3":"status-publish","4":"has-post-thumbnail","6":"product_cat-notebooks","7":"product_cat-stationary","8":"pa_katki-saglayan-johanna-basford-en","9":"pa_yas-gruplari-general-audience","11":"first","12":"instock","13":"taxable","14":"shipping-taxable","15":"purchasable","16":"product-type-simple"},"acf":[],"_links":{"self":[{"href":"https:\/\/edam.com.tr\/en\/wp-json\/wp\/v2\/product\/15041","targetHints":{"allow":["GET"]}}],"collection":[{"href":"https:\/\/edam.com.tr\/en\/wp-json\/wp\/v2\/product"}],"about":[{"href":"https:\/\/edam.com.tr\/en\/wp-json\/wp\/v2\/types\/product"}],"replies":[{"embeddable":true,"href":"https:\/\/edam.com.tr\/en\/wp-json\/wp\/v2\/comments?post=15041"}],"wp:featuredmedia":[{"embeddable":true,"href":"https:\/\/edam.com.tr\/en\/wp-json\/wp\/v2\/media\/12622"}],"wp:attachment":[{"href":"https:\/\/edam.com.tr\/en\/wp-json\/wp\/v2\/media?parent=15041"}],"wp:term":[{"taxonomy":"product_brand","embeddable":true,"href":"https:\/\/edam.com.tr\/en\/wp-json\/wp\/v2\/product_brand?post=15041"},{"taxonomy":"product_cat","embeddable":true,"href":"https:\/\/edam.com.tr\/en\/wp-json\/wp\/v2\/product_cat?post=15041"},{"taxonomy":"product_tag","embeddable":true,"href":"https:\/\/edam.com.tr\/en\/wp-json\/wp\/v2\/product_tag?post=15041"}],"curies":[{"name":"wp","href":"https:\/\/api.w.org\/{rel}","templated":true}]}}