{"id":15039,"date":"2024-03-20T18:01:41","date_gmt":"2024-03-20T15:01:41","guid":{"rendered":"https:\/\/edam.com.tr\/?post_type=product&#038;p=15039"},"modified":"2026-01-02T00:16:50","modified_gmt":"2026-01-01T21:16:50","slug":"nuhun-gemisi","status":"publish","type":"product","link":"https:\/\/edam.com.tr\/en\/product\/nuhun-gemisi\/","title":{"rendered":"Nuh\u2019un Gemisi"},"content":{"rendered":"<p>G\u00fcnl\u00fck hayat\u0131n stresinden bunald\u0131ysan\u0131z, s\u00fcrekli bir yerlere yeti\u015fme tela\u015f\u0131ndan yorulduysan\u0131z sizi Nuh\u2019un Gemisi\u2019nde hayvanlar\u0131n renkli d\u00fcnyas\u0131na yolculu\u011fa davet ediyoruz. Burada d\u00fc\u015f\u00fcnmeniz gereken tek \u015fey, se\u00e7ti\u011finiz rengin hangi renkle uyumlu olaca\u011f\u0131!<\/p>\n<div class=\"video-container\"><\/div>\n","protected":false},"excerpt":{"rendered":"<p>G\u00fcnl\u00fck hayat\u0131n stresinden bunald\u0131ysan\u0131z, s\u00fcrekli bir yerlere yeti\u015fme tela\u015f\u0131ndan yorulduysan\u0131z&hellip;<\/p>\n<p> <a class=\"more-link\" href=\"https:\/\/edam.com.tr\/en\/product\/nuhun-gemisi\/\">Read more<\/a><\/p>\n","protected":false},"featured_media":12604,"comment_status":"open","ping_status":"closed","template":"","meta":{"_acf_changed":false},"product_brand":[],"product_cat":[432,431,430],"product_tag":[703],"class_list":{"0":"post-15039","1":"product","2":"type-product","3":"status-publish","4":"has-post-thumbnail","6":"product_cat-coloring-for-adults","7":"product_cat-hobby","8":"product_cat-nonfiction","9":"product_tag-boyama-en","10":"pa_katki-saglayan-hatice-isilak-durmus-en","11":"pa_katki-saglayan-hayrullah-kaya-en","12":"pa_yas-gruplari-13-plus","14":"first","15":"instock","16":"taxable","17":"shipping-taxable","18":"purchasable","19":"product-type-simple"},"acf":[],"_links":{"self":[{"href":"https:\/\/edam.com.tr\/en\/wp-json\/wp\/v2\/product\/15039","targetHints":{"allow":["GET"]}}],"collection":[{"href":"https:\/\/edam.com.tr\/en\/wp-json\/wp\/v2\/product"}],"about":[{"href":"https:\/\/edam.com.tr\/en\/wp-json\/wp\/v2\/types\/product"}],"replies":[{"embeddable":true,"href":"https:\/\/edam.com.tr\/en\/wp-json\/wp\/v2\/comments?post=15039"}],"wp:featuredmedia":[{"embeddable":true,"href":"https:\/\/edam.com.tr\/en\/wp-json\/wp\/v2\/media\/12604"}],"wp:attachment":[{"href":"https:\/\/edam.com.tr\/en\/wp-json\/wp\/v2\/media?parent=15039"}],"wp:term":[{"taxonomy":"product_brand","embeddable":true,"href":"https:\/\/edam.com.tr\/en\/wp-json\/wp\/v2\/product_brand?post=15039"},{"taxonomy":"product_cat","embeddable":true,"href":"https:\/\/edam.com.tr\/en\/wp-json\/wp\/v2\/product_cat?post=15039"},{"taxonomy":"product_tag","embeddable":true,"href":"https:\/\/edam.com.tr\/en\/wp-json\/wp\/v2\/product_tag?post=15039"}],"curies":[{"name":"wp","href":"https:\/\/api.w.org\/{rel}","templated":true}]}}