{"id":15036,"date":"2024-03-20T18:02:09","date_gmt":"2024-03-20T15:02:09","guid":{"rendered":"https:\/\/edam.com.tr\/urun\/kedidir-kedi\/"},"modified":"2026-01-02T00:16:50","modified_gmt":"2026-01-01T21:16:50","slug":"kedidir-kedi","status":"publish","type":"product","link":"https:\/\/edam.com.tr\/en\/product\/kedidir-kedi\/","title":{"rendered":"Kedidir Kedi&#8230;"},"content":{"rendered":"<p>Bu kitab\u0131 eline alan herkes ama \u00f6zellikle kedi severler ellerinden saatlerce b\u0131rakamayacaklar. Bu kitap yeti\u015fkinlere ve gen\u00e7lere keyifli vakit ge\u00e7irebilecekleri, harika bir boyama ka\u00e7ama\u011f\u0131 vadediyor.<\/p>\n<p>Bu arada, kedi nerede? Kitab\u0131n her bir sayfas\u0131 ayn\u0131 zamanda bir bulmaca i\u00e7eriyor.<\/p>\n","protected":false},"excerpt":{"rendered":"<p>Bu kitab\u0131 eline alan herkes ama \u00f6zellikle kedi severler ellerinden&hellip;<\/p>\n<p> <a class=\"more-link\" href=\"https:\/\/edam.com.tr\/en\/product\/kedidir-kedi\/\">Read more<\/a><\/p>\n","protected":false},"featured_media":12644,"comment_status":"open","ping_status":"closed","template":"","meta":{"_acf_changed":false},"product_brand":[],"product_cat":[432,431,430],"product_tag":[],"class_list":{"0":"post-15036","1":"product","2":"type-product","3":"status-publish","4":"has-post-thumbnail","6":"product_cat-coloring-for-adults","7":"product_cat-hobby","8":"product_cat-nonfiction","9":"pa_katki-saglayan-toc-de-groc-en","10":"pa_katki-saglayan-zeynep-alp-en","11":"pa_yas-gruplari-13-plus","12":"pa_yas-gruplari-7-12-en","13":"pa_yas-gruplari-general-audience","15":"first","16":"instock","17":"taxable","18":"shipping-taxable","19":"purchasable","20":"product-type-simple"},"acf":[],"_links":{"self":[{"href":"https:\/\/edam.com.tr\/en\/wp-json\/wp\/v2\/product\/15036","targetHints":{"allow":["GET"]}}],"collection":[{"href":"https:\/\/edam.com.tr\/en\/wp-json\/wp\/v2\/product"}],"about":[{"href":"https:\/\/edam.com.tr\/en\/wp-json\/wp\/v2\/types\/product"}],"replies":[{"embeddable":true,"href":"https:\/\/edam.com.tr\/en\/wp-json\/wp\/v2\/comments?post=15036"}],"wp:featuredmedia":[{"embeddable":true,"href":"https:\/\/edam.com.tr\/en\/wp-json\/wp\/v2\/media\/12644"}],"wp:attachment":[{"href":"https:\/\/edam.com.tr\/en\/wp-json\/wp\/v2\/media?parent=15036"}],"wp:term":[{"taxonomy":"product_brand","embeddable":true,"href":"https:\/\/edam.com.tr\/en\/wp-json\/wp\/v2\/product_brand?post=15036"},{"taxonomy":"product_cat","embeddable":true,"href":"https:\/\/edam.com.tr\/en\/wp-json\/wp\/v2\/product_cat?post=15036"},{"taxonomy":"product_tag","embeddable":true,"href":"https:\/\/edam.com.tr\/en\/wp-json\/wp\/v2\/product_tag?post=15036"}],"curies":[{"name":"wp","href":"https:\/\/api.w.org\/{rel}","templated":true}]}}