{"id":15034,"date":"2024-03-20T18:02:09","date_gmt":"2024-03-20T15:02:09","guid":{"rendered":"https:\/\/edam.com.tr\/urun\/al-hadiqa-al-sirriya-esrarengiz-bahce-arapca\/"},"modified":"2026-01-02T00:16:50","modified_gmt":"2026-01-01T21:16:50","slug":"al-hadiqa-al-sirriya-esrarengiz-bahce-arapca","status":"publish","type":"product","link":"https:\/\/edam.com.tr\/en\/product\/al-hadiqa-al-sirriya-esrarengiz-bahce-arapca\/","title":{"rendered":"al-Hadiqa al-Sirriya (Esrarengiz Bah\u00e7e-Arap\u00e7a)"},"content":{"rendered":"<h3>al-Hadiqa al-Sirriya (Esrarengiz Bah\u00e7e-Arap\u00e7a)<\/h3>\n<p>Bu gizemli kitab\u0131n\u00a0kapa\u011f\u0131n\u0131 aralad\u0131\u011f\u0131n\u0131zda\u00a0kendinizi bin bir \u015feklin ve ahenkli k\u0131vr\u0131m\u0131n ortas\u0131nda bulacaks\u0131n\u0131z. Hem \u00e7ocuklar hem de kalemin esrar\u0131na kap\u0131lm\u0131\u015f yeti\u015fkinler bu kitab\u0131n her sayfas\u0131nda tabiattan esinlenerek haz\u0131rlanm\u0131\u015f \u00e7izim maceralar\u0131, gizlenmi\u015f ve bulunmay\u0131 bekleyen ilgin\u00e7 canl\u0131lar, hayat\u0131n bin bir rengini\u00a0kullanabilecekleri\u00a0tuvallerle kar\u015f\u0131la\u015facak.\u00a0Her biri elle haz\u0131rlanm\u0131\u015f enfes \u00e7izimler, hayal g\u00fcc\u00fcn\u00fczle tamamlanmay\u0131 bekleyen bo\u015f alanlar ve keyfinizce renklendirebilece\u011finiz\u00a0resimler sizi bekliyor.<\/p>\n<p>Daha fazla bilgi ve detaylar i\u00e7in sosyal medyada bu yay\u0131n\u0131m\u0131z\u0131 takip ediniz:<\/p>\n<p><img decoding=\"async\" style=\"vertical-align: middle;\" src=\"images\/facebook_logo.gif\" alt=\"\" \/> <a href=\"https:\/\/www.facebook.com\/EsrarengizBahceBoyamaKitabi\" target=\"_blank\" rel=\"noopener\"><strong>EsrarengizBahceBoyamaKitabi<\/strong><\/a><\/p>\n<p><img decoding=\"async\" style=\"vertical-align: middle;\" src=\"images\/twitter_logo.gif\" alt=\"\" \/> <a href=\"https:\/\/twitter.com\/EsrarengizBahce\" target=\"_blank\" rel=\"noopener\"><strong>@EsrarengizBahce<\/strong><\/a><\/p>\n<p><img decoding=\"async\" style=\"vertical-align: middle;\" src=\"images\/instagram-logo.png\" alt=\"\" \/> <a href=\"https:\/\/instagram.com\/Esrarengiz_Bahce\" target=\"_blank\" rel=\"noopener\"><strong>Esrarengiz_Bahce<\/strong><\/a><\/p>\n<p><strong>Tan\u0131t\u0131m Videosunu \u0130zleyin!<\/strong><\/p>\n<div class=\"video-container\"><iframe title=\"YouTube video\" src=\"https:\/\/www.youtube.com\/embed\/D4tAHqAd9AE?rel=0\" allowfullscreen=\"allowfullscreen\"><\/iframe><\/div>\n","protected":false},"excerpt":{"rendered":"<p>al-Hadiqa al-Sirriya (Esrarengiz Bah\u00e7e-Arap\u00e7a) Bu gizemli kitab\u0131n\u00a0kapa\u011f\u0131n\u0131 aralad\u0131\u011f\u0131n\u0131zda\u00a0kendinizi bin bir&hellip;<\/p>\n<p> <a class=\"more-link\" href=\"https:\/\/edam.com.tr\/en\/product\/al-hadiqa-al-sirriya-esrarengiz-bahce-arapca\/\">Read more<\/a><\/p>\n","protected":false},"featured_media":12656,"comment_status":"open","ping_status":"closed","template":"","meta":{"_acf_changed":false},"product_brand":[],"product_cat":[432,431,430],"product_tag":[],"class_list":{"0":"post-15034","1":"product","2":"type-product","3":"status-publish","4":"has-post-thumbnail","6":"product_cat-coloring-for-adults","7":"product_cat-hobby","8":"product_cat-nonfiction","9":"pa_katki-saglayan-johanna-basford-en","10":"pa_yas-gruplari-13-plus","11":"pa_yas-gruplari-7-12-en","12":"pa_yas-gruplari-general-audience","14":"first","15":"outofstock","16":"taxable","17":"shipping-taxable","18":"purchasable","19":"product-type-simple"},"acf":[],"_links":{"self":[{"href":"https:\/\/edam.com.tr\/en\/wp-json\/wp\/v2\/product\/15034","targetHints":{"allow":["GET"]}}],"collection":[{"href":"https:\/\/edam.com.tr\/en\/wp-json\/wp\/v2\/product"}],"about":[{"href":"https:\/\/edam.com.tr\/en\/wp-json\/wp\/v2\/types\/product"}],"replies":[{"embeddable":true,"href":"https:\/\/edam.com.tr\/en\/wp-json\/wp\/v2\/comments?post=15034"}],"wp:featuredmedia":[{"embeddable":true,"href":"https:\/\/edam.com.tr\/en\/wp-json\/wp\/v2\/media\/12656"}],"wp:attachment":[{"href":"https:\/\/edam.com.tr\/en\/wp-json\/wp\/v2\/media?parent=15034"}],"wp:term":[{"taxonomy":"product_brand","embeddable":true,"href":"https:\/\/edam.com.tr\/en\/wp-json\/wp\/v2\/product_brand?post=15034"},{"taxonomy":"product_cat","embeddable":true,"href":"https:\/\/edam.com.tr\/en\/wp-json\/wp\/v2\/product_cat?post=15034"},{"taxonomy":"product_tag","embeddable":true,"href":"https:\/\/edam.com.tr\/en\/wp-json\/wp\/v2\/product_tag?post=15034"}],"curies":[{"name":"wp","href":"https:\/\/api.w.org\/{rel}","templated":true}]}}