{"id":15024,"date":"2024-03-20T18:02:41","date_gmt":"2024-03-20T15:02:41","guid":{"rendered":"https:\/\/edam.com.tr\/urun\/kucuk-lokomotif-oz-guven-degerler-egitimi-oykuleri-4\/"},"modified":"2026-01-02T00:16:50","modified_gmt":"2026-01-01T21:16:50","slug":"kucuk-lokomotif-oz-guven-degerler-egitimi-oykuleri-4","status":"publish","type":"product","link":"https:\/\/edam.com.tr\/en\/product\/kucuk-lokomotif-oz-guven-degerler-egitimi-oykuleri-4\/","title":{"rendered":"K\u00fc\u00e7\u00fck Lokomotif (\u00d6z G\u00fcven) : De\u011ferler E\u011fitimi \u00d6yk\u00fcleri 4"},"content":{"rendered":"<p>Sorumluluk, yard\u0131mseverlik, adalet, \u00f6z g\u00fcven, liderlik, dostluk, do\u011fruluk, sab\u0131r, sayg\u0131, \u00f6z denetim de\u011ferleriyle ili\u015fkili, birbirinden keyifli, renkli, resimli, capcanl\u0131 10 \u00f6yk\u00fc&#8230;<\/p>\n<p>Bu kitab\u0131n, <a href=\"https:\/\/edam.com.tr\/urun-yayin\/the-little-engine-self-confidence-character-education-stories-4\/\">The Little Engine<\/a> ad\u0131yla \u0130ngilizce bask\u0131s\u0131 da mevcuttur.<\/p>\n","protected":false},"excerpt":{"rendered":"<p>Sorumluluk, yard\u0131mseverlik, adalet, \u00f6z g\u00fcven, liderlik, dostluk, do\u011fruluk, sab\u0131r, sayg\u0131,&hellip;<\/p>\n<p> <a class=\"more-link\" href=\"https:\/\/edam.com.tr\/en\/product\/kucuk-lokomotif-oz-guven-degerler-egitimi-oykuleri-4\/\">Read more<\/a><\/p>\n","protected":false},"featured_media":12682,"comment_status":"open","ping_status":"closed","template":"","meta":{"_acf_changed":false},"product_brand":[],"product_cat":[427,437,477,484],"product_tag":[733,744,722],"class_list":{"0":"post-15024","1":"product","2":"type-product","3":"status-publish","4":"has-post-thumbnail","6":"product_cat-childrens","7":"product_cat-fiction","8":"product_cat-values-education-fiction","9":"product_cat-values-education-stories-turkish","10":"product_tag-degerler-egitimi-en","11":"product_tag-oyku-en","12":"product_tag-oz-guven-en","13":"pa_katki-saglayan-hatice-isilak-durmus-en","14":"pa_katki-saglayan-yahya-alakay-en","15":"pa_yas-gruplari-6-9-en","17":"first","18":"instock","19":"taxable","20":"shipping-taxable","21":"purchasable","22":"product-type-simple"},"acf":[],"_links":{"self":[{"href":"https:\/\/edam.com.tr\/en\/wp-json\/wp\/v2\/product\/15024","targetHints":{"allow":["GET"]}}],"collection":[{"href":"https:\/\/edam.com.tr\/en\/wp-json\/wp\/v2\/product"}],"about":[{"href":"https:\/\/edam.com.tr\/en\/wp-json\/wp\/v2\/types\/product"}],"replies":[{"embeddable":true,"href":"https:\/\/edam.com.tr\/en\/wp-json\/wp\/v2\/comments?post=15024"}],"wp:featuredmedia":[{"embeddable":true,"href":"https:\/\/edam.com.tr\/en\/wp-json\/wp\/v2\/media\/12682"}],"wp:attachment":[{"href":"https:\/\/edam.com.tr\/en\/wp-json\/wp\/v2\/media?parent=15024"}],"wp:term":[{"taxonomy":"product_brand","embeddable":true,"href":"https:\/\/edam.com.tr\/en\/wp-json\/wp\/v2\/product_brand?post=15024"},{"taxonomy":"product_cat","embeddable":true,"href":"https:\/\/edam.com.tr\/en\/wp-json\/wp\/v2\/product_cat?post=15024"},{"taxonomy":"product_tag","embeddable":true,"href":"https:\/\/edam.com.tr\/en\/wp-json\/wp\/v2\/product_tag?post=15024"}],"curies":[{"name":"wp","href":"https:\/\/api.w.org\/{rel}","templated":true}]}}