{"id":15020,"date":"2024-03-20T18:02:43","date_gmt":"2024-03-20T15:02:43","guid":{"rendered":"https:\/\/edam.com.tr\/urun\/balik-avi-sabir-degerler-egitimi-oykuleri-8\/"},"modified":"2026-01-02T00:16:49","modified_gmt":"2026-01-01T21:16:49","slug":"balik-avi-sabir-degerler-egitimi-oykuleri-8","status":"publish","type":"product","link":"https:\/\/edam.com.tr\/en\/product\/balik-avi-sabir-degerler-egitimi-oykuleri-8\/","title":{"rendered":"Bal\u0131k Av\u0131 (Sab\u0131r) : De\u011ferler E\u011fitimi \u00d6yk\u00fcleri 8"},"content":{"rendered":"<p>Sorumluluk, yard\u0131mseverlik, adalet, \u00f6z g\u00fcven, liderlik, dostluk, do\u011fruluk, sab\u0131r, sayg\u0131, \u00f6z denetim de\u011ferleriyle ili\u015fkili, birbirinden keyifli, renkli, resimli, capcanl\u0131 10 \u00f6yk\u00fc&#8230;<\/p>\n<p>Bu kitab\u0131n, <a href=\"https:\/\/edam.com.tr\/urun-yayin\/fishing-trip-patience-character-education-stories-8\/\">Fishing Trip<\/a> ad\u0131yla \u0130ngilizce bask\u0131s\u0131 da mevcuttur.<\/p>\n","protected":false},"excerpt":{"rendered":"<p>Sorumluluk, yard\u0131mseverlik, adalet, \u00f6z g\u00fcven, liderlik, dostluk, do\u011fruluk, sab\u0131r, sayg\u0131,&hellip;<\/p>\n<p> <a class=\"more-link\" href=\"https:\/\/edam.com.tr\/en\/product\/balik-avi-sabir-degerler-egitimi-oykuleri-8\/\">Read more<\/a><\/p>\n","protected":false},"featured_media":12703,"comment_status":"open","ping_status":"closed","template":"","meta":{"_acf_changed":false},"product_brand":[],"product_cat":[427,437,477,484],"product_tag":[733,744,718],"class_list":{"0":"post-15020","1":"product","2":"type-product","3":"status-publish","4":"has-post-thumbnail","6":"product_cat-childrens","7":"product_cat-fiction","8":"product_cat-values-education-fiction","9":"product_cat-values-education-stories-turkish","10":"product_tag-degerler-egitimi-en","11":"product_tag-oyku-en","12":"product_tag-sabir-en","13":"pa_katki-saglayan-hatice-isilak-durmus-en","14":"pa_katki-saglayan-meryem-nuriye-yavuz-en","15":"pa_katki-saglayan-yahya-alakay-en","16":"pa_yas-gruplari-6-9-en","18":"first","19":"instock","20":"taxable","21":"shipping-taxable","22":"purchasable","23":"product-type-simple"},"acf":[],"_links":{"self":[{"href":"https:\/\/edam.com.tr\/en\/wp-json\/wp\/v2\/product\/15020","targetHints":{"allow":["GET"]}}],"collection":[{"href":"https:\/\/edam.com.tr\/en\/wp-json\/wp\/v2\/product"}],"about":[{"href":"https:\/\/edam.com.tr\/en\/wp-json\/wp\/v2\/types\/product"}],"replies":[{"embeddable":true,"href":"https:\/\/edam.com.tr\/en\/wp-json\/wp\/v2\/comments?post=15020"}],"wp:featuredmedia":[{"embeddable":true,"href":"https:\/\/edam.com.tr\/en\/wp-json\/wp\/v2\/media\/12703"}],"wp:attachment":[{"href":"https:\/\/edam.com.tr\/en\/wp-json\/wp\/v2\/media?parent=15020"}],"wp:term":[{"taxonomy":"product_brand","embeddable":true,"href":"https:\/\/edam.com.tr\/en\/wp-json\/wp\/v2\/product_brand?post=15020"},{"taxonomy":"product_cat","embeddable":true,"href":"https:\/\/edam.com.tr\/en\/wp-json\/wp\/v2\/product_cat?post=15020"},{"taxonomy":"product_tag","embeddable":true,"href":"https:\/\/edam.com.tr\/en\/wp-json\/wp\/v2\/product_tag?post=15020"}],"curies":[{"name":"wp","href":"https:\/\/api.w.org\/{rel}","templated":true}]}}