{"id":15007,"date":"2024-03-20T18:03:13","date_gmt":"2024-03-20T15:03:13","guid":{"rendered":"https:\/\/edam.com.tr\/urun\/elif-ile-ahmet-oz-denetim\/"},"modified":"2026-01-02T00:16:49","modified_gmt":"2026-01-01T21:16:49","slug":"elif-ile-ahmet-oz-denetim","status":"publish","type":"product","link":"https:\/\/edam.com.tr\/en\/product\/elif-ile-ahmet-oz-denetim\/","title":{"rendered":"Elif ile Ahmet &#8211; \u00d6z Denetim"},"content":{"rendered":"<p>Elif ile Ahmet, iki iyi arkada\u015flar. Elif, her zaman yard\u0131msever, sayg\u0131l\u0131 ve kibar; nerede, nas\u0131l davranmas\u0131 gerekti\u011fini biliyor. Ahmet ise t\u00fcm iyi niyetine ra\u011fmen do\u011fru davran\u0131\u015f\u0131 bulmak i\u00e7in bazen yard\u0131ma ihtiya\u00e7 duyuyor. Her bir kitapta Elif ile Ahmet\u2019in komik maceralar\u0131 ve e\u011flenceli bulmacalar e\u015fli\u011finde 10 temel de\u011fer ele al\u0131n\u0131yor: sorumluluk, yard\u0131mseverlik, adalet, \u00f6z g\u00fcven, liderlik, dostluk, do\u011fruluk, sab\u0131r, sayg\u0131, \u00f6z denetim.<\/p>\n<p>Bu kitab\u0131n, <a href=\"https:\/\/edam.com.tr\/urun-yayin\/sara-and-adam-self-control\/\">Sara and Adam<\/a> ad\u0131yla \u0130ngilizce bask\u0131s\u0131 da mevcuttur.<\/p>\n","protected":false},"excerpt":{"rendered":"<p>Elif ile Ahmet, iki iyi arkada\u015flar. Elif, her zaman yard\u0131msever,&hellip;<\/p>\n<p> <a class=\"more-link\" href=\"https:\/\/edam.com.tr\/en\/product\/elif-ile-ahmet-oz-denetim\/\">Read more<\/a><\/p>\n","protected":false},"featured_media":12715,"comment_status":"open","ping_status":"closed","template":"","meta":{"_acf_changed":false},"product_brand":[],"product_cat":[427,437,483,477],"product_tag":[732],"class_list":{"0":"post-15007","1":"product","2":"type-product","3":"status-publish","4":"has-post-thumbnail","6":"product_cat-childrens","7":"product_cat-fiction","8":"product_cat-sara-and-adam-series-turkish","9":"product_cat-values-education-fiction","10":"product_tag-oz-denetim-en","11":"pa_katki-saglayan-elif-akardas-en","12":"pa_katki-saglayan-hatice-isilak-durmus-en","13":"pa_katki-saglayan-muzeyyen-yilmaz-en","14":"pa_yas-gruplari-7-9-en","16":"first","17":"instock","18":"taxable","19":"shipping-taxable","20":"purchasable","21":"product-type-simple"},"acf":[],"_links":{"self":[{"href":"https:\/\/edam.com.tr\/en\/wp-json\/wp\/v2\/product\/15007","targetHints":{"allow":["GET"]}}],"collection":[{"href":"https:\/\/edam.com.tr\/en\/wp-json\/wp\/v2\/product"}],"about":[{"href":"https:\/\/edam.com.tr\/en\/wp-json\/wp\/v2\/types\/product"}],"replies":[{"embeddable":true,"href":"https:\/\/edam.com.tr\/en\/wp-json\/wp\/v2\/comments?post=15007"}],"wp:featuredmedia":[{"embeddable":true,"href":"https:\/\/edam.com.tr\/en\/wp-json\/wp\/v2\/media\/12715"}],"wp:attachment":[{"href":"https:\/\/edam.com.tr\/en\/wp-json\/wp\/v2\/media?parent=15007"}],"wp:term":[{"taxonomy":"product_brand","embeddable":true,"href":"https:\/\/edam.com.tr\/en\/wp-json\/wp\/v2\/product_brand?post=15007"},{"taxonomy":"product_cat","embeddable":true,"href":"https:\/\/edam.com.tr\/en\/wp-json\/wp\/v2\/product_cat?post=15007"},{"taxonomy":"product_tag","embeddable":true,"href":"https:\/\/edam.com.tr\/en\/wp-json\/wp\/v2\/product_tag?post=15007"}],"curies":[{"name":"wp","href":"https:\/\/api.w.org\/{rel}","templated":true}]}}