{"id":14980,"date":"2024-03-20T18:03:46","date_gmt":"2024-03-20T15:03:46","guid":{"rendered":"https:\/\/edam.com.tr\/urun\/meryem-sabri-ogreniyor\/"},"modified":"2026-01-02T00:16:47","modified_gmt":"2026-01-01T21:16:47","slug":"meryem-sabri-ogreniyor","status":"publish","type":"product","link":"https:\/\/edam.com.tr\/en\/product\/meryem-sabri-ogreniyor\/","title":{"rendered":"Meryem Sabr\u0131 \u00d6\u011freniyor"},"content":{"rendered":"<p>Bukleli mor sa\u00e7lar\u0131yla ki\u015fili\u011fi gibi g\u00f6r\u00fcnt\u00fcs\u00fc de ilgin\u00e7 bir karakter Meryem. Her bir kitapta okuyucu da Meryem&#8217;le beraber kendisini karma\u015f\u0131k bir problemin i\u00e7inde bulur, \u00e7\u00f6z\u00fcme de ad\u0131m ad\u0131m birlikte ula\u015f\u0131rlar. 10 kitap, 10 macera, 10 de\u011fer: sorumluluk, yard\u0131mseverlik, adalet, \u00f6z g\u00fcven, liderlik, dostluk, do\u011fruluk, sab\u0131r, sayg\u0131, \u00f6z denetim.<\/p>\n","protected":false},"excerpt":{"rendered":"<p>Bukleli mor sa\u00e7lar\u0131yla ki\u015fili\u011fi gibi g\u00f6r\u00fcnt\u00fcs\u00fc de ilgin\u00e7 bir karakter&hellip;<\/p>\n<p> <a class=\"more-link\" href=\"https:\/\/edam.com.tr\/en\/product\/meryem-sabri-ogreniyor\/\">Read more<\/a><\/p>\n","protected":false},"featured_media":12743,"comment_status":"open","ping_status":"closed","template":"","meta":{"_acf_changed":false},"product_brand":[],"product_cat":[427,437,482,477],"product_tag":[733,691,718],"class_list":{"0":"post-14980","1":"product","2":"type-product","3":"status-publish","4":"has-post-thumbnail","6":"product_cat-childrens","7":"product_cat-fiction","8":"product_cat-jasmin-series","9":"product_cat-values-education-fiction","10":"product_tag-degerler-egitimi-en","11":"product_tag-karakter-okulu-en","12":"product_tag-sabir-en","13":"pa_katki-saglayan-hatice-isilak-durmus-en","14":"pa_katki-saglayan-meryem-nuriye-yavuz-en","15":"pa_katki-saglayan-muzeyyen-yilmaz-en","16":"pa_yas-gruplari-8-10-en","18":"first","19":"instock","20":"taxable","21":"shipping-taxable","22":"purchasable","23":"product-type-simple"},"acf":[],"_links":{"self":[{"href":"https:\/\/edam.com.tr\/en\/wp-json\/wp\/v2\/product\/14980","targetHints":{"allow":["GET"]}}],"collection":[{"href":"https:\/\/edam.com.tr\/en\/wp-json\/wp\/v2\/product"}],"about":[{"href":"https:\/\/edam.com.tr\/en\/wp-json\/wp\/v2\/types\/product"}],"replies":[{"embeddable":true,"href":"https:\/\/edam.com.tr\/en\/wp-json\/wp\/v2\/comments?post=14980"}],"wp:featuredmedia":[{"embeddable":true,"href":"https:\/\/edam.com.tr\/en\/wp-json\/wp\/v2\/media\/12743"}],"wp:attachment":[{"href":"https:\/\/edam.com.tr\/en\/wp-json\/wp\/v2\/media?parent=14980"}],"wp:term":[{"taxonomy":"product_brand","embeddable":true,"href":"https:\/\/edam.com.tr\/en\/wp-json\/wp\/v2\/product_brand?post=14980"},{"taxonomy":"product_cat","embeddable":true,"href":"https:\/\/edam.com.tr\/en\/wp-json\/wp\/v2\/product_cat?post=14980"},{"taxonomy":"product_tag","embeddable":true,"href":"https:\/\/edam.com.tr\/en\/wp-json\/wp\/v2\/product_tag?post=14980"}],"curies":[{"name":"wp","href":"https:\/\/api.w.org\/{rel}","templated":true}]}}