{"id":14968,"date":"2024-03-20T18:03:48","date_gmt":"2024-03-20T15:03:48","guid":{"rendered":"https:\/\/edam.com.tr\/urun\/agaca-bir-kus-konmus-saygi\/"},"modified":"2026-01-02T00:16:47","modified_gmt":"2026-01-01T21:16:47","slug":"agaca-bir-kus-konmus-saygi","status":"publish","type":"product","link":"https:\/\/edam.com.tr\/en\/product\/agaca-bir-kus-konmus-saygi\/","title":{"rendered":"A\u011faca Bir Ku\u015f Konmu\u015f &#8211; Sayg\u0131"},"content":{"rendered":"<p>Anka Ku\u015fu\u2019nun dilinden; sorumluluk, yard\u0131mseverlik, adalet, \u00f6z g\u00fcven, liderlik, dostluk, do\u011fruluk, sab\u0131r, sayg\u0131, \u00f6z denetim de\u011ferleriyle ili\u015fkili 10 ayr\u0131 masal&#8230; Her bir kitapta Anka Ku\u015fu farkl\u0131 bir yere konuyor ve g\u00f6rd\u00fc\u011f\u00fc hayvanlar\u0131n hik\u00e2yelerini anlat\u0131yor. K\u0131ssadan hisse \u00e7\u0131karmak da okuyucuya d\u00fc\u015f\u00fcyor.<\/p>\n<p>Bu kitab\u0131n, <a href=\"https:\/\/edam.com.tr\/urun-yayin\/a-bird-landed-on-a-tree-respect\/\">A Bird Landed On A Tree<\/a> ad\u0131yla \u0130ngilizce bask\u0131s\u0131 da mevcuttur.<\/p>\n","protected":false},"excerpt":{"rendered":"<p>Anka Ku\u015fu\u2019nun dilinden; sorumluluk, yard\u0131mseverlik, adalet, \u00f6z g\u00fcven, liderlik, dostluk,&hellip;<\/p>\n<p> <a class=\"more-link\" href=\"https:\/\/edam.com.tr\/en\/product\/agaca-bir-kus-konmus-saygi\/\">Read more<\/a><\/p>\n","protected":false},"featured_media":12777,"comment_status":"open","ping_status":"closed","template":"","meta":{"_acf_changed":false},"product_brand":[],"product_cat":[427,437,481,477],"product_tag":[691,717],"class_list":{"0":"post-14968","1":"product","2":"type-product","3":"status-publish","4":"has-post-thumbnail","6":"product_cat-childrens","7":"product_cat-fiction","8":"product_cat-the-phoenix-series-turkish","9":"product_cat-values-education-fiction","10":"product_tag-karakter-okulu-en","11":"product_tag-saygi-en","12":"pa_katki-saglayan-hatice-isilak-durmus-en","13":"pa_katki-saglayan-neriman-karatekin-en","14":"pa_katki-saglayan-yahya-alakay-en","15":"pa_yas-gruplari-6-9-en","17":"first","18":"instock","19":"taxable","20":"shipping-taxable","21":"purchasable","22":"product-type-simple"},"acf":[],"_links":{"self":[{"href":"https:\/\/edam.com.tr\/en\/wp-json\/wp\/v2\/product\/14968","targetHints":{"allow":["GET"]}}],"collection":[{"href":"https:\/\/edam.com.tr\/en\/wp-json\/wp\/v2\/product"}],"about":[{"href":"https:\/\/edam.com.tr\/en\/wp-json\/wp\/v2\/types\/product"}],"replies":[{"embeddable":true,"href":"https:\/\/edam.com.tr\/en\/wp-json\/wp\/v2\/comments?post=14968"}],"wp:featuredmedia":[{"embeddable":true,"href":"https:\/\/edam.com.tr\/en\/wp-json\/wp\/v2\/media\/12777"}],"wp:attachment":[{"href":"https:\/\/edam.com.tr\/en\/wp-json\/wp\/v2\/media?parent=14968"}],"wp:term":[{"taxonomy":"product_brand","embeddable":true,"href":"https:\/\/edam.com.tr\/en\/wp-json\/wp\/v2\/product_brand?post=14968"},{"taxonomy":"product_cat","embeddable":true,"href":"https:\/\/edam.com.tr\/en\/wp-json\/wp\/v2\/product_cat?post=14968"},{"taxonomy":"product_tag","embeddable":true,"href":"https:\/\/edam.com.tr\/en\/wp-json\/wp\/v2\/product_tag?post=14968"}],"curies":[{"name":"wp","href":"https:\/\/api.w.org\/{rel}","templated":true}]}}