{"id":14966,"date":"2024-03-20T18:03:48","date_gmt":"2024-03-20T15:03:48","guid":{"rendered":"https:\/\/edam.com.tr\/urun\/dala-bir-kus-konmus-sabir\/"},"modified":"2026-01-02T00:16:47","modified_gmt":"2026-01-01T21:16:47","slug":"dala-bir-kus-konmus-sabir","status":"publish","type":"product","link":"https:\/\/edam.com.tr\/en\/product\/dala-bir-kus-konmus-sabir\/","title":{"rendered":"Dala Bir Ku\u015f Konmu\u015f &#8211; Sab\u0131r"},"content":{"rendered":"<p>Anka Ku\u015fu\u2019nun dilinden; sorumluluk, yard\u0131mseverlik, adalet, \u00f6z g\u00fcven, liderlik, dostluk, do\u011fruluk, sab\u0131r, sayg\u0131, \u00f6z denetim de\u011ferleriyle ili\u015fkili 10 ayr\u0131 masal&#8230; Her bir kitapta Anka Ku\u015fu farkl\u0131 bir yere konuyor ve g\u00f6rd\u00fc\u011f\u00fc hayvanlar\u0131n hik\u00e2yelerini anlat\u0131yor. K\u0131ssadan hisse \u00e7\u0131karmak da okuyucuya d\u00fc\u015f\u00fcyor.<\/p>\n<p>Bu kitab\u0131n, <a href=\"https:\/\/edam.com.tr\/urun-yayin\/a-bird-landed-on-a-branch-patience\/\">A Bird Landed On A Branch<\/a> ad\u0131yla \u0130ngilizce bask\u0131s\u0131 da mevcuttur.<\/p>\n","protected":false},"excerpt":{"rendered":"<p>Anka Ku\u015fu\u2019nun dilinden; sorumluluk, yard\u0131mseverlik, adalet, \u00f6z g\u00fcven, liderlik, dostluk,&hellip;<\/p>\n<p> <a class=\"more-link\" href=\"https:\/\/edam.com.tr\/en\/product\/dala-bir-kus-konmus-sabir\/\">Read more<\/a><\/p>\n","protected":false},"featured_media":12781,"comment_status":"open","ping_status":"closed","template":"","meta":{"_acf_changed":false},"product_brand":[],"product_cat":[427,437,481,477],"product_tag":[718],"class_list":{"0":"post-14966","1":"product","2":"type-product","3":"status-publish","4":"has-post-thumbnail","6":"product_cat-childrens","7":"product_cat-fiction","8":"product_cat-the-phoenix-series-turkish","9":"product_cat-values-education-fiction","10":"product_tag-sabir-en","11":"pa_katki-saglayan-hatice-isilak-durmus-en","12":"pa_katki-saglayan-neriman-karatekin-en","13":"pa_katki-saglayan-yahya-alakay-en","14":"pa_yas-gruplari-6-9-en","16":"first","17":"instock","18":"taxable","19":"shipping-taxable","20":"purchasable","21":"product-type-simple"},"acf":[],"_links":{"self":[{"href":"https:\/\/edam.com.tr\/en\/wp-json\/wp\/v2\/product\/14966","targetHints":{"allow":["GET"]}}],"collection":[{"href":"https:\/\/edam.com.tr\/en\/wp-json\/wp\/v2\/product"}],"about":[{"href":"https:\/\/edam.com.tr\/en\/wp-json\/wp\/v2\/types\/product"}],"replies":[{"embeddable":true,"href":"https:\/\/edam.com.tr\/en\/wp-json\/wp\/v2\/comments?post=14966"}],"wp:featuredmedia":[{"embeddable":true,"href":"https:\/\/edam.com.tr\/en\/wp-json\/wp\/v2\/media\/12781"}],"wp:attachment":[{"href":"https:\/\/edam.com.tr\/en\/wp-json\/wp\/v2\/media?parent=14966"}],"wp:term":[{"taxonomy":"product_brand","embeddable":true,"href":"https:\/\/edam.com.tr\/en\/wp-json\/wp\/v2\/product_brand?post=14966"},{"taxonomy":"product_cat","embeddable":true,"href":"https:\/\/edam.com.tr\/en\/wp-json\/wp\/v2\/product_cat?post=14966"},{"taxonomy":"product_tag","embeddable":true,"href":"https:\/\/edam.com.tr\/en\/wp-json\/wp\/v2\/product_tag?post=14966"}],"curies":[{"name":"wp","href":"https:\/\/api.w.org\/{rel}","templated":true}]}}