{"id":14958,"date":"2024-03-20T18:04:17","date_gmt":"2024-03-20T15:04:17","guid":{"rendered":"https:\/\/edam.com.tr\/urun\/bir-kus-konmus-10-kitaplik-set\/"},"modified":"2026-01-02T00:16:46","modified_gmt":"2026-01-01T21:16:46","slug":"bir-kus-konmus-10-kitaplik-set","status":"publish","type":"product","link":"https:\/\/edam.com.tr\/en\/product\/bir-kus-konmus-10-kitaplik-set\/","title":{"rendered":"Bir Ku\u015f Konmu\u015f (10 Kitapl\u0131k Set)"},"content":{"rendered":"<p>Anka Ku\u015fu\u2019nun dilinden; sorumluluk, yard\u0131mseverlik, adalet, \u00f6z g\u00fcven, liderlik, dostluk, do\u011fruluk, sab\u0131r, sayg\u0131, \u00f6z denetim de\u011ferleriyle ili\u015fkili 10 ayr\u0131 masal&#8230;<br \/>\nHer bir kitapta Anka Ku\u015fu farkl\u0131 bir yere konuyor ve g\u00f6rd\u00fc\u011f\u00fc hayvanlar\u0131n hik\u00e2yelerini anlat\u0131yor. K\u0131ssadan hisse \u00e7\u0131karmak da okuyucuya d\u00fc\u015f\u00fcyor.<\/p>\n","protected":false},"excerpt":{"rendered":"<p>Anka Ku\u015fu\u2019nun dilinden; sorumluluk, yard\u0131mseverlik, adalet, \u00f6z g\u00fcven, liderlik, dostluk,&hellip;<\/p>\n<p> <a class=\"more-link\" href=\"https:\/\/edam.com.tr\/en\/product\/bir-kus-konmus-10-kitaplik-set\/\">Read more<\/a><\/p>\n","protected":false},"featured_media":12797,"comment_status":"open","ping_status":"closed","template":"","meta":{"_acf_changed":false},"product_brand":[],"product_cat":[427,437,481,477],"product_tag":[733],"class_list":{"0":"post-14958","1":"product","2":"type-product","3":"status-publish","4":"has-post-thumbnail","6":"product_cat-childrens","7":"product_cat-fiction","8":"product_cat-the-phoenix-series-turkish","9":"product_cat-values-education-fiction","10":"product_tag-degerler-egitimi-en","11":"pa_katki-saglayan-hatice-isilak-durmus-en","12":"pa_katki-saglayan-neriman-karatekin-en","13":"pa_katki-saglayan-yahya-alakay-en","14":"pa_yas-gruplari-6-9-en","16":"first","17":"outofstock","18":"taxable","19":"shipping-taxable","20":"purchasable","21":"product-type-simple"},"acf":[],"_links":{"self":[{"href":"https:\/\/edam.com.tr\/en\/wp-json\/wp\/v2\/product\/14958","targetHints":{"allow":["GET"]}}],"collection":[{"href":"https:\/\/edam.com.tr\/en\/wp-json\/wp\/v2\/product"}],"about":[{"href":"https:\/\/edam.com.tr\/en\/wp-json\/wp\/v2\/types\/product"}],"replies":[{"embeddable":true,"href":"https:\/\/edam.com.tr\/en\/wp-json\/wp\/v2\/comments?post=14958"}],"wp:featuredmedia":[{"embeddable":true,"href":"https:\/\/edam.com.tr\/en\/wp-json\/wp\/v2\/media\/12797"}],"wp:attachment":[{"href":"https:\/\/edam.com.tr\/en\/wp-json\/wp\/v2\/media?parent=14958"}],"wp:term":[{"taxonomy":"product_brand","embeddable":true,"href":"https:\/\/edam.com.tr\/en\/wp-json\/wp\/v2\/product_brand?post=14958"},{"taxonomy":"product_cat","embeddable":true,"href":"https:\/\/edam.com.tr\/en\/wp-json\/wp\/v2\/product_cat?post=14958"},{"taxonomy":"product_tag","embeddable":true,"href":"https:\/\/edam.com.tr\/en\/wp-json\/wp\/v2\/product_tag?post=14958"}],"curies":[{"name":"wp","href":"https:\/\/api.w.org\/{rel}","templated":true}]}}