{"id":14935,"date":"2024-03-20T18:04:52","date_gmt":"2024-03-20T15:04:52","guid":{"rendered":"https:\/\/edam.com.tr\/urun\/zorbul-zehranin-gunlugu-saygi\/"},"modified":"2026-01-02T00:16:45","modified_gmt":"2026-01-01T21:16:45","slug":"zorbul-zehranin-gunlugu-saygi","status":"publish","type":"product","link":"https:\/\/edam.com.tr\/en\/product\/zorbul-zehranin-gunlugu-saygi\/","title":{"rendered":"Zorbul Zehra\u2019n\u0131n G\u00fcnl\u00fc\u011f\u00fc &#8211; Sayg\u0131"},"content":{"rendered":"<p>Zehra d\u00fc\u015f\u00fcnmeyi seven, zeki ve merakl\u0131 bir k\u0131zd\u0131r. Ya\u015fad\u0131\u011f\u0131 olaylar\u0131 ve onlar hakk\u0131ndaki yorumlar\u0131n\u0131 g\u00fcnl\u00fc\u011f\u00fcne yazmay\u0131 sever. G\u00fcnl\u00fc\u011f\u00fcnde bazen meraklar\u0131ndan, heveslerinden; bazen de olaylar kar\u015f\u0131s\u0131nda ya\u015fad\u0131\u011f\u0131 ikilemden bahseder. \u00c7etrefilli durumlarda en iyi arkada\u015flar\u0131ndan biri olan dedesi yan\u0131ndad\u0131r daima. B\u00f6ylece Zehra hayat\u0131 anlar ve do\u011fru kararlar vermeyi \u00f6\u011frenir.<\/p>\n<p>Her bir kitapta farkl\u0131 hik\u00e2yeler ve etkinliklerle 10 de\u011fer i\u015fleniyor:<br \/>\nsorumluluk, yard\u0131mseverlik, adalet, \u00f6z g\u00fcven, liderlik, dostluk, do\u011fruluk, sab\u0131r, sayg\u0131, \u00f6z denetim.<\/p>\n<p>Bu kitab\u0131n, <a href=\"https:\/\/edam.com.tr\/urun-yayin\/zehras-diary-respect\/\">Zehra&#8217;s Diary<\/a> ad\u0131yla \u0130ngilizce bask\u0131s\u0131 da mevcuttur.<\/p>\n","protected":false},"excerpt":{"rendered":"<p>Zehra d\u00fc\u015f\u00fcnmeyi seven, zeki ve merakl\u0131 bir k\u0131zd\u0131r. Ya\u015fad\u0131\u011f\u0131 olaylar\u0131&hellip;<\/p>\n<p> <a class=\"more-link\" href=\"https:\/\/edam.com.tr\/en\/product\/zorbul-zehranin-gunlugu-saygi\/\">Read more<\/a><\/p>\n","protected":false},"featured_media":12877,"comment_status":"open","ping_status":"closed","template":"","meta":{"_acf_changed":false},"product_brand":[],"product_cat":[427,437,477,478],"product_tag":[717],"class_list":{"0":"post-14935","1":"product","2":"type-product","3":"status-publish","4":"has-post-thumbnail","6":"product_cat-childrens","7":"product_cat-fiction","8":"product_cat-values-education-fiction","9":"product_cat-zahras-diary-series-turkish","10":"product_tag-saygi-en","11":"pa_katki-saglayan-ahmet-mercan-en","12":"pa_katki-saglayan-hatice-isilak-durmus-en","13":"pa_katki-saglayan-neriman-karatekin-en","14":"pa_katki-saglayan-turan-dertli-en","15":"pa_yas-gruplari-9-14-en","17":"first","18":"instock","19":"taxable","20":"shipping-taxable","21":"purchasable","22":"product-type-simple"},"acf":[],"_links":{"self":[{"href":"https:\/\/edam.com.tr\/en\/wp-json\/wp\/v2\/product\/14935","targetHints":{"allow":["GET"]}}],"collection":[{"href":"https:\/\/edam.com.tr\/en\/wp-json\/wp\/v2\/product"}],"about":[{"href":"https:\/\/edam.com.tr\/en\/wp-json\/wp\/v2\/types\/product"}],"replies":[{"embeddable":true,"href":"https:\/\/edam.com.tr\/en\/wp-json\/wp\/v2\/comments?post=14935"}],"wp:featuredmedia":[{"embeddable":true,"href":"https:\/\/edam.com.tr\/en\/wp-json\/wp\/v2\/media\/12877"}],"wp:attachment":[{"href":"https:\/\/edam.com.tr\/en\/wp-json\/wp\/v2\/media?parent=14935"}],"wp:term":[{"taxonomy":"product_brand","embeddable":true,"href":"https:\/\/edam.com.tr\/en\/wp-json\/wp\/v2\/product_brand?post=14935"},{"taxonomy":"product_cat","embeddable":true,"href":"https:\/\/edam.com.tr\/en\/wp-json\/wp\/v2\/product_cat?post=14935"},{"taxonomy":"product_tag","embeddable":true,"href":"https:\/\/edam.com.tr\/en\/wp-json\/wp\/v2\/product_tag?post=14935"}],"curies":[{"name":"wp","href":"https:\/\/api.w.org\/{rel}","templated":true}]}}