{"id":14921,"date":"2024-03-20T18:04:56","date_gmt":"2024-03-20T15:04:56","guid":{"rendered":"https:\/\/edam.com.tr\/urun\/perese-degerler-egitimi-ogrenci-calisma-kitabi-7-dogruluk\/"},"modified":"2026-01-02T00:16:44","modified_gmt":"2026-01-01T21:16:44","slug":"perese-degerler-egitimi-ogrenci-calisma-kitabi-7-dogruluk","status":"publish","type":"product","link":"https:\/\/edam.com.tr\/en\/product\/perese-degerler-egitimi-ogrenci-calisma-kitabi-7-dogruluk\/","title":{"rendered":"Perese\u00ae De\u011ferler E\u011fitimi \u00d6\u011frenci \u00c7al\u0131\u015fma Kitab\u0131 7: Do\u011fruluk"},"content":{"rendered":"<p>Perese\u00a9 De\u011ferler E\u011fitimi \u00d6\u011fretmen Kitab\u0131 setinde yer alan \u00e7al\u0131\u015fma k\u00e2\u011f\u0131tlar\u0131n\u0131n \u00f6\u011frenciye ula\u015ft\u0131r\u0131lmas\u0131 amac\u0131yla haz\u0131rlanm\u0131\u015f 10 kitapl\u0131k bir dizidir. Bu dizideki etkinlikler Perese\u00a9 De\u011ferler E\u011fitimi \u00d6\u011fretmen Kitab\u0131 e\u015fli\u011finde kullan\u0131lmal\u0131d\u0131r.<\/p>\n","protected":false},"excerpt":{"rendered":"<p>Perese\u00a9 De\u011ferler E\u011fitimi \u00d6\u011fretmen Kitab\u0131 setinde yer alan \u00e7al\u0131\u015fma k\u00e2\u011f\u0131tlar\u0131n\u0131n&hellip;<\/p>\n<p> <a class=\"more-link\" href=\"https:\/\/edam.com.tr\/en\/product\/perese-degerler-egitimi-ogrenci-calisma-kitabi-7-dogruluk\/\">Read more<\/a><\/p>\n","protected":false},"featured_media":12930,"comment_status":"open","ping_status":"closed","template":"","meta":{"_acf_changed":false},"product_brand":[],"product_cat":[448,427,473,472],"product_tag":[733,734,719],"class_list":{"0":"post-14921","1":"product","2":"type-product","3":"status-publish","4":"has-post-thumbnail","6":"product_cat-activity","7":"product_cat-childrens","8":"product_cat-perese-student-book-series","9":"product_cat-values-education-activity","10":"product_tag-degerler-egitimi-en","11":"product_tag-degerler-egitimi-ogrenci-kitabi-en","12":"product_tag-dogruluk-en","13":"pa_katki-saglayan-alpaslan-durmus-en","14":"pa_katki-saglayan-halil-eksi-en","15":"pa_katki-saglayan-hatice-isilak-durmus-en","16":"pa_katki-saglayan-mustafa-otrar-en","17":"pa_katki-saglayan-neriman-karatekin-en","18":"pa_katki-saglayan-pinar-koc-yildirim-en","19":"pa_yas-gruplari-13-plus","20":"pa_yas-gruplari-7-12-en","22":"first","23":"instock","24":"taxable","25":"shipping-taxable","26":"purchasable","27":"product-type-simple"},"acf":[],"_links":{"self":[{"href":"https:\/\/edam.com.tr\/en\/wp-json\/wp\/v2\/product\/14921","targetHints":{"allow":["GET"]}}],"collection":[{"href":"https:\/\/edam.com.tr\/en\/wp-json\/wp\/v2\/product"}],"about":[{"href":"https:\/\/edam.com.tr\/en\/wp-json\/wp\/v2\/types\/product"}],"replies":[{"embeddable":true,"href":"https:\/\/edam.com.tr\/en\/wp-json\/wp\/v2\/comments?post=14921"}],"wp:featuredmedia":[{"embeddable":true,"href":"https:\/\/edam.com.tr\/en\/wp-json\/wp\/v2\/media\/12930"}],"wp:attachment":[{"href":"https:\/\/edam.com.tr\/en\/wp-json\/wp\/v2\/media?parent=14921"}],"wp:term":[{"taxonomy":"product_brand","embeddable":true,"href":"https:\/\/edam.com.tr\/en\/wp-json\/wp\/v2\/product_brand?post=14921"},{"taxonomy":"product_cat","embeddable":true,"href":"https:\/\/edam.com.tr\/en\/wp-json\/wp\/v2\/product_cat?post=14921"},{"taxonomy":"product_tag","embeddable":true,"href":"https:\/\/edam.com.tr\/en\/wp-json\/wp\/v2\/product_tag?post=14921"}],"curies":[{"name":"wp","href":"https:\/\/api.w.org\/{rel}","templated":true}]}}