{"id":14916,"date":"2024-03-20T18:05:26","date_gmt":"2024-03-20T15:05:26","guid":{"rendered":"https:\/\/edam.com.tr\/urun\/rehine-dostluk\/"},"modified":"2026-01-02T00:16:44","modified_gmt":"2026-01-01T21:16:44","slug":"rehine-dostluk","status":"publish","type":"product","link":"https:\/\/edam.com.tr\/en\/product\/rehine-dostluk\/","title":{"rendered":"Rehine &#8211; Dostluk"},"content":{"rendered":"<p>Sa\u011flam dostlar\u0131n var m\u0131? Peki sen ne kadar s\u0131k\u0131 bir arkada\u015fs\u0131n? Arkada\u015f\u0131na yard\u0131m etme konusunda s\u0131n\u0131r\u0131n ne? Friedrich von Schiller\u2019in kahramanl\u0131k ve dostluk temal\u0131 me\u015fhur \u00f6yk\u00fcs\u00fc, Turan Dertli\u2019nin usta \u00e7izimleriyle \u00e7izgi \u00f6yk\u00fcye uyarland\u0131. Zamanlar\u0131 a\u015fan, e\u015fsiz bir \u00f6yk\u00fc&#8230;<\/p>\n<p>Bu kitab\u0131n, <a href=\"https:\/\/edam.com.tr\/urun-yayin\/hostage-friendship\/\">Hostage<\/a> adl\u0131 \u0130ngilizce bask\u0131s\u0131 da mevcuttur.<\/p>\n","protected":false},"excerpt":{"rendered":"<p>Sa\u011flam dostlar\u0131n var m\u0131? Peki sen ne kadar s\u0131k\u0131 bir&hellip;<\/p>\n<p> <a class=\"more-link\" href=\"https:\/\/edam.com.tr\/en\/product\/rehine-dostluk\/\">Read more<\/a><\/p>\n","protected":false},"featured_media":12958,"comment_status":"open","ping_status":"closed","template":"","meta":{"_acf_changed":false},"product_brand":[],"product_cat":[470],"product_tag":[733,731,720],"class_list":{"0":"post-14916","1":"product","2":"type-product","3":"status-publish","4":"has-post-thumbnail","6":"product_cat-comics","7":"product_tag-degerler-egitimi-en","8":"product_tag-degerler-egitimi-cizgi-oyku-en","9":"product_tag-dostluk-en","10":"pa_katki-saglayan-friedrich-von-schiller-en","11":"pa_katki-saglayan-hatice-isilak-durmus-en","12":"pa_katki-saglayan-turan-dertli-en","13":"pa_yas-gruplari-9-12-en","15":"first","16":"instock","17":"taxable","18":"shipping-taxable","19":"purchasable","20":"product-type-simple"},"acf":[],"_links":{"self":[{"href":"https:\/\/edam.com.tr\/en\/wp-json\/wp\/v2\/product\/14916","targetHints":{"allow":["GET"]}}],"collection":[{"href":"https:\/\/edam.com.tr\/en\/wp-json\/wp\/v2\/product"}],"about":[{"href":"https:\/\/edam.com.tr\/en\/wp-json\/wp\/v2\/types\/product"}],"replies":[{"embeddable":true,"href":"https:\/\/edam.com.tr\/en\/wp-json\/wp\/v2\/comments?post=14916"}],"wp:featuredmedia":[{"embeddable":true,"href":"https:\/\/edam.com.tr\/en\/wp-json\/wp\/v2\/media\/12958"}],"wp:attachment":[{"href":"https:\/\/edam.com.tr\/en\/wp-json\/wp\/v2\/media?parent=14916"}],"wp:term":[{"taxonomy":"product_brand","embeddable":true,"href":"https:\/\/edam.com.tr\/en\/wp-json\/wp\/v2\/product_brand?post=14916"},{"taxonomy":"product_cat","embeddable":true,"href":"https:\/\/edam.com.tr\/en\/wp-json\/wp\/v2\/product_cat?post=14916"},{"taxonomy":"product_tag","embeddable":true,"href":"https:\/\/edam.com.tr\/en\/wp-json\/wp\/v2\/product_tag?post=14916"}],"curies":[{"name":"wp","href":"https:\/\/api.w.org\/{rel}","templated":true}]}}