{"id":14915,"date":"2024-03-20T18:05:27","date_gmt":"2024-03-20T15:05:27","guid":{"rendered":"https:\/\/edam.com.tr\/urun\/dunyaya-donus-sabir\/"},"modified":"2026-01-02T00:16:44","modified_gmt":"2026-01-01T21:16:44","slug":"dunyaya-donus-sabir","status":"publish","type":"product","link":"https:\/\/edam.com.tr\/en\/product\/dunyaya-donus-sabir\/","title":{"rendered":"D\u00fcnya\u2019ya D\u00f6n\u00fc\u015f &#8211; Sab\u0131r"},"content":{"rendered":"<p>Y\u0131llarca s\u00fcren sava\u015flardan sonra D\u00fcnya ya\u015fan\u0131labilir bir gezegen olmaktan \u00e7\u0131km\u0131\u015ft\u0131r. Sava\u015flardan kurtulan bir grup insan uzayda bir koloni kurmu\u015f, insan nesli bundan sonra ya\u015fam\u0131n\u0131 burada s\u00fcrd\u00fcrm\u00fc\u015ft\u00fcr. Bir g\u00fcn kayna\u011f\u0131 belirsiz bir ses sinyali alg\u0131lan\u0131r. Yap\u0131lan ara\u015ft\u0131rmalar sonu\u00e7suz kal\u0131r, sinyalin kayna\u011f\u0131 bulunamaz. Fakat bir grup gen\u00e7, bu sinyalin D\u00fcnya\u2019dan geldi\u011fini ke\u015ffeder. Peki ama bu sinyali D\u00fcnya\u2019dan kim g\u00f6nderiyor?<br \/>\nD\u00fcnya\u2019da hayat kald\u0131 m\u0131? D\u00fcnya nas\u0131l bir yere d\u00f6n\u00fc\u015ft\u00fc? Kahramanlar\u0131m\u0131z\u0131 ve sizi D\u00fcnya\u2019da bekleyen s\u00fcrprizlere haz\u0131r olun!<\/p>\n<p>Bu kitab\u0131n, <a href=\"https:\/\/edam.com.tr\/urun-yayin\/return-to-earth\/\">Return to Earth<\/a> adl\u0131 \u0130ngilizce bask\u0131s\u0131 da mevcuttur.<\/p>\n","protected":false},"excerpt":{"rendered":"<p>Y\u0131llarca s\u00fcren sava\u015flardan sonra D\u00fcnya ya\u015fan\u0131labilir bir gezegen olmaktan \u00e7\u0131km\u0131\u015ft\u0131r.&hellip;<\/p>\n<p> <a class=\"more-link\" href=\"https:\/\/edam.com.tr\/en\/product\/dunyaya-donus-sabir\/\">Read more<\/a><\/p>\n","protected":false},"featured_media":12960,"comment_status":"open","ping_status":"closed","template":"","meta":{"_acf_changed":false},"product_brand":[],"product_cat":[470],"product_tag":[733,731,691,718],"class_list":{"0":"post-14915","1":"product","2":"type-product","3":"status-publish","4":"has-post-thumbnail","6":"product_cat-comics","7":"product_tag-degerler-egitimi-en","8":"product_tag-degerler-egitimi-cizgi-oyku-en","9":"product_tag-karakter-okulu-en","10":"product_tag-sabir-en","11":"pa_katki-saglayan-hatice-isilak-durmus-en","12":"pa_katki-saglayan-neriman-karatekin-en","13":"pa_katki-saglayan-turan-dertli-en","14":"pa_yas-gruplari-9-12-en","16":"first","17":"instock","18":"taxable","19":"shipping-taxable","20":"purchasable","21":"product-type-simple"},"acf":[],"_links":{"self":[{"href":"https:\/\/edam.com.tr\/en\/wp-json\/wp\/v2\/product\/14915","targetHints":{"allow":["GET"]}}],"collection":[{"href":"https:\/\/edam.com.tr\/en\/wp-json\/wp\/v2\/product"}],"about":[{"href":"https:\/\/edam.com.tr\/en\/wp-json\/wp\/v2\/types\/product"}],"replies":[{"embeddable":true,"href":"https:\/\/edam.com.tr\/en\/wp-json\/wp\/v2\/comments?post=14915"}],"wp:featuredmedia":[{"embeddable":true,"href":"https:\/\/edam.com.tr\/en\/wp-json\/wp\/v2\/media\/12960"}],"wp:attachment":[{"href":"https:\/\/edam.com.tr\/en\/wp-json\/wp\/v2\/media?parent=14915"}],"wp:term":[{"taxonomy":"product_brand","embeddable":true,"href":"https:\/\/edam.com.tr\/en\/wp-json\/wp\/v2\/product_brand?post=14915"},{"taxonomy":"product_cat","embeddable":true,"href":"https:\/\/edam.com.tr\/en\/wp-json\/wp\/v2\/product_cat?post=14915"},{"taxonomy":"product_tag","embeddable":true,"href":"https:\/\/edam.com.tr\/en\/wp-json\/wp\/v2\/product_tag?post=14915"}],"curies":[{"name":"wp","href":"https:\/\/api.w.org\/{rel}","templated":true}]}}