{"id":14914,"date":"2024-03-20T18:05:27","date_gmt":"2024-03-20T15:05:27","guid":{"rendered":"https:\/\/edam.com.tr\/urun\/buzulya-sorumluluk\/"},"modified":"2026-01-29T13:25:10","modified_gmt":"2026-01-29T10:25:10","slug":"buzulya-sorumluluk","status":"publish","type":"product","link":"https:\/\/edam.com.tr\/en\/product\/buzulya-sorumluluk\/","title":{"rendered":"Buzulya"},"content":{"rendered":"<p>\u00d6yku\u0308mu\u0308z evlerin, saraylar\u0131n, \u00e7i\u00e7eklerin, hatta insanlar\u0131n bile buzdan oldu\u011fu bir u\u0308lkede, Buzulya\u2019da ge\u00e7iyor.<\/p>\n<p>Herkesin huzur ve mutluluk i\u00e7inde ya\u015fad\u0131\u011f\u0131 bu u\u0308lkede, gu\u0308nu\u0308n birinde korkun\u00e7 bir \u015fey olur ve buzlar erimeye ba\u015flar. E\u011fer bir \u015feyler yap\u0131lmazsa kocaman bir u\u0308lke ve insanlar yok olacakt\u0131r. Buz Prenses ve bu u\u0308lkeye ait olmad\u0131\u011f\u0131 her h\u00e2linden belli olan \u00c7\u00f6p K\u0131z u\u0308lkeyi kurtarmak i\u00e7in hemen harekete ge\u00e7erler.<\/p>\n<p>Sonra ne mi olur? Bu sorunun cevab\u0131n\u0131 kahramanlar\u0131m\u0131za e\u015flik ederek \u00f6\u011frenmeye ne dersiniz?<\/p>\n<p>Bu kitab\u0131n, <a href=\"https:\/\/edam.com.tr\/urun-yayin\/icelandia-responsibility\/\">Icelandia<\/a> adl\u0131 \u0130nglizce bask\u0131s\u0131 da mevcuttur.<\/p>\n","protected":false},"excerpt":{"rendered":"<p>\u00d6yku\u0308mu\u0308z evlerin, saraylar\u0131n, \u00e7i\u00e7eklerin, hatta insanlar\u0131n bile buzdan oldu\u011fu bir&hellip;<\/p>\n<p> <a class=\"more-link\" href=\"https:\/\/edam.com.tr\/en\/product\/buzulya-sorumluluk\/\">Read more<\/a><\/p>\n","protected":false},"featured_media":32368,"comment_status":"open","ping_status":"closed","template":"","meta":{"_acf_changed":false},"product_brand":[],"product_cat":[470],"product_tag":[733,731,690,691,725],"class_list":{"0":"post-14914","1":"product","2":"type-product","3":"status-publish","4":"has-post-thumbnail","6":"product_cat-comics","7":"product_tag-degerler-egitimi-en","8":"product_tag-degerler-egitimi-cizgi-oyku-en","9":"product_tag-karakter-egitimi-en","10":"product_tag-karakter-okulu-en","11":"product_tag-sorumluluk-en","12":"pa_katki-saglayan-hatice-isilak-durmus-en","13":"pa_katki-saglayan-turan-dertli-en","14":"pa_yas-gruplari-9-12-en","16":"first","17":"instock","18":"taxable","19":"shipping-taxable","20":"purchasable","21":"product-type-simple"},"acf":[],"_links":{"self":[{"href":"https:\/\/edam.com.tr\/en\/wp-json\/wp\/v2\/product\/14914","targetHints":{"allow":["GET"]}}],"collection":[{"href":"https:\/\/edam.com.tr\/en\/wp-json\/wp\/v2\/product"}],"about":[{"href":"https:\/\/edam.com.tr\/en\/wp-json\/wp\/v2\/types\/product"}],"replies":[{"embeddable":true,"href":"https:\/\/edam.com.tr\/en\/wp-json\/wp\/v2\/comments?post=14914"}],"wp:featuredmedia":[{"embeddable":true,"href":"https:\/\/edam.com.tr\/en\/wp-json\/wp\/v2\/media\/32368"}],"wp:attachment":[{"href":"https:\/\/edam.com.tr\/en\/wp-json\/wp\/v2\/media?parent=14914"}],"wp:term":[{"taxonomy":"product_brand","embeddable":true,"href":"https:\/\/edam.com.tr\/en\/wp-json\/wp\/v2\/product_brand?post=14914"},{"taxonomy":"product_cat","embeddable":true,"href":"https:\/\/edam.com.tr\/en\/wp-json\/wp\/v2\/product_cat?post=14914"},{"taxonomy":"product_tag","embeddable":true,"href":"https:\/\/edam.com.tr\/en\/wp-json\/wp\/v2\/product_tag?post=14914"}],"curies":[{"name":"wp","href":"https:\/\/api.w.org\/{rel}","templated":true}]}}