{"id":14913,"date":"2024-03-20T18:05:27","date_gmt":"2024-03-20T15:05:27","guid":{"rendered":"https:\/\/edam.com.tr\/urun\/bir-kuzu-bin-kuzu-yardimseverlik\/"},"modified":"2026-01-02T00:16:44","modified_gmt":"2026-01-01T21:16:44","slug":"bir-kuzu-bin-kuzu-yardimseverlik","status":"publish","type":"product","link":"https:\/\/edam.com.tr\/en\/product\/bir-kuzu-bin-kuzu-yardimseverlik\/","title":{"rendered":"Bir Kuzu Bin Kuzu &#8211; Yard\u0131mseverlik"},"content":{"rendered":"<p>Yard\u0131mseverlik temas\u0131n\u0131 i\u015fleyen \u00f6yku\u0308mu\u0308z bor\u00e7lanarak bir kuzu sat\u0131n alan ve bu kuzu sayesinde zengin olan bir adam ile bu adama bor\u00e7 veren ki\u015finin ba\u015flar\u0131ndan ge\u00e7enleri anlat\u0131yor. Tek bir kuzu zamanla nas\u0131l su\u0308ru\u0308ye d\u00f6nu\u0308\u015fu\u0308yor? Birbirlerini tan\u0131yan veya tan\u0131mayan insanlar\u0131n yollar\u0131 \u00e7e\u015fitli vesilelerle nas\u0131l birle\u015fiyor? Bu birle\u015fmede yard\u0131mseverlik nas\u0131l bir rol oynuyor? Bu sorular\u0131n cevaplar\u0131n\u0131 \u00f6yku\u0308mu\u0308zde bulacaks\u0131n\u0131z<\/p>\n<p>Bu kitab\u0131n, <a href=\"https:\/\/edam.com.tr\/urun-yayin\/one-sheep-one-thousand-sheeps-compassion\/\">One Sheep, One Thousand Sheep<\/a> adl\u0131 \u0130ngilizce \u00e7evirisi de mevcuttur.<\/p>\n","protected":false},"excerpt":{"rendered":"<p>Yard\u0131mseverlik temas\u0131n\u0131 i\u015fleyen \u00f6yku\u0308mu\u0308z bor\u00e7lanarak bir kuzu sat\u0131n alan ve&hellip;<\/p>\n<p> <a class=\"more-link\" href=\"https:\/\/edam.com.tr\/en\/product\/bir-kuzu-bin-kuzu-yardimseverlik\/\">Read more<\/a><\/p>\n","protected":false},"featured_media":12964,"comment_status":"open","ping_status":"closed","template":"","meta":{"_acf_changed":false},"product_brand":[],"product_cat":[470],"product_tag":[733,731,724],"class_list":{"0":"post-14913","1":"product","2":"type-product","3":"status-publish","4":"has-post-thumbnail","6":"product_cat-comics","7":"product_tag-degerler-egitimi-en","8":"product_tag-degerler-egitimi-cizgi-oyku-en","9":"product_tag-yardimseverlik-en","10":"pa_katki-saglayan-ayla-abak-en","11":"pa_katki-saglayan-turan-dertli-en","12":"pa_yas-gruplari-9-12-en","14":"first","15":"instock","16":"taxable","17":"shipping-taxable","18":"purchasable","19":"product-type-simple"},"acf":[],"_links":{"self":[{"href":"https:\/\/edam.com.tr\/en\/wp-json\/wp\/v2\/product\/14913","targetHints":{"allow":["GET"]}}],"collection":[{"href":"https:\/\/edam.com.tr\/en\/wp-json\/wp\/v2\/product"}],"about":[{"href":"https:\/\/edam.com.tr\/en\/wp-json\/wp\/v2\/types\/product"}],"replies":[{"embeddable":true,"href":"https:\/\/edam.com.tr\/en\/wp-json\/wp\/v2\/comments?post=14913"}],"wp:featuredmedia":[{"embeddable":true,"href":"https:\/\/edam.com.tr\/en\/wp-json\/wp\/v2\/media\/12964"}],"wp:attachment":[{"href":"https:\/\/edam.com.tr\/en\/wp-json\/wp\/v2\/media?parent=14913"}],"wp:term":[{"taxonomy":"product_brand","embeddable":true,"href":"https:\/\/edam.com.tr\/en\/wp-json\/wp\/v2\/product_brand?post=14913"},{"taxonomy":"product_cat","embeddable":true,"href":"https:\/\/edam.com.tr\/en\/wp-json\/wp\/v2\/product_cat?post=14913"},{"taxonomy":"product_tag","embeddable":true,"href":"https:\/\/edam.com.tr\/en\/wp-json\/wp\/v2\/product_tag?post=14913"}],"curies":[{"name":"wp","href":"https:\/\/api.w.org\/{rel}","templated":true}]}}