{"id":14912,"date":"2024-03-20T18:05:27","date_gmt":"2024-03-20T15:05:27","guid":{"rendered":"https:\/\/edam.com.tr\/urun\/mustafa-adalet\/"},"modified":"2026-01-02T00:16:44","modified_gmt":"2026-01-01T21:16:44","slug":"mustafa-adalet","status":"publish","type":"product","link":"https:\/\/edam.com.tr\/en\/product\/mustafa-adalet\/","title":{"rendered":"Mustafa &#8211; Adalet"},"content":{"rendered":"<p>Mustafa heyecanl\u0131, cesur ve yi\u011fit bir pehlivand\u0131r. En yak\u0131n arkada\u015f\u0131 Ahmet\u2019in adam \u00f6ld\u00fcrmekten hapse at\u0131ld\u0131\u011f\u0131n\u0131 \u00f6\u011frenince \u015fa\u015fk\u0131na d\u00f6ner. Kad\u0131 ile birlikte i\u015fin asl\u0131n\u0131 \u00f6\u011frenmek i\u00e7in ara\u015ft\u0131rmaya koyulur. Mustafa\u2019n\u0131n sab\u0131rs\u0131z ve merakl\u0131 tav\u0131rlar\u0131 Kad\u0131\u2019ya zaman zaman zor anlar ya\u015fat\u0131r. Ama sonunda Kad\u0131\u2019n\u0131n zek\u00e2s\u0131 ve Mustafa\u2019n\u0131n cesareti sayesinde i\u015fin asl\u0131 a\u00e7\u0131\u011fa \u00e7\u0131kar.<br \/>\nS\u00fcr\u00fckleyici ve s\u00fcrprizlerle dolu bu macera sizin de ilginizi \u00e7ekecek.<\/p>\n<p>Bu kitab\u0131n <a href=\"https:\/\/edam.com.tr\/urun-yayin\/mustafa-justice\/\">Mustafa<\/a> adl\u0131 \u0130ngilizce bask\u0131s\u0131 da mevcuttur.<\/p>\n","protected":false},"excerpt":{"rendered":"<p>Mustafa heyecanl\u0131, cesur ve yi\u011fit bir pehlivand\u0131r. En yak\u0131n arkada\u015f\u0131&hellip;<\/p>\n<p> <a class=\"more-link\" href=\"https:\/\/edam.com.tr\/en\/product\/mustafa-adalet\/\">Read more<\/a><\/p>\n","protected":false},"featured_media":12966,"comment_status":"open","ping_status":"closed","template":"","meta":{"_acf_changed":false},"product_brand":[],"product_cat":[470],"product_tag":[723,733,731],"class_list":{"0":"post-14912","1":"product","2":"type-product","3":"status-publish","4":"has-post-thumbnail","6":"product_cat-comics","7":"product_tag-adalet-en","8":"product_tag-degerler-egitimi-en","9":"product_tag-degerler-egitimi-cizgi-oyku-en","10":"pa_katki-saglayan-hatice-isilak-durmus-en","11":"pa_katki-saglayan-nezire-demir-en","12":"pa_katki-saglayan-ogan-kandemiroglu-en","13":"pa_yas-gruplari-9-12-en","15":"first","16":"instock","17":"taxable","18":"shipping-taxable","19":"purchasable","20":"product-type-simple"},"acf":[],"_links":{"self":[{"href":"https:\/\/edam.com.tr\/en\/wp-json\/wp\/v2\/product\/14912","targetHints":{"allow":["GET"]}}],"collection":[{"href":"https:\/\/edam.com.tr\/en\/wp-json\/wp\/v2\/product"}],"about":[{"href":"https:\/\/edam.com.tr\/en\/wp-json\/wp\/v2\/types\/product"}],"replies":[{"embeddable":true,"href":"https:\/\/edam.com.tr\/en\/wp-json\/wp\/v2\/comments?post=14912"}],"wp:featuredmedia":[{"embeddable":true,"href":"https:\/\/edam.com.tr\/en\/wp-json\/wp\/v2\/media\/12966"}],"wp:attachment":[{"href":"https:\/\/edam.com.tr\/en\/wp-json\/wp\/v2\/media?parent=14912"}],"wp:term":[{"taxonomy":"product_brand","embeddable":true,"href":"https:\/\/edam.com.tr\/en\/wp-json\/wp\/v2\/product_brand?post=14912"},{"taxonomy":"product_cat","embeddable":true,"href":"https:\/\/edam.com.tr\/en\/wp-json\/wp\/v2\/product_cat?post=14912"},{"taxonomy":"product_tag","embeddable":true,"href":"https:\/\/edam.com.tr\/en\/wp-json\/wp\/v2\/product_tag?post=14912"}],"curies":[{"name":"wp","href":"https:\/\/api.w.org\/{rel}","templated":true}]}}