{"id":14911,"date":"2024-03-20T18:05:28","date_gmt":"2024-03-20T15:05:28","guid":{"rendered":"https:\/\/edam.com.tr\/urun\/denizden-gelen-misafir-saygi\/"},"modified":"2026-01-02T00:16:44","modified_gmt":"2026-01-01T21:16:44","slug":"denizden-gelen-misafir-saygi","status":"publish","type":"product","link":"https:\/\/edam.com.tr\/en\/product\/denizden-gelen-misafir-saygi\/","title":{"rendered":"Denizden Gelen Misafir &#8211; Sayg\u0131"},"content":{"rendered":"<p>Selim, \u00e7ok istedi\u011fi Japon bal\u0131klar\u0131ndan almak i\u00e7in para biriktirir. Ama yeterli paray\u0131 bir t\u00fcrl\u00fc denkle\u015ftiremez. Tam umutsuzlu\u011fa kap\u0131ld\u0131\u011f\u0131 anda denizden beklenmedik bir misafir \u00e7\u0131kagelir. Art\u0131k Selim\u2019in mutlulu\u011funa diyecek yoktur. Peki acaba misafir de bu durumdan Selim kadar memnun mudur? Selim sevimli misafirinin iyili\u011fi i\u00e7in bir tercihte bulunmak zorunda kal\u0131r.<br \/>\nAcaba Selim\u2019in tercihi en \u00e7ok kimi sevindirecek?<\/p>\n<p>Bu kitab\u0131n, <a href=\"https:\/\/edam.com.tr\/urun-yayin\/a-guest-from-the-sea-respect\/\">A Guest From The Sea<\/a> adl\u0131 \u0130ngilizce bask\u0131s\u0131 da mevcuttur.<\/p>\n","protected":false},"excerpt":{"rendered":"<p>Selim, \u00e7ok istedi\u011fi Japon bal\u0131klar\u0131ndan almak i\u00e7in para biriktirir. Ama&hellip;<\/p>\n<p> <a class=\"more-link\" href=\"https:\/\/edam.com.tr\/en\/product\/denizden-gelen-misafir-saygi\/\">Read more<\/a><\/p>\n","protected":false},"featured_media":12968,"comment_status":"open","ping_status":"closed","template":"","meta":{"_acf_changed":false},"product_brand":[],"product_cat":[470],"product_tag":[733,731,691,717],"class_list":{"0":"post-14911","1":"product","2":"type-product","3":"status-publish","4":"has-post-thumbnail","6":"product_cat-comics","7":"product_tag-degerler-egitimi-en","8":"product_tag-degerler-egitimi-cizgi-oyku-en","9":"product_tag-karakter-okulu-en","10":"product_tag-saygi-en","11":"pa_katki-saglayan-nezire-demir-en","12":"pa_katki-saglayan-turan-dertli-en","13":"pa_yas-gruplari-9-12-en","15":"first","16":"instock","17":"taxable","18":"shipping-taxable","19":"purchasable","20":"product-type-simple"},"acf":[],"_links":{"self":[{"href":"https:\/\/edam.com.tr\/en\/wp-json\/wp\/v2\/product\/14911","targetHints":{"allow":["GET"]}}],"collection":[{"href":"https:\/\/edam.com.tr\/en\/wp-json\/wp\/v2\/product"}],"about":[{"href":"https:\/\/edam.com.tr\/en\/wp-json\/wp\/v2\/types\/product"}],"replies":[{"embeddable":true,"href":"https:\/\/edam.com.tr\/en\/wp-json\/wp\/v2\/comments?post=14911"}],"wp:featuredmedia":[{"embeddable":true,"href":"https:\/\/edam.com.tr\/en\/wp-json\/wp\/v2\/media\/12968"}],"wp:attachment":[{"href":"https:\/\/edam.com.tr\/en\/wp-json\/wp\/v2\/media?parent=14911"}],"wp:term":[{"taxonomy":"product_brand","embeddable":true,"href":"https:\/\/edam.com.tr\/en\/wp-json\/wp\/v2\/product_brand?post=14911"},{"taxonomy":"product_cat","embeddable":true,"href":"https:\/\/edam.com.tr\/en\/wp-json\/wp\/v2\/product_cat?post=14911"},{"taxonomy":"product_tag","embeddable":true,"href":"https:\/\/edam.com.tr\/en\/wp-json\/wp\/v2\/product_tag?post=14911"}],"curies":[{"name":"wp","href":"https:\/\/api.w.org\/{rel}","templated":true}]}}