{"id":14910,"date":"2024-03-20T18:05:28","date_gmt":"2024-03-20T15:05:28","guid":{"rendered":"https:\/\/edam.com.tr\/urun\/plastik-kelebekler-oz-denetim\/"},"modified":"2026-01-02T00:16:44","modified_gmt":"2026-01-01T21:16:44","slug":"plastik-kelebekler-oz-denetim","status":"publish","type":"product","link":"https:\/\/edam.com.tr\/en\/product\/plastik-kelebekler-oz-denetim\/","title":{"rendered":"Plastik Kelebekler &#8211; \u00d6z Denetim"},"content":{"rendered":"<p>Neler oluyor? B\u00fct\u00fcn i\u015fi mahveden bu tembel \u00e7ocuk da kim?<br \/>\nBu \u00e7izgi \u00f6yk\u00fc, \u00f6z denetimi \u00f6\u011frenmesi gereken bir \u00e7ocuk hakk\u0131nda&#8230;<\/p>\n<p>Bu kitab\u0131n, <a href=\"https:\/\/edam.com.tr\/urun-yayin\/plastic-butterflies-self-control\/\">Plastic Butterflies<\/a> adl\u0131 \u0130ngilizce bask\u0131s\u0131 da mevcuttur.<\/p>\n","protected":false},"excerpt":{"rendered":"<p>Neler oluyor? B\u00fct\u00fcn i\u015fi mahveden bu tembel \u00e7ocuk da kim?&hellip;<\/p>\n<p> <a class=\"more-link\" href=\"https:\/\/edam.com.tr\/en\/product\/plastik-kelebekler-oz-denetim\/\">Read more<\/a><\/p>\n","protected":false},"featured_media":12970,"comment_status":"open","ping_status":"closed","template":"","meta":{"_acf_changed":false},"product_brand":[],"product_cat":[470],"product_tag":[731,732],"class_list":{"0":"post-14910","1":"product","2":"type-product","3":"status-publish","4":"has-post-thumbnail","6":"product_cat-comics","7":"product_tag-degerler-egitimi-cizgi-oyku-en","8":"product_tag-oz-denetim-en","9":"pa_katki-saglayan-emirhan-perker-en","10":"pa_katki-saglayan-hatice-isilak-durmus-en","11":"pa_katki-saglayan-meryem-nuriye-yavuz-en","12":"pa_yas-gruplari-9-12-en","14":"first","15":"instock","16":"taxable","17":"shipping-taxable","18":"purchasable","19":"product-type-simple"},"acf":[],"_links":{"self":[{"href":"https:\/\/edam.com.tr\/en\/wp-json\/wp\/v2\/product\/14910","targetHints":{"allow":["GET"]}}],"collection":[{"href":"https:\/\/edam.com.tr\/en\/wp-json\/wp\/v2\/product"}],"about":[{"href":"https:\/\/edam.com.tr\/en\/wp-json\/wp\/v2\/types\/product"}],"replies":[{"embeddable":true,"href":"https:\/\/edam.com.tr\/en\/wp-json\/wp\/v2\/comments?post=14910"}],"wp:featuredmedia":[{"embeddable":true,"href":"https:\/\/edam.com.tr\/en\/wp-json\/wp\/v2\/media\/12970"}],"wp:attachment":[{"href":"https:\/\/edam.com.tr\/en\/wp-json\/wp\/v2\/media?parent=14910"}],"wp:term":[{"taxonomy":"product_brand","embeddable":true,"href":"https:\/\/edam.com.tr\/en\/wp-json\/wp\/v2\/product_brand?post=14910"},{"taxonomy":"product_cat","embeddable":true,"href":"https:\/\/edam.com.tr\/en\/wp-json\/wp\/v2\/product_cat?post=14910"},{"taxonomy":"product_tag","embeddable":true,"href":"https:\/\/edam.com.tr\/en\/wp-json\/wp\/v2\/product_tag?post=14910"}],"curies":[{"name":"wp","href":"https:\/\/api.w.org\/{rel}","templated":true}]}}