{"id":14902,"date":"2024-03-20T18:05:28","date_gmt":"2024-03-20T15:05:28","guid":{"rendered":"https:\/\/edam.com.tr\/urun\/istanbul-oz-guven\/"},"modified":"2026-01-02T00:16:44","modified_gmt":"2026-01-01T21:16:44","slug":"istanbul-oz-guven","status":"publish","type":"product","link":"https:\/\/edam.com.tr\/en\/product\/istanbul-oz-guven\/","title":{"rendered":"\u0130stanbul &#8211; \u00d6z G\u00fcven"},"content":{"rendered":"<p>Gen\u00e7 bir \u00e7ocuk, bilmedi\u011fi bir \u015fehir olan \u0130stanbul\u2019da ustas\u0131n\u0131n verdi\u011fi paketi birisine teslim etmek i\u00e7in yola \u00e7\u0131kar. Kalabal\u0131ktan g\u00f6z\u00fc korkan gen\u00e7, g\u00f6revini yerine getirip getirmeyece\u011finden emin de\u011fildir. Acaba bu gen\u00e7 \u00e7ocuk bu i\u015fin \u00fcstesinden gelebilecek mi? G\u00fczel \u00e7izimleri ile ilham verici bir hik\u00e2yeye haz\u0131r olun.<\/p>\n<p>Bu kitab\u0131n <a href=\"https:\/\/edam.com.tr\/urun-yayin\/istanbul-self-confidence\/\">Istanbul<\/a> isimli \u0130ngilizce bask\u0131s\u0131 da mevcuttur.<\/p>\n","protected":false},"excerpt":{"rendered":"<p>Gen\u00e7 bir \u00e7ocuk, bilmedi\u011fi bir \u015fehir olan \u0130stanbul\u2019da ustas\u0131n\u0131n verdi\u011fi&hellip;<\/p>\n<p> <a class=\"more-link\" href=\"https:\/\/edam.com.tr\/en\/product\/istanbul-oz-guven\/\">Read more<\/a><\/p>\n","protected":false},"featured_media":12972,"comment_status":"open","ping_status":"closed","template":"","meta":{"_acf_changed":false},"product_brand":[],"product_cat":[470],"product_tag":[722,711],"class_list":{"0":"post-14902","1":"product","2":"type-product","3":"status-publish","4":"has-post-thumbnail","6":"product_cat-comics","7":"product_tag-oz-guven-en","8":"product_tag-self-confidence-en","9":"pa_katki-saglayan-hatice-isilak-durmus-en","10":"pa_katki-saglayan-meryem-nuriye-yavuz-en","11":"pa_katki-saglayan-ogan-kandemiroglu-en","12":"pa_yas-gruplari-9-12-en","14":"first","15":"instock","16":"taxable","17":"shipping-taxable","18":"purchasable","19":"product-type-simple"},"acf":[],"_links":{"self":[{"href":"https:\/\/edam.com.tr\/en\/wp-json\/wp\/v2\/product\/14902","targetHints":{"allow":["GET"]}}],"collection":[{"href":"https:\/\/edam.com.tr\/en\/wp-json\/wp\/v2\/product"}],"about":[{"href":"https:\/\/edam.com.tr\/en\/wp-json\/wp\/v2\/types\/product"}],"replies":[{"embeddable":true,"href":"https:\/\/edam.com.tr\/en\/wp-json\/wp\/v2\/comments?post=14902"}],"wp:featuredmedia":[{"embeddable":true,"href":"https:\/\/edam.com.tr\/en\/wp-json\/wp\/v2\/media\/12972"}],"wp:attachment":[{"href":"https:\/\/edam.com.tr\/en\/wp-json\/wp\/v2\/media?parent=14902"}],"wp:term":[{"taxonomy":"product_brand","embeddable":true,"href":"https:\/\/edam.com.tr\/en\/wp-json\/wp\/v2\/product_brand?post=14902"},{"taxonomy":"product_cat","embeddable":true,"href":"https:\/\/edam.com.tr\/en\/wp-json\/wp\/v2\/product_cat?post=14902"},{"taxonomy":"product_tag","embeddable":true,"href":"https:\/\/edam.com.tr\/en\/wp-json\/wp\/v2\/product_tag?post=14902"}],"curies":[{"name":"wp","href":"https:\/\/api.w.org\/{rel}","templated":true}]}}