{"id":14901,"date":"2024-03-20T18:05:29","date_gmt":"2024-03-20T15:05:29","guid":{"rendered":"https:\/\/edam.com.tr\/urun\/mukaddes-beldeler-mekke-i-mukerreme-medine-i-munevvere\/"},"modified":"2026-01-02T00:16:44","modified_gmt":"2026-01-01T21:16:44","slug":"mukaddes-beldeler-mekke-i-mukerreme-medine-i-munevvere","status":"publish","type":"product","link":"https:\/\/edam.com.tr\/en\/product\/mukaddes-beldeler-mekke-i-mukerreme-medine-i-munevvere\/","title":{"rendered":"Mukaddes Beldeler &#8211; Mekke-i M\u00fckerreme, Medine-i M\u00fcnevvere"},"content":{"rendered":"<p>Mukaddes Beldeler Mekke-i M\u00fckerreme, Medine-i M\u00fcnevvere kitab\u0131 gerek M\u00fcsl\u00fcmanlar gerekse \u0130slam dinini tan\u0131mayanlar i\u00e7in d\u00fcnyadaki en b\u00fcy\u00fck geleneklerden ve dinlerden biri olan \u0130slam\u2019\u0131n mukaddes mek\u00e2nlar\u0131na ve dolay\u0131s\u0131 ile \u0130slam\u2019\u0131n kalbine bir ge\u00e7it vazifesi g\u00f6r\u00fcyor.<\/p>\n<p>\u0130slami inan\u00e7 ve geleneklerin \u00f6z\u00fcn\u00fc foto\u011fraflar\u0131 ve metni ile ortaya koyan Mukaddes Beldeler Mekke-i M\u00fckerreme, Medine-i M\u00fcnevvere, merkezinde din olan ve d\u00fcnyevi ile uhrevi aras\u0131nda hi\u00e7bir ayr\u0131m olmayan bir \u00e2leme \u00e7ok \u00e7arp\u0131c\u0131 bir giri\u015f imk\u00e2n\u0131 sa\u011fl\u0131yor.<\/p>\n","protected":false},"excerpt":{"rendered":"<p>Mukaddes Beldeler Mekke-i M\u00fckerreme, Medine-i M\u00fcnevvere kitab\u0131 gerek M\u00fcsl\u00fcmanlar gerekse&hellip;<\/p>\n<p> <a class=\"more-link\" href=\"https:\/\/edam.com.tr\/en\/product\/mukaddes-beldeler-mekke-i-mukerreme-medine-i-munevvere\/\">Read more<\/a><\/p>\n","protected":false},"featured_media":13012,"comment_status":"open","ping_status":"closed","template":"","meta":{"_acf_changed":false},"product_brand":[],"product_cat":[467,430],"product_tag":[730,728],"class_list":{"0":"post-14901","1":"product","2":"type-product","3":"status-publish","4":"has-post-thumbnail","6":"product_cat-islamic-sciences","7":"product_cat-nonfiction","8":"product_tag-medine-en","9":"product_tag-mekke-en","10":"pa_katki-saglayan-ali-kazuyoshi-nomachi-en","11":"pa_katki-saglayan-alpaslan-durmus-en","12":"pa_katki-saglayan-seyyid-huseyin-nasr-en","13":"pa_katki-saglayan-zeynep-alp-en","14":"pa_yas-gruplari-general-audience","16":"first","17":"instock","18":"taxable","19":"shipping-taxable","20":"purchasable","21":"product-type-simple"},"acf":[],"_links":{"self":[{"href":"https:\/\/edam.com.tr\/en\/wp-json\/wp\/v2\/product\/14901","targetHints":{"allow":["GET"]}}],"collection":[{"href":"https:\/\/edam.com.tr\/en\/wp-json\/wp\/v2\/product"}],"about":[{"href":"https:\/\/edam.com.tr\/en\/wp-json\/wp\/v2\/types\/product"}],"replies":[{"embeddable":true,"href":"https:\/\/edam.com.tr\/en\/wp-json\/wp\/v2\/comments?post=14901"}],"wp:featuredmedia":[{"embeddable":true,"href":"https:\/\/edam.com.tr\/en\/wp-json\/wp\/v2\/media\/13012"}],"wp:attachment":[{"href":"https:\/\/edam.com.tr\/en\/wp-json\/wp\/v2\/media?parent=14901"}],"wp:term":[{"taxonomy":"product_brand","embeddable":true,"href":"https:\/\/edam.com.tr\/en\/wp-json\/wp\/v2\/product_brand?post=14901"},{"taxonomy":"product_cat","embeddable":true,"href":"https:\/\/edam.com.tr\/en\/wp-json\/wp\/v2\/product_cat?post=14901"},{"taxonomy":"product_tag","embeddable":true,"href":"https:\/\/edam.com.tr\/en\/wp-json\/wp\/v2\/product_tag?post=14901"}],"curies":[{"name":"wp","href":"https:\/\/api.w.org\/{rel}","templated":true}]}}