{"id":14900,"date":"2024-03-20T18:05:30","date_gmt":"2024-03-20T15:05:30","guid":{"rendered":"https:\/\/edam.com.tr\/urun\/unutmadik-unutturmayacagiz\/"},"modified":"2026-01-02T00:16:44","modified_gmt":"2026-01-01T21:16:44","slug":"unutmadik-unutturmayacagiz","status":"publish","type":"product","link":"https:\/\/edam.com.tr\/en\/product\/unutmadik-unutturmayacagiz\/","title":{"rendered":"Unutmad\u0131k! Unutturmayaca\u011f\u0131z!"},"content":{"rendered":"<p>Unutmad\u0131k 15 Temmuz&#8217;da ya\u015fananlar\u0131. Unutturmayaca\u011f\u0131z da&#8230; Anlataca\u011f\u0131z \u00e7ocuklar\u0131m\u0131za. Bazen uzun c\u00fcmlelerle, bazen sessiz&#8230;<\/p>\n<p>S\u00f6z\u00fcn bitti\u011fi gece ya\u015fananlar\u0131 &#8220;yaz\u0131s\u0131z&#8221; anlatan bir kartpostal kitab\u0131 &#8220;Unutmad\u0131k! Unutturmayaca\u011f\u0131z!&#8221; EDAM taraf\u0131ndan yay\u0131mlanan alb\u00fcme Turan Dertli, Yahya Alakay ve M\u00fczeyyen Y\u0131lmaz \u00e7izgileriyle kat\u0131lm\u0131\u015flar.<\/p>\n<p>Kopar\u0131n bir kartpostal, g\u00f6nderin bir yak\u0131n\u0131n\u0131za. Arkas\u0131na isterseniz bir not d\u00fc\u015f\u00fcn, isterseniz yaz\u0131s\u0131z yollay\u0131n. Ama unutmay\u0131n, unutturmay\u0131n!<\/p>\n","protected":false},"excerpt":{"rendered":"<p>Unutmad\u0131k 15 Temmuz&#8217;da ya\u015fananlar\u0131. Unutturmayaca\u011f\u0131z da&#8230; Anlataca\u011f\u0131z \u00e7ocuklar\u0131m\u0131za. Bazen uzun&hellip;<\/p>\n<p> <a class=\"more-link\" href=\"https:\/\/edam.com.tr\/en\/product\/unutmadik-unutturmayacagiz\/\">Read more<\/a><\/p>\n","protected":false},"featured_media":13038,"comment_status":"open","ping_status":"closed","template":"","meta":{"_acf_changed":false},"product_brand":[],"product_cat":[427,446],"product_tag":[729],"class_list":{"0":"post-14900","1":"product","2":"type-product","3":"status-publish","4":"has-post-thumbnail","6":"product_cat-childrens","7":"product_cat-silent-books","8":"product_tag-15-temmuz-en","9":"pa_katki-saglayan-muzeyyen-yilmaz-en","10":"pa_katki-saglayan-turan-dertli-en","11":"pa_katki-saglayan-yahya-alakay-en","12":"pa_yas-gruplari-13-plus","13":"pa_yas-gruplari-general-audience","15":"first","16":"instock","17":"taxable","18":"shipping-taxable","19":"purchasable","20":"product-type-simple"},"acf":[],"_links":{"self":[{"href":"https:\/\/edam.com.tr\/en\/wp-json\/wp\/v2\/product\/14900","targetHints":{"allow":["GET"]}}],"collection":[{"href":"https:\/\/edam.com.tr\/en\/wp-json\/wp\/v2\/product"}],"about":[{"href":"https:\/\/edam.com.tr\/en\/wp-json\/wp\/v2\/types\/product"}],"replies":[{"embeddable":true,"href":"https:\/\/edam.com.tr\/en\/wp-json\/wp\/v2\/comments?post=14900"}],"wp:featuredmedia":[{"embeddable":true,"href":"https:\/\/edam.com.tr\/en\/wp-json\/wp\/v2\/media\/13038"}],"wp:attachment":[{"href":"https:\/\/edam.com.tr\/en\/wp-json\/wp\/v2\/media?parent=14900"}],"wp:term":[{"taxonomy":"product_brand","embeddable":true,"href":"https:\/\/edam.com.tr\/en\/wp-json\/wp\/v2\/product_brand?post=14900"},{"taxonomy":"product_cat","embeddable":true,"href":"https:\/\/edam.com.tr\/en\/wp-json\/wp\/v2\/product_cat?post=14900"},{"taxonomy":"product_tag","embeddable":true,"href":"https:\/\/edam.com.tr\/en\/wp-json\/wp\/v2\/product_tag?post=14900"}],"curies":[{"name":"wp","href":"https:\/\/api.w.org\/{rel}","templated":true}]}}