{"id":14899,"date":"2024-03-20T18:05:30","date_gmt":"2024-03-20T15:05:30","guid":{"rendered":"https:\/\/edam.com.tr\/urun\/yasandi-butun-bunlar\/"},"modified":"2026-01-02T00:16:44","modified_gmt":"2026-01-01T21:16:44","slug":"yasandi-butun-bunlar","status":"publish","type":"product","link":"https:\/\/edam.com.tr\/en\/product\/yasandi-butun-bunlar\/","title":{"rendered":"Ya\u015fand\u0131 B\u00fct\u00fcn Bunlar&#8230;"},"content":{"rendered":"<p>&#8220;Millet&#8221;in meclisi kendi ordusundaki hainler taraf\u0131ndan bombaland\u0131. \u00dclkenin sokaklar\u0131nda tanklarla y\u00fcr\u00fcd\u00fcler hainler. Keskin ni\u015fanc\u0131lar yerle\u015ftirdiler sa\u011fa, sola, k\u00f6pr\u00fcn\u00fcn aya\u011f\u0131na. &#8220;Darbe var.&#8221; dediler, &#8220;\u00c7\u0131kamazs\u0131n\u0131z art\u0131k soka\u011fa.&#8221;<\/p>\n<p>Ve bir teyze terlikleriyle f\u0131rlad\u0131 d\u0131\u015far\u0131ya. Bir dede t\u0131rmand\u0131 tank\u0131n tepesine. Bir delikanl\u0131 motosikletini \u00f6l\u00fcm\u00fcne s\u00fcrd\u00fc tank\u0131n \u00fcst\u00fcne. Evinin \u00e7at\u0131s\u0131ndan F 16&#8217;ya levye f\u0131rlatt\u0131 bir ba\u015fkas\u0131.<\/p>\n<p>Minarelerden salalar okundu. Bir millet tek v\u00fccut oldu, kurtard\u0131 vatan\u0131n\u0131. \u015eehitler verdi, gaziler b\u0131rakt\u0131.<\/p>\n<p>Ya\u015fand\u0131 b\u00fct\u00fcn bunlar&#8230;<\/p>\n<p>Usta sanat\u00e7\u0131 \u015eafak Tavkul, \u00e7izimleriyle o anlar\u0131 bir kez daha ya\u015fat\u0131yor okurlar\u0131na. EDAM taraf\u0131ndan yay\u0131mlanan alb\u00fcm, kartpostal formunda. Unutmayal\u0131m, unutturmayal\u0131m diye&#8230;<\/p>\n","protected":false},"excerpt":{"rendered":"<p>&#8220;Millet&#8221;in meclisi kendi ordusundaki hainler taraf\u0131ndan bombaland\u0131. \u00dclkenin sokaklar\u0131nda tanklarla&hellip;<\/p>\n<p> <a class=\"more-link\" href=\"https:\/\/edam.com.tr\/en\/product\/yasandi-butun-bunlar\/\">Read more<\/a><\/p>\n","protected":false},"featured_media":13050,"comment_status":"open","ping_status":"closed","template":"","meta":{"_acf_changed":false},"product_brand":[],"product_cat":[468,465],"product_tag":[729],"class_list":{"0":"post-14899","1":"product","2":"type-product","3":"status-publish","4":"has-post-thumbnail","6":"product_cat-silent-books-ya","7":"product_cat-ya","8":"product_tag-15-temmuz-en","9":"pa_katki-saglayan-safak-tavkul-en","10":"pa_yas-gruplari-13-plus","11":"pa_yas-gruplari-general-audience","13":"first","14":"instock","15":"taxable","16":"shipping-taxable","17":"purchasable","18":"product-type-simple"},"acf":[],"_links":{"self":[{"href":"https:\/\/edam.com.tr\/en\/wp-json\/wp\/v2\/product\/14899","targetHints":{"allow":["GET"]}}],"collection":[{"href":"https:\/\/edam.com.tr\/en\/wp-json\/wp\/v2\/product"}],"about":[{"href":"https:\/\/edam.com.tr\/en\/wp-json\/wp\/v2\/types\/product"}],"replies":[{"embeddable":true,"href":"https:\/\/edam.com.tr\/en\/wp-json\/wp\/v2\/comments?post=14899"}],"wp:featuredmedia":[{"embeddable":true,"href":"https:\/\/edam.com.tr\/en\/wp-json\/wp\/v2\/media\/13050"}],"wp:attachment":[{"href":"https:\/\/edam.com.tr\/en\/wp-json\/wp\/v2\/media?parent=14899"}],"wp:term":[{"taxonomy":"product_brand","embeddable":true,"href":"https:\/\/edam.com.tr\/en\/wp-json\/wp\/v2\/product_brand?post=14899"},{"taxonomy":"product_cat","embeddable":true,"href":"https:\/\/edam.com.tr\/en\/wp-json\/wp\/v2\/product_cat?post=14899"},{"taxonomy":"product_tag","embeddable":true,"href":"https:\/\/edam.com.tr\/en\/wp-json\/wp\/v2\/product_tag?post=14899"}],"curies":[{"name":"wp","href":"https:\/\/api.w.org\/{rel}","templated":true}]}}