{"id":14898,"date":"2024-03-20T18:05:31","date_gmt":"2024-03-20T15:05:31","guid":{"rendered":"https:\/\/edam.com.tr\/urun\/hac-islamin-kalbine-yolculuk\/"},"modified":"2026-01-02T00:16:44","modified_gmt":"2026-01-01T21:16:44","slug":"hac-islamin-kalbine-yolculuk","status":"publish","type":"product","link":"https:\/\/edam.com.tr\/en\/product\/hac-islamin-kalbine-yolculuk\/","title":{"rendered":"Hac &#8211; \u0130slam\u2019\u0131n Kalbine Yolculuk"},"content":{"rendered":"<p>Nerede ya\u015farsa ya\u015fas\u0131n b\u00fct\u00fcn M\u00fcsl\u00fcmanlar i\u00e7in Mekke\u2019ye, yani Hz. Muhammed\u2019in vahye mazhar oldu\u011fu yere, \u0130slam\u2019\u0131n kalbine, hayat\u0131nda en az\u0131ndan bir kere bile olsa gitmek son derece g\u00fc\u00e7l\u00fc bir istek duyulan kutsal bir vazifedir. Her sene milyonlarca M\u00fcsl\u00fcman\u0131 kendisine \u00e7eken hac, d\u00fcnyan\u0131n her k\u00f6\u015fesinden hac\u0131y\u0131 bir araya getiren kuvvetli bir ba\u011fd\u0131r. \u0130slam\u2019\u0131n ibadet anlay\u0131\u015f\u0131 ve inan\u00e7 evreninin bu asli unsurunu hem M\u00fcsl\u00fcmanlar\u0131n hem de M\u00fcsl\u00fcman olmayanlar\u0131n ke\u015ffetmesine kap\u0131 aralayan elinizdeki eser, \u0130slam\u2019a dair d\u00fcnya \u00e7ap\u0131nda bir bilincin olu\u015fturulmas\u0131na \u00f6nemli bir katk\u0131 sa\u011fl\u0131yor.<\/p>\n","protected":false},"excerpt":{"rendered":"<p>Nerede ya\u015farsa ya\u015fas\u0131n b\u00fct\u00fcn M\u00fcsl\u00fcmanlar i\u00e7in Mekke\u2019ye, yani Hz. Muhammed\u2019in&hellip;<\/p>\n<p> <a class=\"more-link\" href=\"https:\/\/edam.com.tr\/en\/product\/hac-islamin-kalbine-yolculuk\/\">Read more<\/a><\/p>\n","protected":false},"featured_media":13074,"comment_status":"open","ping_status":"closed","template":"","meta":{"_acf_changed":false},"product_brand":[],"product_cat":[467,430],"product_tag":[726,727,728],"class_list":{"0":"post-14898","1":"product","2":"type-product","3":"status-publish","4":"has-post-thumbnail","6":"product_cat-islamic-sciences","7":"product_cat-nonfiction","8":"product_tag-hac-en","9":"product_tag-islam-en","10":"product_tag-mekke-en","11":"pa_katki-saglayan-hugh-kennedy-en","12":"pa_katki-saglayan-karen-amstrong-en","13":"pa_katki-saglayan-muhammed-a-s-abdel-haleem-en","14":"pa_katki-saglayan-omer-mansur-colakoglu-en","15":"pa_katki-saglayan-robert-irwin-en","16":"pa_katki-saglayan-venetia-porter-en","17":"pa_katki-saglayan-ziauddin-sardar-en","18":"pa_yas-gruplari-general-audience","20":"first","21":"instock","22":"taxable","23":"shipping-taxable","24":"purchasable","25":"product-type-simple"},"acf":[],"_links":{"self":[{"href":"https:\/\/edam.com.tr\/en\/wp-json\/wp\/v2\/product\/14898","targetHints":{"allow":["GET"]}}],"collection":[{"href":"https:\/\/edam.com.tr\/en\/wp-json\/wp\/v2\/product"}],"about":[{"href":"https:\/\/edam.com.tr\/en\/wp-json\/wp\/v2\/types\/product"}],"replies":[{"embeddable":true,"href":"https:\/\/edam.com.tr\/en\/wp-json\/wp\/v2\/comments?post=14898"}],"wp:featuredmedia":[{"embeddable":true,"href":"https:\/\/edam.com.tr\/en\/wp-json\/wp\/v2\/media\/13074"}],"wp:attachment":[{"href":"https:\/\/edam.com.tr\/en\/wp-json\/wp\/v2\/media?parent=14898"}],"wp:term":[{"taxonomy":"product_brand","embeddable":true,"href":"https:\/\/edam.com.tr\/en\/wp-json\/wp\/v2\/product_brand?post=14898"},{"taxonomy":"product_cat","embeddable":true,"href":"https:\/\/edam.com.tr\/en\/wp-json\/wp\/v2\/product_cat?post=14898"},{"taxonomy":"product_tag","embeddable":true,"href":"https:\/\/edam.com.tr\/en\/wp-json\/wp\/v2\/product_tag?post=14898"}],"curies":[{"name":"wp","href":"https:\/\/api.w.org\/{rel}","templated":true}]}}