{"id":14832,"date":"2024-03-20T18:06:38","date_gmt":"2024-03-20T15:06:38","guid":{"rendered":"https:\/\/edam.com.tr\/urun\/ses-temelli-elifba-ve-tecvit-yontemi\/"},"modified":"2026-01-02T00:16:41","modified_gmt":"2026-01-01T21:16:41","slug":"ses-temelli-elifba-ve-tecvit-yontemi","status":"publish","type":"product","link":"https:\/\/edam.com.tr\/en\/product\/ses-temelli-elifba-ve-tecvit-yontemi\/","title":{"rendered":"Ses Temelli Elifb\u00e2 ve Tecvit Y\u00f6ntemi"},"content":{"rendered":"<p>Bu \u00e7al\u0131\u015fmada \u00f6ncelikle g\u00fcn\u00fcm\u00fczde uygulanmakta olan klasik elifb\u00e2 \u00f6\u011fretiminde izlenen y\u00f6ntemler ve kar\u015f\u0131la\u015f\u0131lan problemler \u00f6zet bir \u015fekilde ortaya konmaya \u00e7al\u0131\u015f\u0131lacak, ard\u0131ndan yeni bir sistem ve bir \u00e7\u00f6z\u00fcm \u00f6nerisi olarak &#8220;Ses Temelli Elifb\u00e2\u201d \u00f6rne\u011fi ele al\u0131nacak ve tan\u0131t\u0131lmaya \u00e7al\u0131\u015f\u0131lacakt\u0131r. Y\u00f6ntemin yeni ve klasik y\u00f6ntemden farkl\u0131 olmas\u0131 nedeniyle bir yandan uygulaman\u0131n \u00f6\u011frenilmesine yard\u0131mc\u0131 olunmaya \u00e7al\u0131\u015f\u0131lacak, di\u011fer yandan klasik y\u00f6ntemden ayr\u0131ld\u0131\u011f\u0131 hususlar ortaya konulacakt\u0131r. B\u00f6ylece okuyucular\u0131n iki farkl\u0131 y\u00f6ntemin sonu\u00e7lar\u0131 aras\u0131ndaki farkl\u0131l\u0131\u011f\u0131 g\u00f6rmesi m\u00fcmk\u00fcn olacakt\u0131r.<\/p>\n","protected":false},"excerpt":{"rendered":"<p>Bu \u00e7al\u0131\u015fmada \u00f6ncelikle g\u00fcn\u00fcm\u00fczde uygulanmakta olan klasik elifb\u00e2 \u00f6\u011fretiminde izlenen&hellip;<\/p>\n<p> <a class=\"more-link\" href=\"https:\/\/edam.com.tr\/en\/product\/ses-temelli-elifba-ve-tecvit-yontemi\/\">Read more<\/a><\/p>\n","protected":false},"featured_media":13212,"comment_status":"open","ping_status":"closed","template":"","meta":{"_acf_changed":false},"product_brand":[],"product_cat":[461,460,430],"product_tag":[716],"class_list":{"0":"post-14832","1":"product","2":"type-product","3":"status-publish","4":"has-post-thumbnail","6":"product_cat-alternative-approaches","7":"product_cat-educational-sciences","8":"product_cat-nonfiction","9":"product_tag-elifba-en","10":"pa_katki-saglayan-alpaslan-durmus-en","11":"pa_katki-saglayan-hatice-ayar-en","12":"pa_katki-saglayan-hatice-isilak-durmus-en","13":"pa_yas-gruplari-general-audience","15":"first","16":"instock","17":"taxable","18":"shipping-taxable","19":"purchasable","20":"product-type-simple"},"acf":[],"_links":{"self":[{"href":"https:\/\/edam.com.tr\/en\/wp-json\/wp\/v2\/product\/14832","targetHints":{"allow":["GET"]}}],"collection":[{"href":"https:\/\/edam.com.tr\/en\/wp-json\/wp\/v2\/product"}],"about":[{"href":"https:\/\/edam.com.tr\/en\/wp-json\/wp\/v2\/types\/product"}],"replies":[{"embeddable":true,"href":"https:\/\/edam.com.tr\/en\/wp-json\/wp\/v2\/comments?post=14832"}],"wp:featuredmedia":[{"embeddable":true,"href":"https:\/\/edam.com.tr\/en\/wp-json\/wp\/v2\/media\/13212"}],"wp:attachment":[{"href":"https:\/\/edam.com.tr\/en\/wp-json\/wp\/v2\/media?parent=14832"}],"wp:term":[{"taxonomy":"product_brand","embeddable":true,"href":"https:\/\/edam.com.tr\/en\/wp-json\/wp\/v2\/product_brand?post=14832"},{"taxonomy":"product_cat","embeddable":true,"href":"https:\/\/edam.com.tr\/en\/wp-json\/wp\/v2\/product_cat?post=14832"},{"taxonomy":"product_tag","embeddable":true,"href":"https:\/\/edam.com.tr\/en\/wp-json\/wp\/v2\/product_tag?post=14832"}],"curies":[{"name":"wp","href":"https:\/\/api.w.org\/{rel}","templated":true}]}}