{"id":14772,"date":"2024-03-20T18:08:14","date_gmt":"2024-03-20T15:08:14","guid":{"rendered":"https:\/\/edam.com.tr\/urun\/istanbul-tablo-boyama-serisi-7-adalar\/"},"modified":"2026-01-02T00:16:39","modified_gmt":"2026-01-01T21:16:39","slug":"istanbul-tablo-boyama-serisi-7-adalar","status":"publish","type":"product","link":"https:\/\/edam.com.tr\/en\/product\/istanbul-tablo-boyama-serisi-7-adalar\/","title":{"rendered":"\u0130stanbul Tablo Boyama Serisi 7 &#8211; Adalar"},"content":{"rendered":"<p>F\u0131r\u0131nlanm\u0131\u015f \u0130talyan tip ah\u015fap \u015faseler ebada g\u00f6re g\u00fc\u00e7lendirilerek kullan\u0131lm\u0131\u015ft\u0131r. Birinci s\u0131n\u0131f tuval kuma\u015f \u00fczerine kullan\u0131lan m\u00fcrekkep insan sa\u011fl\u0131\u011f\u0131na zararl\u0131 olmayan i\u00e7 mek\u00e2n su bazl\u0131 boyad\u0131r. \u00dcr\u00fcnlerimiz solvent ve t\u00fcrevlerini i\u00e7ermez.<\/p>\n","protected":false},"excerpt":{"rendered":"<p>F\u0131r\u0131nlanm\u0131\u015f \u0130talyan tip ah\u015fap \u015faseler ebada g\u00f6re g\u00fc\u00e7lendirilerek kullan\u0131lm\u0131\u015ft\u0131r. Birinci&hellip;<\/p>\n<p> <a class=\"more-link\" href=\"https:\/\/edam.com.tr\/en\/product\/istanbul-tablo-boyama-serisi-7-adalar\/\">Read more<\/a><\/p>\n","protected":false},"featured_media":13399,"comment_status":"open","ping_status":"closed","template":"","meta":{"_acf_changed":false},"product_brand":[],"product_cat":[456,457,443],"product_tag":[703,715],"class_list":{"0":"post-14772","1":"product","2":"type-product","3":"status-publish","4":"has-post-thumbnail","6":"product_cat-canvas","7":"product_cat-coloring-canvas","8":"product_cat-stationary","9":"product_tag-boyama-en","10":"product_tag-tablo-boyama-en","11":"pa_katki-saglayan-ogan-kandemiroglu-en","12":"pa_yas-gruplari-general-audience","14":"first","15":"outofstock","16":"taxable","17":"shipping-taxable","18":"purchasable","19":"product-type-simple"},"acf":[],"_links":{"self":[{"href":"https:\/\/edam.com.tr\/en\/wp-json\/wp\/v2\/product\/14772","targetHints":{"allow":["GET"]}}],"collection":[{"href":"https:\/\/edam.com.tr\/en\/wp-json\/wp\/v2\/product"}],"about":[{"href":"https:\/\/edam.com.tr\/en\/wp-json\/wp\/v2\/types\/product"}],"replies":[{"embeddable":true,"href":"https:\/\/edam.com.tr\/en\/wp-json\/wp\/v2\/comments?post=14772"}],"wp:featuredmedia":[{"embeddable":true,"href":"https:\/\/edam.com.tr\/en\/wp-json\/wp\/v2\/media\/13399"}],"wp:attachment":[{"href":"https:\/\/edam.com.tr\/en\/wp-json\/wp\/v2\/media?parent=14772"}],"wp:term":[{"taxonomy":"product_brand","embeddable":true,"href":"https:\/\/edam.com.tr\/en\/wp-json\/wp\/v2\/product_brand?post=14772"},{"taxonomy":"product_cat","embeddable":true,"href":"https:\/\/edam.com.tr\/en\/wp-json\/wp\/v2\/product_cat?post=14772"},{"taxonomy":"product_tag","embeddable":true,"href":"https:\/\/edam.com.tr\/en\/wp-json\/wp\/v2\/product_tag?post=14772"}],"curies":[{"name":"wp","href":"https:\/\/api.w.org\/{rel}","templated":true}]}}