{"id":14744,"date":"2020-05-13T16:36:35","date_gmt":"2020-05-13T13:36:35","guid":{"rendered":"https:\/\/edam.com.tr\/urun\/sivri-ha-gayret-kursun-kalem\/"},"modified":"2026-01-02T00:16:37","modified_gmt":"2026-01-01T21:16:37","slug":"sivri-ha-gayret-kursun-kalem","status":"publish","type":"product","link":"https:\/\/edam.com.tr\/en\/product\/sivri-ha-gayret-kursun-kalem\/","title":{"rendered":"Sivri Ha Gayret&#8230; Kur\u015fun Kalem"},"content":{"rendered":"<p>Sivri&#8217;nin hayallerinin s\u0131n\u0131r\u0131 yok. Sessiz ama yava\u015f, s\u00fcrekli yeni bir \u015fey in\u015fa etme pe\u015finde&#8230; Zarif ama g\u00fc\u00e7l\u00fc kanatl\u0131 bu yusufcu\u011fun bir s\u0131rr\u0131 var ve bunu ke\u015ffetti\u011finden beri daha azimli. Hi\u00e7bir \u015fey yok olmuyor, sadece \u015fekil de\u011fi\u015ftiriyor&#8230; Bazen k\u00f6t\u00fc ba\u015flang\u0131\u00e7lardan bile harika sonu\u00e7lar \u00e7\u0131kabiliyor. Ke\u015ffetmek i\u00e7in sadece g\u00f6rmen laz\u0131m!<\/p>\n<p>Aman dikkat, sak\u0131n bu s\u0131rlar kelimelere d\u00f6k\u00fclmesin. Bu sessiz kitapla senin aranda kals\u0131n.<\/p>\n<div class=\"video-cantainer\"><iframe src=\"https:\/\/player.vimeo.com\/video\/184291802\"><\/iframe><\/div>\n","protected":false},"excerpt":{"rendered":"<p>Sivri&#8217;nin hayallerinin s\u0131n\u0131r\u0131 yok. Sessiz ama yava\u015f, s\u00fcrekli yeni bir&hellip;<\/p>\n<p> <a class=\"more-link\" href=\"https:\/\/edam.com.tr\/en\/product\/sivri-ha-gayret-kursun-kalem\/\">Read more<\/a><\/p>\n","protected":false},"featured_media":13675,"comment_status":"open","ping_status":"closed","template":"","meta":{"_acf_changed":false},"product_brand":[],"product_cat":[427,446],"product_tag":[],"class_list":{"0":"post-14744","1":"product","2":"type-product","3":"status-publish","4":"has-post-thumbnail","6":"product_cat-childrens","7":"product_cat-silent-books","8":"pa_katki-saglayan-laura-bellini-en","9":"pa_katki-saglayan-zeynep-alp-en","10":"pa_yas-gruplari-7-12-en","12":"first","13":"outofstock","14":"taxable","15":"shipping-taxable","16":"purchasable","17":"product-type-simple"},"acf":[],"_links":{"self":[{"href":"https:\/\/edam.com.tr\/en\/wp-json\/wp\/v2\/product\/14744","targetHints":{"allow":["GET"]}}],"collection":[{"href":"https:\/\/edam.com.tr\/en\/wp-json\/wp\/v2\/product"}],"about":[{"href":"https:\/\/edam.com.tr\/en\/wp-json\/wp\/v2\/types\/product"}],"replies":[{"embeddable":true,"href":"https:\/\/edam.com.tr\/en\/wp-json\/wp\/v2\/comments?post=14744"}],"wp:featuredmedia":[{"embeddable":true,"href":"https:\/\/edam.com.tr\/en\/wp-json\/wp\/v2\/media\/13675"}],"wp:attachment":[{"href":"https:\/\/edam.com.tr\/en\/wp-json\/wp\/v2\/media?parent=14744"}],"wp:term":[{"taxonomy":"product_brand","embeddable":true,"href":"https:\/\/edam.com.tr\/en\/wp-json\/wp\/v2\/product_brand?post=14744"},{"taxonomy":"product_cat","embeddable":true,"href":"https:\/\/edam.com.tr\/en\/wp-json\/wp\/v2\/product_cat?post=14744"},{"taxonomy":"product_tag","embeddable":true,"href":"https:\/\/edam.com.tr\/en\/wp-json\/wp\/v2\/product_tag?post=14744"}],"curies":[{"name":"wp","href":"https:\/\/api.w.org\/{rel}","templated":true}]}}