{"id":14743,"date":"2020-05-13T16:36:35","date_gmt":"2020-05-13T13:36:35","guid":{"rendered":"https:\/\/edam.com.tr\/urun\/sivri-ha-gayret-yumurta\/"},"modified":"2026-01-02T00:16:37","modified_gmt":"2026-01-01T21:16:37","slug":"sivri-ha-gayret-yumurta","status":"publish","type":"product","link":"https:\/\/edam.com.tr\/en\/product\/sivri-ha-gayret-yumurta\/","title":{"rendered":"Sivri Ha Gayret&#8230; Yumurta"},"content":{"rendered":"<p>Hayallerinin g\u00fcc\u00fcne inan! Hayaller ile d\u00fc\u015f\u00fcnceler aras\u0131nda bir d\u00fcnyada ya\u015f\u0131yor Sivri. Ad\u0131 gibi zekas\u0131 da sivri. Hayallerinin pe\u015finde ko\u015fan gayretli Sivri&#8217;nin amac\u0131 bir kutu yumurtay\u0131 \u00fcst \u00fcste dizmek. Sessizce, azimle \u00e7al\u0131\u015f\u0131yor. T\u00fcm hayalleri y\u0131k\u0131lsa da Sivri vazge\u00e7miyor. \u0130rade ve hayal g\u00fcc\u00fcn\u00fcn hikayesi&#8230;<\/p>\n<p>Ha gayret Sivri, harika bir i\u015f \u00e7\u0131karacaks\u0131n!<\/p>\n<div class=\"video-cantainer\"><iframe src=\"https:\/\/player.vimeo.com\/video\/183337509\" allowfullscreen=\"allowfullscreen\"><\/iframe><\/div>\n","protected":false},"excerpt":{"rendered":"<p>Hayallerinin g\u00fcc\u00fcne inan! Hayaller ile d\u00fc\u015f\u00fcnceler aras\u0131nda bir d\u00fcnyada ya\u015f\u0131yor&hellip;<\/p>\n<p> <a class=\"more-link\" href=\"https:\/\/edam.com.tr\/en\/product\/sivri-ha-gayret-yumurta\/\">Read more<\/a><\/p>\n","protected":false},"featured_media":13677,"comment_status":"open","ping_status":"closed","template":"","meta":{"_acf_changed":false},"product_brand":[],"product_cat":[427,446],"product_tag":[],"class_list":{"0":"post-14743","1":"product","2":"type-product","3":"status-publish","4":"has-post-thumbnail","6":"product_cat-childrens","7":"product_cat-silent-books","8":"pa_katki-saglayan-laura-bellini-en","9":"pa_katki-saglayan-zeynep-alp-en","10":"pa_yas-gruplari-7-12-en","12":"first","13":"outofstock","14":"taxable","15":"shipping-taxable","16":"purchasable","17":"product-type-simple"},"acf":[],"_links":{"self":[{"href":"https:\/\/edam.com.tr\/en\/wp-json\/wp\/v2\/product\/14743","targetHints":{"allow":["GET"]}}],"collection":[{"href":"https:\/\/edam.com.tr\/en\/wp-json\/wp\/v2\/product"}],"about":[{"href":"https:\/\/edam.com.tr\/en\/wp-json\/wp\/v2\/types\/product"}],"replies":[{"embeddable":true,"href":"https:\/\/edam.com.tr\/en\/wp-json\/wp\/v2\/comments?post=14743"}],"wp:featuredmedia":[{"embeddable":true,"href":"https:\/\/edam.com.tr\/en\/wp-json\/wp\/v2\/media\/13677"}],"wp:attachment":[{"href":"https:\/\/edam.com.tr\/en\/wp-json\/wp\/v2\/media?parent=14743"}],"wp:term":[{"taxonomy":"product_brand","embeddable":true,"href":"https:\/\/edam.com.tr\/en\/wp-json\/wp\/v2\/product_brand?post=14743"},{"taxonomy":"product_cat","embeddable":true,"href":"https:\/\/edam.com.tr\/en\/wp-json\/wp\/v2\/product_cat?post=14743"},{"taxonomy":"product_tag","embeddable":true,"href":"https:\/\/edam.com.tr\/en\/wp-json\/wp\/v2\/product_tag?post=14743"}],"curies":[{"name":"wp","href":"https:\/\/api.w.org\/{rel}","templated":true}]}}