{"id":14740,"date":"2024-03-20T18:09:19","date_gmt":"2024-03-20T15:09:19","guid":{"rendered":"https:\/\/edam.com.tr\/urun\/aya-yolculuk\/"},"modified":"2026-01-02T00:16:37","modified_gmt":"2026-01-01T21:16:37","slug":"aya-yolculuk","status":"publish","type":"product","link":"https:\/\/edam.com.tr\/en\/product\/aya-yolculuk\/","title":{"rendered":"Ay\u2019a Yolculuk"},"content":{"rendered":"<p>D\u00fcnyan\u0131n en uzun boyama kitab\u0131\u2026 A\u00e7\u0131ld\u0131\u011f\u0131nda tam tam\u0131na 4 metre 82 santimetre! En alttaki evden ba\u015fla ve yava\u015f her \u015feyi boyayarak bu mu\u0308thi\u015f kuleye t\u0131rman. Sonunda Ay\u2019a varacaks\u0131n!<\/p>\n","protected":false},"excerpt":{"rendered":"<p>D\u00fcnyan\u0131n en uzun boyama kitab\u0131\u2026 A\u00e7\u0131ld\u0131\u011f\u0131nda tam tam\u0131na 4 metre&hellip;<\/p>\n<p> <a class=\"more-link\" href=\"https:\/\/edam.com.tr\/en\/product\/aya-yolculuk\/\">Read more<\/a><\/p>\n","protected":false},"featured_media":13679,"comment_status":"open","ping_status":"closed","template":"","meta":{"_acf_changed":false},"product_brand":[],"product_cat":[427,445],"product_tag":[703,705],"class_list":{"0":"post-14740","1":"product","2":"type-product","3":"status-publish","4":"has-post-thumbnail","6":"product_cat-childrens","7":"product_cat-coloring-books","8":"product_tag-boyama-en","9":"product_tag-uzun-boyama-en","10":"pa_katki-saglayan-sarah-yoon-en","11":"pa_katki-saglayan-zeynep-alp-en","12":"pa_yas-gruplari-general-audience","14":"first","15":"outofstock","16":"taxable","17":"shipping-taxable","18":"purchasable","19":"product-type-simple"},"acf":[],"_links":{"self":[{"href":"https:\/\/edam.com.tr\/en\/wp-json\/wp\/v2\/product\/14740","targetHints":{"allow":["GET"]}}],"collection":[{"href":"https:\/\/edam.com.tr\/en\/wp-json\/wp\/v2\/product"}],"about":[{"href":"https:\/\/edam.com.tr\/en\/wp-json\/wp\/v2\/types\/product"}],"replies":[{"embeddable":true,"href":"https:\/\/edam.com.tr\/en\/wp-json\/wp\/v2\/comments?post=14740"}],"wp:featuredmedia":[{"embeddable":true,"href":"https:\/\/edam.com.tr\/en\/wp-json\/wp\/v2\/media\/13679"}],"wp:attachment":[{"href":"https:\/\/edam.com.tr\/en\/wp-json\/wp\/v2\/media?parent=14740"}],"wp:term":[{"taxonomy":"product_brand","embeddable":true,"href":"https:\/\/edam.com.tr\/en\/wp-json\/wp\/v2\/product_brand?post=14740"},{"taxonomy":"product_cat","embeddable":true,"href":"https:\/\/edam.com.tr\/en\/wp-json\/wp\/v2\/product_cat?post=14740"},{"taxonomy":"product_tag","embeddable":true,"href":"https:\/\/edam.com.tr\/en\/wp-json\/wp\/v2\/product_tag?post=14740"}],"curies":[{"name":"wp","href":"https:\/\/api.w.org\/{rel}","templated":true}]}}