{"id":14739,"date":"2024-03-20T18:09:19","date_gmt":"2024-03-20T15:09:19","guid":{"rendered":"https:\/\/edam.com.tr\/urun\/okyanusun-derinlerine-yolculuk\/"},"modified":"2026-01-02T00:16:36","modified_gmt":"2026-01-01T21:16:36","slug":"okyanusun-derinlerine-yolculuk","status":"publish","type":"product","link":"https:\/\/edam.com.tr\/en\/product\/okyanusun-derinlerine-yolculuk\/","title":{"rendered":"Okyanusun Derinlerine Yolculuk"},"content":{"rendered":"<p>D\u00fcnyan\u0131n en derin boyama kitab\u0131\u2026 A\u00e7\u0131ld\u0131\u011f\u0131nda tam tam\u0131na 4 metre 82 santimetre! Engin denizlerde gezinen bir tekneden ba\u015flayan inan\u0131lmaz boyama maceras\u0131 seni bekliyor! Bir yandan boyarken bir yandan da yava\u015f yava\u015f derine dalacaks\u0131n.<\/p>\n","protected":false},"excerpt":{"rendered":"<p>D\u00fcnyan\u0131n en derin boyama kitab\u0131\u2026 A\u00e7\u0131ld\u0131\u011f\u0131nda tam tam\u0131na 4 metre&hellip;<\/p>\n<p> <a class=\"more-link\" href=\"https:\/\/edam.com.tr\/en\/product\/okyanusun-derinlerine-yolculuk\/\">Read more<\/a><\/p>\n","protected":false},"featured_media":13699,"comment_status":"open","ping_status":"closed","template":"","meta":{"_acf_changed":false},"product_brand":[],"product_cat":[427,445],"product_tag":[703,705],"class_list":{"0":"post-14739","1":"product","2":"type-product","3":"status-publish","4":"has-post-thumbnail","6":"product_cat-childrens","7":"product_cat-coloring-books","8":"product_tag-boyama-en","9":"product_tag-uzun-boyama-en","10":"pa_katki-saglayan-sarah-yoon-en","11":"pa_katki-saglayan-zeynep-alp-en","12":"pa_yas-gruplari-general-audience","14":"first","15":"instock","16":"taxable","17":"shipping-taxable","18":"purchasable","19":"product-type-simple"},"acf":[],"_links":{"self":[{"href":"https:\/\/edam.com.tr\/en\/wp-json\/wp\/v2\/product\/14739","targetHints":{"allow":["GET"]}}],"collection":[{"href":"https:\/\/edam.com.tr\/en\/wp-json\/wp\/v2\/product"}],"about":[{"href":"https:\/\/edam.com.tr\/en\/wp-json\/wp\/v2\/types\/product"}],"replies":[{"embeddable":true,"href":"https:\/\/edam.com.tr\/en\/wp-json\/wp\/v2\/comments?post=14739"}],"wp:featuredmedia":[{"embeddable":true,"href":"https:\/\/edam.com.tr\/en\/wp-json\/wp\/v2\/media\/13699"}],"wp:attachment":[{"href":"https:\/\/edam.com.tr\/en\/wp-json\/wp\/v2\/media?parent=14739"}],"wp:term":[{"taxonomy":"product_brand","embeddable":true,"href":"https:\/\/edam.com.tr\/en\/wp-json\/wp\/v2\/product_brand?post=14739"},{"taxonomy":"product_cat","embeddable":true,"href":"https:\/\/edam.com.tr\/en\/wp-json\/wp\/v2\/product_cat?post=14739"},{"taxonomy":"product_tag","embeddable":true,"href":"https:\/\/edam.com.tr\/en\/wp-json\/wp\/v2\/product_tag?post=14739"}],"curies":[{"name":"wp","href":"https:\/\/api.w.org\/{rel}","templated":true}]}}