{"id":14733,"date":"2024-03-20T18:09:48","date_gmt":"2024-03-20T15:09:48","guid":{"rendered":"https:\/\/edam.com.tr\/urun\/heybeliada-boyama-foyu-20li-paketler-halinde\/"},"modified":"2026-01-02T00:16:36","modified_gmt":"2026-01-01T21:16:36","slug":"heybeliada-boyama-foyu-20li-paketler-halinde","status":"publish","type":"product","link":"https:\/\/edam.com.tr\/en\/product\/heybeliada-boyama-foyu-20li-paketler-halinde\/","title":{"rendered":"Heybeliada Boyama F\u00f6y\u00fc (20\u2019li Paketler H\u00e2linde)"},"content":{"rendered":"<p>Heybeliada Boyama F\u00f6y\u00fc (20&#8217;li Paketler H\u00e2linde)<\/p>\n","protected":false},"excerpt":{"rendered":"<p>Heybeliada Boyama F\u00f6y\u00fc (20&#8217;li Paketler H\u00e2linde)<\/p>\n","protected":false},"featured_media":13741,"comment_status":"open","ping_status":"closed","template":"","meta":{"_acf_changed":false},"product_brand":[],"product_cat":[444,443],"product_tag":[703,692],"class_list":{"0":"post-14733","1":"product","2":"type-product","3":"status-publish","4":"has-post-thumbnail","6":"product_cat-coloring-sheets","7":"product_cat-stationary","8":"product_tag-boyama-en","9":"product_tag-istanbul-en","10":"pa_katki-saglayan-ogan-kandemiroglu-en","11":"pa_yas-gruplari-general-audience","13":"first","14":"outofstock","15":"taxable","16":"shipping-taxable","17":"purchasable","18":"product-type-simple"},"acf":[],"_links":{"self":[{"href":"https:\/\/edam.com.tr\/en\/wp-json\/wp\/v2\/product\/14733","targetHints":{"allow":["GET"]}}],"collection":[{"href":"https:\/\/edam.com.tr\/en\/wp-json\/wp\/v2\/product"}],"about":[{"href":"https:\/\/edam.com.tr\/en\/wp-json\/wp\/v2\/types\/product"}],"replies":[{"embeddable":true,"href":"https:\/\/edam.com.tr\/en\/wp-json\/wp\/v2\/comments?post=14733"}],"wp:featuredmedia":[{"embeddable":true,"href":"https:\/\/edam.com.tr\/en\/wp-json\/wp\/v2\/media\/13741"}],"wp:attachment":[{"href":"https:\/\/edam.com.tr\/en\/wp-json\/wp\/v2\/media?parent=14733"}],"wp:term":[{"taxonomy":"product_brand","embeddable":true,"href":"https:\/\/edam.com.tr\/en\/wp-json\/wp\/v2\/product_brand?post=14733"},{"taxonomy":"product_cat","embeddable":true,"href":"https:\/\/edam.com.tr\/en\/wp-json\/wp\/v2\/product_cat?post=14733"},{"taxonomy":"product_tag","embeddable":true,"href":"https:\/\/edam.com.tr\/en\/wp-json\/wp\/v2\/product_tag?post=14733"}],"curies":[{"name":"wp","href":"https:\/\/api.w.org\/{rel}","templated":true}]}}