{"id":14724,"date":"2024-03-20T18:09:49","date_gmt":"2024-03-20T15:09:49","guid":{"rendered":"https:\/\/edam.com.tr\/urun\/bazi-siirleri\/"},"modified":"2026-01-02T00:16:36","modified_gmt":"2026-01-01T21:16:36","slug":"bazi-siirleri","status":"publish","type":"product","link":"https:\/\/edam.com.tr\/en\/product\/bazi-siirleri\/","title":{"rendered":"Baz\u0131 \u015eiirleri"},"content":{"rendered":"<p>E\u011fitim bilimleri alan\u0131ndaki \u00e7al\u0131\u015fmalar\u0131 ile tan\u0131nan Alpaslan Durmu\u015f, bu kez bir \u015fiir kitab\u0131 ile okuyucunun kar\u015f\u0131s\u0131nda\u2026<\/p>\n<p style=\"text-align: center;\"><em>\u201cve ans\u0131z\u0131n<\/em><br \/>\n<em>\/ gepge\u00e7 \/<\/em><br \/>\n<em>son<\/em><br \/>\n<em>\u00a0<\/em><br \/>\n<em>bir s\u0131zlan\u0131\u015f m\u0131d\u0131r<\/em><br \/>\n<em>sanki \u015fiir\u201d<\/em><\/p>\n","protected":false},"excerpt":{"rendered":"<p>E\u011fitim bilimleri alan\u0131ndaki \u00e7al\u0131\u015fmalar\u0131 ile tan\u0131nan Alpaslan Durmu\u015f, bu kez&hellip;<\/p>\n<p> <a class=\"more-link\" href=\"https:\/\/edam.com.tr\/en\/product\/bazi-siirleri\/\">Read more<\/a><\/p>\n","protected":false},"featured_media":13747,"comment_status":"open","ping_status":"closed","template":"","meta":{"_acf_changed":false},"product_brand":[],"product_cat":[439,440],"product_tag":[],"class_list":{"0":"post-14724","1":"product","2":"type-product","3":"status-publish","4":"has-post-thumbnail","6":"product_cat-literature","7":"product_cat-poetry","8":"pa_katki-saglayan-alpaslan-durmus-en","9":"pa_yas-gruplari-general-audience","11":"first","12":"instock","13":"taxable","14":"shipping-taxable","15":"purchasable","16":"product-type-simple"},"acf":[],"_links":{"self":[{"href":"https:\/\/edam.com.tr\/en\/wp-json\/wp\/v2\/product\/14724","targetHints":{"allow":["GET"]}}],"collection":[{"href":"https:\/\/edam.com.tr\/en\/wp-json\/wp\/v2\/product"}],"about":[{"href":"https:\/\/edam.com.tr\/en\/wp-json\/wp\/v2\/types\/product"}],"replies":[{"embeddable":true,"href":"https:\/\/edam.com.tr\/en\/wp-json\/wp\/v2\/comments?post=14724"}],"wp:featuredmedia":[{"embeddable":true,"href":"https:\/\/edam.com.tr\/en\/wp-json\/wp\/v2\/media\/13747"}],"wp:attachment":[{"href":"https:\/\/edam.com.tr\/en\/wp-json\/wp\/v2\/media?parent=14724"}],"wp:term":[{"taxonomy":"product_brand","embeddable":true,"href":"https:\/\/edam.com.tr\/en\/wp-json\/wp\/v2\/product_brand?post=14724"},{"taxonomy":"product_cat","embeddable":true,"href":"https:\/\/edam.com.tr\/en\/wp-json\/wp\/v2\/product_cat?post=14724"},{"taxonomy":"product_tag","embeddable":true,"href":"https:\/\/edam.com.tr\/en\/wp-json\/wp\/v2\/product_tag?post=14724"}],"curies":[{"name":"wp","href":"https:\/\/api.w.org\/{rel}","templated":true}]}}