{"id":14723,"date":"2024-03-20T18:09:49","date_gmt":"2024-03-20T15:09:49","guid":{"rendered":"https:\/\/edam.com.tr\/urun\/isli-caydanlik-demli-siirler\/"},"modified":"2026-01-02T00:16:36","modified_gmt":"2026-01-01T21:16:36","slug":"isli-caydanlik-demli-siirler","status":"publish","type":"product","link":"https:\/\/edam.com.tr\/en\/product\/isli-caydanlik-demli-siirler\/","title":{"rendered":"\u0130sli \u00c7aydanl\u0131k, Demli \u015eiirler"},"content":{"rendered":"<p>Akademik \u00e7al\u0131\u015fmalar\u0131 ile tan\u0131nan Mustafa Otrar, bu kez bir \u015fiir kitab\u0131 ile okuyucunun kar\u015f\u0131s\u0131nda\u2026<\/p>\n<p><em>\u201c\u00c7aysan<\/em><br \/>\n<em>iyi demlen karde\u015f,<\/em><br \/>\n<em>suysan<\/em><br \/>\n<em>has dem tut.<\/em><br \/>\n<em>Dost isen<\/em><br \/>\n<em>kimlen,<\/em><br \/>\n<em>ku\u0308lu\u0308ne bula\u015f,<\/em><br \/>\n<em>duman\u0131yla tu\u0308t<\/em><br \/>\n<em>o zaman.\u201d<\/em><\/p>\n","protected":false},"excerpt":{"rendered":"<p>Akademik \u00e7al\u0131\u015fmalar\u0131 ile tan\u0131nan Mustafa Otrar, bu kez bir \u015fiir&hellip;<\/p>\n<p> <a class=\"more-link\" href=\"https:\/\/edam.com.tr\/en\/product\/isli-caydanlik-demli-siirler\/\">Read more<\/a><\/p>\n","protected":false},"featured_media":13759,"comment_status":"open","ping_status":"closed","template":"","meta":{"_acf_changed":false},"product_brand":[],"product_cat":[439,440],"product_tag":[702],"class_list":{"0":"post-14723","1":"product","2":"type-product","3":"status-publish","4":"has-post-thumbnail","6":"product_cat-literature","7":"product_cat-poetry","8":"product_tag-siir-en","9":"pa_katki-saglayan-mustafa-otrar-en","10":"pa_yas-gruplari-general-audience","12":"first","13":"instock","14":"taxable","15":"shipping-taxable","16":"purchasable","17":"product-type-simple"},"acf":[],"_links":{"self":[{"href":"https:\/\/edam.com.tr\/en\/wp-json\/wp\/v2\/product\/14723","targetHints":{"allow":["GET"]}}],"collection":[{"href":"https:\/\/edam.com.tr\/en\/wp-json\/wp\/v2\/product"}],"about":[{"href":"https:\/\/edam.com.tr\/en\/wp-json\/wp\/v2\/types\/product"}],"replies":[{"embeddable":true,"href":"https:\/\/edam.com.tr\/en\/wp-json\/wp\/v2\/comments?post=14723"}],"wp:featuredmedia":[{"embeddable":true,"href":"https:\/\/edam.com.tr\/en\/wp-json\/wp\/v2\/media\/13759"}],"wp:attachment":[{"href":"https:\/\/edam.com.tr\/en\/wp-json\/wp\/v2\/media?parent=14723"}],"wp:term":[{"taxonomy":"product_brand","embeddable":true,"href":"https:\/\/edam.com.tr\/en\/wp-json\/wp\/v2\/product_brand?post=14723"},{"taxonomy":"product_cat","embeddable":true,"href":"https:\/\/edam.com.tr\/en\/wp-json\/wp\/v2\/product_cat?post=14723"},{"taxonomy":"product_tag","embeddable":true,"href":"https:\/\/edam.com.tr\/en\/wp-json\/wp\/v2\/product_tag?post=14723"}],"curies":[{"name":"wp","href":"https:\/\/api.w.org\/{rel}","templated":true}]}}