{"id":14720,"date":"2024-03-20T18:09:49","date_gmt":"2024-03-20T15:09:49","guid":{"rendered":"https:\/\/edam.com.tr\/urun\/dingin-soylemler\/"},"modified":"2026-01-02T00:16:36","modified_gmt":"2026-01-01T21:16:36","slug":"dingin-soylemler","status":"publish","type":"product","link":"https:\/\/edam.com.tr\/en\/product\/dingin-soylemler\/","title":{"rendered":"Dingin S\u00f6ylemler"},"content":{"rendered":"<p>Velud bir akademisyen olan Mustafa Otrar\u2019\u0131 farkl\u0131 bir y\u00f6nu\u0308yle tan\u0131mak isteyenlere\u2026<\/p>\n<p><em>&#8220;\u00c7ocuklu\u011fumuzdan aya\u011f\u0131m\u0131z\u0131n kayd\u0131r\u0131l\u0131p i\u00e7ine du\u0308\u015fu\u0308ru\u0308ldu\u0308\u011fu\u0308mu\u0308z du\u0308nyan\u0131n ad\u0131d\u0131r hayat. Hayata at\u0131lmak diyorlar bu yu\u0308zden buna. At\u0131l\u0131yoruz ve bir daha da d\u00f6nemiyoruz. Oysa hepimiz tu\u0308m gu\u0308n oynay\u0131p oynay\u0131p da ak\u015fam ezan\u0131yla evimize d\u00f6nece\u011fimiz bir sokak oyununa gider gibi ayr\u0131l\u0131yoruz \u00e7ocuklu\u011fumuzdan.\u201d<\/em><\/p>\n","protected":false},"excerpt":{"rendered":"<p>Velud bir akademisyen olan Mustafa Otrar\u2019\u0131 farkl\u0131 bir y\u00f6nu\u0308yle tan\u0131mak&hellip;<\/p>\n<p> <a class=\"more-link\" href=\"https:\/\/edam.com.tr\/en\/product\/dingin-soylemler\/\">Read more<\/a><\/p>\n","protected":false},"featured_media":13787,"comment_status":"open","ping_status":"closed","template":"","meta":{"_acf_changed":false},"product_brand":[],"product_cat":[442,439],"product_tag":[702],"class_list":{"0":"post-14720","1":"product","2":"type-product","3":"status-publish","4":"has-post-thumbnail","6":"product_cat-essay","7":"product_cat-literature","8":"product_tag-siir-en","9":"pa_katki-saglayan-mustafa-otrar-en","10":"pa_yas-gruplari-general-audience","12":"first","13":"instock","14":"taxable","15":"shipping-taxable","16":"purchasable","17":"product-type-simple"},"acf":[],"_links":{"self":[{"href":"https:\/\/edam.com.tr\/en\/wp-json\/wp\/v2\/product\/14720","targetHints":{"allow":["GET"]}}],"collection":[{"href":"https:\/\/edam.com.tr\/en\/wp-json\/wp\/v2\/product"}],"about":[{"href":"https:\/\/edam.com.tr\/en\/wp-json\/wp\/v2\/types\/product"}],"replies":[{"embeddable":true,"href":"https:\/\/edam.com.tr\/en\/wp-json\/wp\/v2\/comments?post=14720"}],"wp:featuredmedia":[{"embeddable":true,"href":"https:\/\/edam.com.tr\/en\/wp-json\/wp\/v2\/media\/13787"}],"wp:attachment":[{"href":"https:\/\/edam.com.tr\/en\/wp-json\/wp\/v2\/media?parent=14720"}],"wp:term":[{"taxonomy":"product_brand","embeddable":true,"href":"https:\/\/edam.com.tr\/en\/wp-json\/wp\/v2\/product_brand?post=14720"},{"taxonomy":"product_cat","embeddable":true,"href":"https:\/\/edam.com.tr\/en\/wp-json\/wp\/v2\/product_cat?post=14720"},{"taxonomy":"product_tag","embeddable":true,"href":"https:\/\/edam.com.tr\/en\/wp-json\/wp\/v2\/product_tag?post=14720"}],"curies":[{"name":"wp","href":"https:\/\/api.w.org\/{rel}","templated":true}]}}