{"id":14716,"date":"2024-03-20T18:10:55","date_gmt":"2024-03-20T15:10:55","guid":{"rendered":"https:\/\/edam.com.tr\/urun\/her-yas-icin-boyama-kuslar\/"},"modified":"2026-01-02T00:16:36","modified_gmt":"2026-01-01T21:16:36","slug":"her-yas-icin-boyama-kuslar","status":"publish","type":"product","link":"https:\/\/edam.com.tr\/en\/product\/her-yas-icin-boyama-kuslar\/","title":{"rendered":"Her Ya\u015f \u0130\u00e7in Boyama &#8211; Ku\u015flar"},"content":{"rendered":"<p>\u0130ster bir ku\u015f g\u00f6zlemcisi, ister bir sanat\u00e7\u0131, ister her ikisi birden olun, bu keyifli boyama kitab\u0131 eminiz ki sizi \u00e7ok mutlu edecek. Kitapta klasik ku\u015f bilim \u00e7izimlerinden olu\u015fan 40 resim yer al\u0131yor. Bu resimlerin hemen yan\u0131nda ise ayn\u0131 resimlerin boyanmaya haz\u0131r \u00e7izimleri var. Kitapta \u00e7e\u015fitli \u00f6t\u00fcc\u00fc ku\u015flardan tutun da muhte\u015fem avc\u0131 ku\u015flara, harika bal\u0131k\u00e7\u0131llardan g\u00f6steri\u015fli pelikanlara kadar pek \u00e7ok ku\u015fun resmi bulunuyor. Ku\u015flar\u0131n zarif ve parlak t\u00fcyleri boyama tekniklerini geli\u015ftirmeniz a\u00e7\u0131s\u0131ndan ideal bir alan&#8230; Bu kitap size saatler s\u00fcrecek keyifli vakitler vadediyor.<\/p>\n","protected":false},"excerpt":{"rendered":"<p>\u0130ster bir ku\u015f g\u00f6zlemcisi, ister bir sanat\u00e7\u0131, ister her ikisi&hellip;<\/p>\n<p> <a class=\"more-link\" href=\"https:\/\/edam.com.tr\/en\/product\/her-yas-icin-boyama-kuslar\/\">Read more<\/a><\/p>\n","protected":false},"featured_media":14021,"comment_status":"open","ping_status":"closed","template":"","meta":{"_acf_changed":false},"product_brand":[],"product_cat":[432,431,430],"product_tag":[701],"class_list":{"0":"post-14716","1":"product","2":"type-product","3":"status-publish","4":"has-post-thumbnail","6":"product_cat-coloring-for-adults","7":"product_cat-hobby","8":"product_cat-nonfiction","9":"product_tag-her-yas-icin-boyama-en","10":"pa_katki-saglayan-hatice-isilak-durmus-en","11":"pa_katki-saglayan-muhammed-suheyl-genc-en","12":"pa_katki-saglayan-zeynep-alp-en","13":"pa_yas-gruplari-general-audience","15":"first","16":"instock","17":"taxable","18":"shipping-taxable","19":"purchasable","20":"product-type-simple"},"acf":[],"_links":{"self":[{"href":"https:\/\/edam.com.tr\/en\/wp-json\/wp\/v2\/product\/14716","targetHints":{"allow":["GET"]}}],"collection":[{"href":"https:\/\/edam.com.tr\/en\/wp-json\/wp\/v2\/product"}],"about":[{"href":"https:\/\/edam.com.tr\/en\/wp-json\/wp\/v2\/types\/product"}],"replies":[{"embeddable":true,"href":"https:\/\/edam.com.tr\/en\/wp-json\/wp\/v2\/comments?post=14716"}],"wp:featuredmedia":[{"embeddable":true,"href":"https:\/\/edam.com.tr\/en\/wp-json\/wp\/v2\/media\/14021"}],"wp:attachment":[{"href":"https:\/\/edam.com.tr\/en\/wp-json\/wp\/v2\/media?parent=14716"}],"wp:term":[{"taxonomy":"product_brand","embeddable":true,"href":"https:\/\/edam.com.tr\/en\/wp-json\/wp\/v2\/product_brand?post=14716"},{"taxonomy":"product_cat","embeddable":true,"href":"https:\/\/edam.com.tr\/en\/wp-json\/wp\/v2\/product_cat?post=14716"},{"taxonomy":"product_tag","embeddable":true,"href":"https:\/\/edam.com.tr\/en\/wp-json\/wp\/v2\/product_tag?post=14716"}],"curies":[{"name":"wp","href":"https:\/\/api.w.org\/{rel}","templated":true}]}}