{"id":14713,"date":"2024-03-20T18:10:56","date_gmt":"2024-03-20T15:10:56","guid":{"rendered":"https:\/\/edam.com.tr\/urun\/her-yas-icin-boyama-baliklar\/"},"modified":"2026-01-02T00:16:36","modified_gmt":"2026-01-01T21:16:36","slug":"her-yas-icin-boyama-baliklar","status":"publish","type":"product","link":"https:\/\/edam.com.tr\/en\/product\/her-yas-icin-boyama-baliklar\/","title":{"rendered":"Her Ya\u015f \u0130\u00e7in Boyama &#8211; Bal\u0131klar"},"content":{"rendered":"<p>U\u00e7an bal\u0131ktan yay\u0131n bal\u0131\u011f\u0131na, k\u00f6pekbal\u0131\u011f\u0131ndan y\u0131lanbal\u0131\u011f\u0131na, denizlerdeki bal\u0131klar\u0131n \u00e7e\u015fitlili\u011fi ak\u0131l almaz d\u00fczeydedir. Bu kitapta bo\u015f zamanlar\u0131n\u0131zda incelemek ve boyamak i\u00e7in d\u00fcnyan\u0131n farkl\u0131 yerlerinden \u00e7ok say\u0131da bal\u0131k bulacaks\u0131n\u0131z. Klasik detayl\u0131 tarih\u00ee do\u011fa \u00e7izimlerinin kar\u015f\u0131s\u0131nda tam sayfa bir boyama modeli yer al\u0131yor. Ayr\u0131ca giri\u015fte yer alan listeyi kullanarak bal\u0131klar\u0131 kolayca tespit edebilirsiniz. Bu rahatlat\u0131c\u0131 hobi kitab\u0131 bal\u0131klar\u0131 seven ve boyama becerilerini geli\u015ftirmek isteyen herkes i\u00e7in saatlerce s\u00fcrecek bir e\u011flence vadediyor.<\/p>\n","protected":false},"excerpt":{"rendered":"<p>U\u00e7an bal\u0131ktan yay\u0131n bal\u0131\u011f\u0131na, k\u00f6pekbal\u0131\u011f\u0131ndan y\u0131lanbal\u0131\u011f\u0131na, denizlerdeki bal\u0131klar\u0131n \u00e7e\u015fitlili\u011fi ak\u0131l&hellip;<\/p>\n<p> <a class=\"more-link\" href=\"https:\/\/edam.com.tr\/en\/product\/her-yas-icin-boyama-baliklar\/\">Read more<\/a><\/p>\n","protected":false},"featured_media":14029,"comment_status":"open","ping_status":"closed","template":"","meta":{"_acf_changed":false},"product_brand":[],"product_cat":[432,431,430],"product_tag":[701],"class_list":{"0":"post-14713","1":"product","2":"type-product","3":"status-publish","4":"has-post-thumbnail","6":"product_cat-coloring-for-adults","7":"product_cat-hobby","8":"product_cat-nonfiction","9":"product_tag-her-yas-icin-boyama-en","10":"pa_katki-saglayan-hatice-isilak-durmus-en","11":"pa_katki-saglayan-mehmet-burhan-genc-en","12":"pa_katki-saglayan-zeynep-alp-en","13":"pa_yas-gruplari-general-audience","15":"first","16":"outofstock","17":"taxable","18":"shipping-taxable","19":"purchasable","20":"product-type-simple"},"acf":[],"_links":{"self":[{"href":"https:\/\/edam.com.tr\/en\/wp-json\/wp\/v2\/product\/14713","targetHints":{"allow":["GET"]}}],"collection":[{"href":"https:\/\/edam.com.tr\/en\/wp-json\/wp\/v2\/product"}],"about":[{"href":"https:\/\/edam.com.tr\/en\/wp-json\/wp\/v2\/types\/product"}],"replies":[{"embeddable":true,"href":"https:\/\/edam.com.tr\/en\/wp-json\/wp\/v2\/comments?post=14713"}],"wp:featuredmedia":[{"embeddable":true,"href":"https:\/\/edam.com.tr\/en\/wp-json\/wp\/v2\/media\/14029"}],"wp:attachment":[{"href":"https:\/\/edam.com.tr\/en\/wp-json\/wp\/v2\/media?parent=14713"}],"wp:term":[{"taxonomy":"product_brand","embeddable":true,"href":"https:\/\/edam.com.tr\/en\/wp-json\/wp\/v2\/product_brand?post=14713"},{"taxonomy":"product_cat","embeddable":true,"href":"https:\/\/edam.com.tr\/en\/wp-json\/wp\/v2\/product_cat?post=14713"},{"taxonomy":"product_tag","embeddable":true,"href":"https:\/\/edam.com.tr\/en\/wp-json\/wp\/v2\/product_tag?post=14713"}],"curies":[{"name":"wp","href":"https:\/\/api.w.org\/{rel}","templated":true}]}}